{"id":86,"date":"2022-08-19T01:26:27","date_gmt":"2022-08-18T23:26:27","guid":{"rendered":"https:\/\/weather-radar24.com\/?page_id=86"},"modified":"2026-04-11T13:16:43","modified_gmt":"2026-04-11T11:16:43","slug":"hurricane-tracker","status":"publish","type":"page","link":"https:\/\/weather-radar24.com\/pt\/rastreador-de-furacoes\/","title":{"rendered":"Rastreador de Furac\u00f5es"},"content":{"rendered":"<h1>Mapa ao vivo do rastreador de furac\u00f5es<\/h1>\n<p>Voc\u00ea j\u00e1 se perguntou onde est\u00e3o os \u00faltimos furac\u00f5es, qu\u00e3o grandes ou fortes eles podem ser e a dire\u00e7\u00e3o em que est\u00e3o se movendo? Se isso \u00e9 algo que voc\u00ea est\u00e1 considerando, nossa ferramenta gratuita exclusiva de rastreador de furac\u00f5es pode ser a op\u00e7\u00e3o que voc\u00ea precisa. Ele fornece uma solu\u00e7\u00e3o simples para acompanhar os maiores e mais perigosos <a href=\"https:\/\/weather-radar24.com\/pt\/radar-de-tempestade\/\">tempestades atuais<\/a> e furac\u00f5es!<\/p>\n<div id=\"windy-hurricane-box\" style=\"max-width:1000px;margin:20px auto;padding:24px;border:1px solid #dcdcdc;border-radius:12px;background:#eff6ff;text-align:center;font-family:Arial,sans-serif;\">\n<h3 style=\"margin:0 0 10px 0;font-size:26px;color:#1e3a8a;\">\n    \ud83c\udf00 Hurricane Tracker Live Map<br \/>\n  <\/h3>\n<p style=\"margin:0 0 18px 0;font-size:16px;line-height:1.5;color:#4b5563;\">\n    Track hurricanes and tropical storms in real-time using live wind data.\n  <\/p>\n<p>  <button onclick=\"loadWindyHurricane()\" style=\"background:#1d4ed8;color:#ffffff;border:none;padding:14px 26px;font-size:16px;font-weight:700;border-radius:8px;cursor:pointer;\"><br \/>\n    Load Hurricane Tracker<br \/>\n  <\/button><\/p>\n<p style=\"margin:14px 0 0 0;font-size:13px;color:#6b7280;\">\n    Move the map to track storms. Data provided by Windy.com.\n  <\/p>\n<\/div>\n<p><script>\nfunction loadWindyHurricane() {\n  document.getElementById('windy-hurricane-box').innerHTML =\n    '<iframe loading=\"lazy\" src=\"https:\/\/embed.windy.com\/embed2.html?lat=36.161&#038;lon=-98.080&#038;detailLat=36.161&#038;detailLon=-98.080&#038;width=650&#038;height=450&#038;zoom=4&#038;level=surface&#038;overlay=wind&#038;product=ecmwf&#038;menu=&#038;message=true&#038;marker=&#038;calendar=24&#038;pressure=&#038;type=map&#038;location=coordinates&#038;detail=&#038;metricWind=mph&#038;metricTemp=%C2%B0F&#038;radarRange=-1\" width=\"100%\" height=\"600\" frameborder=\"0\" style=\"border:0;border-radius:12px;\"><\/iframe>';\n}\n<\/script><\/p>\n<h3>Risco de Ciclones Tropicais do Atl\u00e2ntico<\/h3>\n<p><img loading=\"lazy\" decoding=\"async\" class=\"aligncenter\" src=\"https:\/\/www.nhc.noaa.gov\/xgtwo\/two_atl_0d0.png?021757\" alt=\"\" width=\"900\" height=\"601\" \/><\/p>\n<h3>Risco de Ciclones Tropicais do Pac\u00edfico Oriental<\/h3>\n<p><img loading=\"lazy\" decoding=\"async\" class=\"aligncenter\" src=\"https:\/\/www.nhc.noaa.gov\/xgtwo\/two_pac_0d0.png?021743\" alt=\"\" width=\"900\" height=\"601\" \/><\/p>\n<h3>Risco de tempestade tropical no Oceano \u00cdndico<\/h3>\n<p><img loading=\"lazy\" decoding=\"async\" class=\"alignnone\" src=\"https:\/\/www.metoc.navy.mil\/jtwc\/products\/abpwsair.jpg\" alt=\"Panorama do clima tropical do Oceano \u00cdndico do JTWC\" width=\"2100\" height=\"1500\" \/><\/p>\n<h2 class=\"p4\">O que \u00e9 um furac\u00e3o?<span class=\"Apple-converted-space\">\u00a0<\/span><\/h2>\n<p class=\"p5\">Um furac\u00e3o, na sua forma mais simples, \u00e9 um sistema de tempestade que gira rapidamente em torno de um ponto central, muitas vezes chamado de \u201colho da tempestade\u201d. Durante um furac\u00e3o, intenso <a href=\"https:\/\/weather-radar24.com\/pt\/radar-de-vento\/\">vento<\/a> as velocidades s\u00e3o muitas vezes acompanhadas por m\u00e1 circula\u00e7\u00e3o atmosf\u00e9rica e trovoadas.<span class=\"Apple-converted-space\">\u00a0<\/span><\/p>\n<h2 class=\"p6\">Os piores 21<span class=\"s2\"><sup>rua<\/sup><\/span> Furac\u00f5es Globais do S\u00e9culo<\/h2>\n<p class=\"p5\">Os furac\u00f5es variam em gravidade. No entanto, alguns dos piores e mais poderosos 21<span class=\"s3\"><sup>rua<\/sup><\/span> furac\u00f5es do s\u00e9culo para sempre agraciar o mundo incluem o furac\u00e3o Lili em 1996, o furac\u00e3o Karl em 2004, o furac\u00e3o Nicola em 2016, o furac\u00e3o Olga em 2001, o furac\u00e3o Katrina em 2005, o furac\u00e3o Florence em 2018 e <a href=\"https:\/\/edition.cnn.com\/specials\/hurricane-irma\" target=\"_blank\" rel=\"noopener\">Furac\u00e3o Irma<\/a> em 2016.<span class=\"Apple-converted-space\">\u00a0<\/span><\/p>\n<p class=\"p3\">Cada um deles deixou uma grande devasta\u00e7\u00e3o em seu rastro. Como tal, muitas pessoas agora contam com ferramentas gratuitas de rastreador de furac\u00f5es para planejar seus pr\u00f3ximos passos (e sair da \u00e1rea se um furac\u00e3o ruim estiver a caminho).<\/p>\n<h3 class=\"p4\">Usando nossa ferramenta gratuita Hurricane Tracker<\/h3>\n<p class=\"p5\">Se voc\u00ea quiser tentar usar nossa ferramenta de mapa ao vivo gratuita do rastreador de furac\u00f5es, basta arrastar o mapa para onde deseja focar. Isso permitir\u00e1 que voc\u00ea veja as velocidades e dire\u00e7\u00f5es do vento para qualquer regi\u00e3o. Alternativamente, use o controle deslizante na base do mapa para ver uma previs\u00e3o futura do mapa de furac\u00f5es, permitindo que voc\u00ea planeje com anteced\u00eancia qualquer clima adverso em seu caminho!<\/p>\n<p>Verificar <a href=\"https:\/\/weather-radar24.com\/pt\/\">aqui<\/a> para o clima atual.<\/p>","protected":false},"excerpt":{"rendered":"<p>Hurricane Tracker Live Map Have you ever wondered where the latest hurricanes are, how large or strong they might be, and the direction in which they\u2019re moving? If this is something you have been considering, our unique hurricane tracker free tool might be just the option you need. It provides a simple solution to keep&hellip;&nbsp;<a href=\"https:\/\/weather-radar24.com\/pt\/rastreador-de-furacoes\/\" rel=\"bookmark\">Read More &raquo;<span class=\"screen-reader-text\">Rastreador de Furac\u00f5es<\/span><\/a><\/p>","protected":false},"author":1,"featured_media":130,"parent":0,"menu_order":0,"comment_status":"closed","ping_status":"closed","template":"","meta":{"neve_meta_sidebar":"","neve_meta_container":"","neve_meta_enable_content_width":"off","neve_meta_content_width":100,"neve_meta_title_alignment":"","neve_meta_author_avatar":"","neve_post_elements_order":"","neve_meta_disable_header":"","neve_meta_disable_footer":"","neve_meta_disable_title":"on","neve_meta_reading_time":"","footnotes":""},"class_list":["post-86","page","type-page","status-publish","has-post-thumbnail","hentry"],"yoast_head":"<!-- This site is optimized with the Yoast SEO plugin v27.3 - https:\/\/yoast.com\/product\/yoast-seo-wordpress\/ -->\n<title>Hurricane Tracker - Tornado - Typhoon, Live Map<\/title>\n<meta name=\"description\" content=\"Hurricane Tracker \u2713 Includes tracking map, live radar- Track the current wind force, wind speed and wind forecast for the next few days.\" \/>\n<meta name=\"robots\" content=\"index, follow, max-snippet:-1, max-image-preview:large, max-video-preview:-1\" \/>\n<link rel=\"canonical\" href=\"https:\/\/weather-radar24.com\/pt\/rastreador-de-furacoes\/\" \/>\n<meta property=\"og:locale\" content=\"pt_BR\" \/>\n<meta property=\"og:type\" content=\"article\" \/>\n<meta property=\"og:title\" content=\"Hurricane Tracker - Tornado - Typhoon, Live Map\" \/>\n<meta property=\"og:description\" content=\"Hurricane Tracker \u2713 Includes tracking map, live radar- Track the current wind force, wind speed and wind forecast for the next few days.\" \/>\n<meta property=\"og:url\" content=\"https:\/\/weather-radar24.com\/pt\/rastreador-de-furacoes\/\" \/>\n<meta property=\"article:modified_time\" content=\"2026-04-11T11:16:43+00:00\" \/>\n<meta property=\"og:image\" content=\"https:\/\/weather-radar24.com\/wp-content\/uploads\/2022\/08\/Bildschirmfoto-2022-08-18-um-13.15.21-1.png\" \/>\n\t<meta property=\"og:image:width\" content=\"363\" \/>\n\t<meta property=\"og:image:height\" content=\"277\" \/>\n\t<meta property=\"og:image:type\" content=\"image\/png\" \/>\n<meta name=\"twitter:card\" content=\"summary_large_image\" \/>\n<meta name=\"twitter:label1\" content=\"Est. tempo de leitura\" \/>\n\t<meta name=\"twitter:data1\" content=\"3 minutos\" \/>\n<script type=\"application\/ld+json\" class=\"yoast-schema-graph\">{\"@context\":\"https:\\\/\\\/schema.org\",\"@graph\":[{\"@type\":\"WebPage\",\"@id\":\"https:\\\/\\\/weather-radar24.com\\\/hurricane-tracker\\\/\",\"url\":\"https:\\\/\\\/weather-radar24.com\\\/hurricane-tracker\\\/\",\"name\":\"Hurricane Tracker - Tornado - Typhoon, Live Map\",\"isPartOf\":{\"@id\":\"https:\\\/\\\/weather-radar24.com\\\/#website\"},\"primaryImageOfPage\":{\"@id\":\"https:\\\/\\\/weather-radar24.com\\\/hurricane-tracker\\\/#primaryimage\"},\"image\":{\"@id\":\"https:\\\/\\\/weather-radar24.com\\\/hurricane-tracker\\\/#primaryimage\"},\"thumbnailUrl\":\"https:\\\/\\\/weather-radar24.com\\\/wp-content\\\/uploads\\\/2022\\\/08\\\/Bildschirmfoto-2022-08-18-um-13.15.21-1.png\",\"datePublished\":\"2022-08-18T23:26:27+00:00\",\"dateModified\":\"2026-04-11T11:16:43+00:00\",\"description\":\"Hurricane Tracker \u2713 Includes tracking map, live radar- Track the current wind force, wind speed and wind forecast for the next few days.\",\"breadcrumb\":{\"@id\":\"https:\\\/\\\/weather-radar24.com\\\/hurricane-tracker\\\/#breadcrumb\"},\"inLanguage\":\"pt-BR\",\"potentialAction\":[{\"@type\":\"ReadAction\",\"target\":[\"https:\\\/\\\/weather-radar24.com\\\/hurricane-tracker\\\/\"]}]},{\"@type\":\"ImageObject\",\"inLanguage\":\"pt-BR\",\"@id\":\"https:\\\/\\\/weather-radar24.com\\\/hurricane-tracker\\\/#primaryimage\",\"url\":\"https:\\\/\\\/weather-radar24.com\\\/wp-content\\\/uploads\\\/2022\\\/08\\\/Bildschirmfoto-2022-08-18-um-13.15.21-1.png\",\"contentUrl\":\"https:\\\/\\\/weather-radar24.com\\\/wp-content\\\/uploads\\\/2022\\\/08\\\/Bildschirmfoto-2022-08-18-um-13.15.21-1.png\",\"width\":363,\"height\":277,\"caption\":\"Hurrikan-Tracker\"},{\"@type\":\"BreadcrumbList\",\"@id\":\"https:\\\/\\\/weather-radar24.com\\\/hurricane-tracker\\\/#breadcrumb\",\"itemListElement\":[{\"@type\":\"ListItem\",\"position\":1,\"name\":\"Startseite\",\"item\":\"https:\\\/\\\/weather-radar24.com\\\/\"},{\"@type\":\"ListItem\",\"position\":2,\"name\":\"Hurricane Tracker\"}]},{\"@type\":\"WebSite\",\"@id\":\"https:\\\/\\\/weather-radar24.com\\\/#website\",\"url\":\"https:\\\/\\\/weather-radar24.com\\\/\",\"name\":\"\",\"description\":\"\",\"potentialAction\":[{\"@type\":\"SearchAction\",\"target\":{\"@type\":\"EntryPoint\",\"urlTemplate\":\"https:\\\/\\\/weather-radar24.com\\\/?s={search_term_string}\"},\"query-input\":{\"@type\":\"PropertyValueSpecification\",\"valueRequired\":true,\"valueName\":\"search_term_string\"}}],\"inLanguage\":\"pt-BR\"}]}<\/script>\n<!-- \/ Yoast SEO plugin. -->","yoast_head_json":{"title":"Rastreador de Furac\u00f5es - Tornado - Tuf\u00e3o, Mapa ao Vivo","description":"Hurricane Tracker \u2713 Inclui mapa de rastreamento, radar ao vivo - Acompanhe a for\u00e7a do vento atual, velocidade do vento e previs\u00e3o do vento para os pr\u00f3ximos dias.","robots":{"index":"index","follow":"follow","max-snippet":"max-snippet:-1","max-image-preview":"max-image-preview:large","max-video-preview":"max-video-preview:-1"},"canonical":"https:\/\/weather-radar24.com\/pt\/rastreador-de-furacoes\/","og_locale":"pt_BR","og_type":"article","og_title":"Hurricane Tracker - Tornado - Typhoon, Live Map","og_description":"Hurricane Tracker \u2713 Includes tracking map, live radar- Track the current wind force, wind speed and wind forecast for the next few days.","og_url":"https:\/\/weather-radar24.com\/pt\/rastreador-de-furacoes\/","article_modified_time":"2026-04-11T11:16:43+00:00","og_image":[{"width":363,"height":277,"url":"https:\/\/weather-radar24.com\/wp-content\/uploads\/2022\/08\/Bildschirmfoto-2022-08-18-um-13.15.21-1.png","type":"image\/png"}],"twitter_card":"summary_large_image","twitter_misc":{"Est. tempo de leitura":"3 minutos"},"schema":{"@context":"https:\/\/schema.org","@graph":[{"@type":"WebPage","@id":"https:\/\/weather-radar24.com\/hurricane-tracker\/","url":"https:\/\/weather-radar24.com\/hurricane-tracker\/","name":"Rastreador de Furac\u00f5es - Tornado - Tuf\u00e3o, Mapa ao Vivo","isPartOf":{"@id":"https:\/\/weather-radar24.com\/#website"},"primaryImageOfPage":{"@id":"https:\/\/weather-radar24.com\/hurricane-tracker\/#primaryimage"},"image":{"@id":"https:\/\/weather-radar24.com\/hurricane-tracker\/#primaryimage"},"thumbnailUrl":"https:\/\/weather-radar24.com\/wp-content\/uploads\/2022\/08\/Bildschirmfoto-2022-08-18-um-13.15.21-1.png","datePublished":"2022-08-18T23:26:27+00:00","dateModified":"2026-04-11T11:16:43+00:00","description":"Hurricane Tracker \u2713 Inclui mapa de rastreamento, radar ao vivo - Acompanhe a for\u00e7a do vento atual, velocidade do vento e previs\u00e3o do vento para os pr\u00f3ximos dias.","breadcrumb":{"@id":"https:\/\/weather-radar24.com\/hurricane-tracker\/#breadcrumb"},"inLanguage":"pt-BR","potentialAction":[{"@type":"ReadAction","target":["https:\/\/weather-radar24.com\/hurricane-tracker\/"]}]},{"@type":"ImageObject","inLanguage":"pt-BR","@id":"https:\/\/weather-radar24.com\/hurricane-tracker\/#primaryimage","url":"https:\/\/weather-radar24.com\/wp-content\/uploads\/2022\/08\/Bildschirmfoto-2022-08-18-um-13.15.21-1.png","contentUrl":"https:\/\/weather-radar24.com\/wp-content\/uploads\/2022\/08\/Bildschirmfoto-2022-08-18-um-13.15.21-1.png","width":363,"height":277,"caption":"Hurrikan-Tracker"},{"@type":"BreadcrumbList","@id":"https:\/\/weather-radar24.com\/hurricane-tracker\/#breadcrumb","itemListElement":[{"@type":"ListItem","position":1,"name":"Startseite","item":"https:\/\/weather-radar24.com\/"},{"@type":"ListItem","position":2,"name":"Hurricane Tracker"}]},{"@type":"WebSite","@id":"https:\/\/weather-radar24.com\/#website","url":"https:\/\/weather-radar24.com\/","name":"","description":"","potentialAction":[{"@type":"SearchAction","target":{"@type":"EntryPoint","urlTemplate":"https:\/\/weather-radar24.com\/?s={search_term_string}"},"query-input":{"@type":"PropertyValueSpecification","valueRequired":true,"valueName":"search_term_string"}}],"inLanguage":"pt-BR"}]}},"_links":{"self":[{"href":"https:\/\/weather-radar24.com\/pt\/wp-json\/wp\/v2\/pages\/86","targetHints":{"allow":["GET"]}}],"collection":[{"href":"https:\/\/weather-radar24.com\/pt\/wp-json\/wp\/v2\/pages"}],"about":[{"href":"https:\/\/weather-radar24.com\/pt\/wp-json\/wp\/v2\/types\/page"}],"author":[{"embeddable":true,"href":"https:\/\/weather-radar24.com\/pt\/wp-json\/wp\/v2\/users\/1"}],"replies":[{"embeddable":true,"href":"https:\/\/weather-radar24.com\/pt\/wp-json\/wp\/v2\/comments?post=86"}],"version-history":[{"count":10,"href":"https:\/\/weather-radar24.com\/pt\/wp-json\/wp\/v2\/pages\/86\/revisions"}],"predecessor-version":[{"id":131,"href":"https:\/\/weather-radar24.com\/pt\/wp-json\/wp\/v2\/pages\/86\/revisions\/131"}],"wp:featuredmedia":[{"embeddable":true,"href":"https:\/\/weather-radar24.com\/pt\/wp-json\/wp\/v2\/media\/130"}],"wp:attachment":[{"href":"https:\/\/weather-radar24.com\/pt\/wp-json\/wp\/v2\/media?parent=86"}],"curies":[{"name":"wp","href":"https:\/\/api.w.org\/{rel}","templated":true}]}}