{"id":40,"date":"2022-08-17T21:13:54","date_gmt":"2022-08-17T19:13:54","guid":{"rendered":"https:\/\/weather-radar24.com\/?page_id=40"},"modified":"2024-05-03T22:29:26","modified_gmt":"2024-05-03T20:29:26","slug":"weather-radar","status":"publish","type":"page","link":"https:\/\/weather-radar24.com\/tr\/","title":{"rendered":"Hava radar\u0131"},"content":{"rendered":"<h1>Canl\u0131 hava durumu radar\u0131 \u2013 Mevcut Hava Ko\u015fullar\u0131<\/h1>\n<p>\u0130ster i\u015fte, ister okulda veya al\u0131\u015fveri\u015fte olun, hava durumu hepimizi ilgilendiren bir konu\u015fma konusudur. Ama havan\u0131n nas\u0131l olaca\u011f\u0131n\u0131 ger\u00e7ekten nas\u0131l bilebilirsin? Olduk\u00e7a basit: bir hava durumu radar\u0131n\u0131n yard\u0131m\u0131yla! Peki bu radar tam olarak nedir ve nas\u0131l \u00e7al\u0131\u015f\u0131r?<br \/>\n<iframe loading=\"lazy\" src=\"https:\/\/embed.windy.com\/embed2.html?lat=39.606&amp;lon=-97.031&amp;detailLat=49.142&amp;detailLon=9.223&amp;width=1300&amp;height=600&amp;zoom=5&amp;level=surface&amp;overlay=radar&amp;product=radar&amp;menu=&amp;message=truemarker=&amp;calendar=now&amp;pressure=&amp;type=map&amp;location=coordinates&amp;detail=&amp;metricWind=default&amp;metricTemp=default&amp;radarRange=-1\" width=\"100%\" height=\"600\" frameborder=\"0\" data-dashlane-frameid=\"1550\"><span data-mce-type=\"bookmark\" style=\"display: inline-block; width: 0px; overflow: hidden; line-height: 0;\" class=\"mce_SELRES_start\"><\/span><\/iframe><\/p>\n<h2 class=\"p1\">Canl\u0131 hava durumu radar\u0131 nedir?<\/h2>\n<p class=\"p1\">Hava durumu radarlar\u0131, meteorologlar\u0131n ya\u011f\u0131\u015f hareketini izlemek i\u00e7in kulland\u0131klar\u0131 \u00f6nemli bir ara\u00e7t\u0131r. Meteorologlar radarlar\u0131 kullanarak mevcut ya\u011fmur modellerini belirleyebilir ve gelece\u011fi tahmin etmek i\u00e7in \u00f6nceki modelleri mevcut ko\u015fullarla kar\u015f\u0131la\u015ft\u0131rabilir.<\/p>\n<p class=\"p1\">Radar \u00fcniteleri elektromanyetik dalgalar yayarak ve yank\u0131lar\u0131n\u0131 ya\u011f\u0131\u015f bulutlar\u0131ndan alarak \u00e7al\u0131\u015f\u0131r. Radar sistemi daha sonra yank\u0131n\u0131n geri d\u00f6nmesi i\u00e7in ge\u00e7en s\u00fcreye ba\u011fl\u0131 olarak ya\u011f\u0131\u015f\u0131n mesafesini ve g\u00fcc\u00fcn\u00fc hesaplar.<\/p>\n<p class=\"p1\">Hava durumu radarlar\u0131, meteorologlar i\u00e7in vazge\u00e7ilmez bir ara\u00e7t\u0131r \u00e7\u00fcnk\u00fc hava durumunu do\u011fru bir \u015fekilde tahmin etmelerini sa\u011flar. Meteoroloji radarlar\u0131 meteorologlar i\u00e7in vazge\u00e7ilmez bir ara\u00e7t\u0131r \u00e7\u00fcnk\u00fc hava durumu hakk\u0131nda do\u011fru tahminler yapmalar\u0131n\u0131 sa\u011flar. Meteorologlar radar kullanarak gelece\u011fi tahmin etmek i\u00e7in ya\u011f\u0131\u015f yolunu do\u011fru bir \u015fekilde izleyebilirler.<\/p>\n<h2 class=\"p1\">Hava durumu radar\u0131 canl\u0131 nas\u0131l \u00e7al\u0131\u015f\u0131r?<\/h2>\n<p class=\"p1\">Hava durumu radar\u0131n\u0131 bir sonraki a\u00e7\u0131\u015f\u0131n\u0131zda, nas\u0131l \u00e7al\u0131\u015ft\u0131\u011f\u0131n\u0131 merak edebilirsiniz. Radar\u0131n arkas\u0131ndaki teknoloji olduk\u00e7a karma\u015f\u0131kt\u0131r, ancak baz\u0131 temel bilgileri a\u00e7\u0131klayabiliriz. Radar, ya\u011fmur veya kar\u0131 yans\u0131tan bir mikrodalga \u0131\u015f\u0131n\u0131 g\u00f6nderir. Radar, mevcut hava durumunun bir g\u00f6r\u00fcnt\u00fcs\u00fcn\u00fc olu\u015fturmak i\u00e7in bu yans\u0131malar\u0131 al\u0131r ve i\u015fler.<span class=\"Apple-converted-space\">\u00a0 <\/span>Radar g\u00f6r\u00fcnt\u00fcs\u00fcn\u00fcn yo\u011funlu\u011fu ya\u011f\u0131\u015f miktar\u0131na ba\u011fl\u0131d\u0131r - ya\u011f\u0131\u015f ne kadar fazlaysa g\u00f6r\u00fcnt\u00fc o kadar g\u00fc\u00e7l\u00fcd\u00fcr. Ve ya\u011f\u0131\u015f ne kadar yak\u0131nsa, g\u00f6r\u00fcnt\u00fc \u00fczerinde o kadar h\u0131zl\u0131 hareket eder.<\/p>\n<p class=\"p1\">Ancak hava durumu radar\u0131 m\u00fckemmel de\u011fil. \u00d6rne\u011fin, \u00f6zellikle uzaktaysa hafif ya\u011f\u0131\u015f\u0131 tespit etmek zor olabilir. A\u011fa\u00e7lar ve da\u011flar da radar\u0131n yanl\u0131\u015f g\u00f6r\u00fcnt\u00fc vermesine neden olabilir. Bu s\u0131n\u0131rlamalara ra\u011fmen, meteorologlar i\u00e7in ya\u011fmur ve kar f\u0131rt\u0131nalar\u0131n\u0131n hareketini tahmin etmek i\u00e7in meteoroloji radar\u0131 vazge\u00e7ilmez bir ara\u00e7t\u0131r.<\/p>\n<p>Should you require further real-time data from diverse radar categories such as aviation, maritime, weather, and beyond, you can access it at <a href=\"https:\/\/live-radar.org\/\" target=\"_blank\" rel=\"noopener noreferrer\">https:\/\/live-radar.org\/<\/a>.<\/p>\n<h3 class=\"p1\">Faydalar\u0131 nelerdir?<\/h3>\n<p class=\"p1\">Hava bazen \u00f6ng\u00f6r\u00fclemez olabilir ve beraberinde donma getirir. <a href=\"https:\/\/weather-radar24.com\/tr\/ruzgar-radari\/\">r\u00fczg\u00e2r<\/a> parmaklar\u0131n\u0131z\u0131 yakabilir. Ya da o kadar s\u0131cak olabilir ki \u00e7\u00f6lde oldu\u011funuzu sanabilirsiniz. G\u00fcn i\u00e7in plan\u0131n\u0131z\u0131 tamamlamadan \u00f6nce, g\u00fcn i\u00e7in do\u011fru k\u0131yafetleri giydi\u011finizden emin olmak i\u00e7in hava durumuna bakmak en iyisidir. Ancak, bu zaman al\u0131c\u0131 olabilir ve ihtiyac\u0131n\u0131z olan bilgiyi bulmak i\u00e7in birden fazla sitede arama yapman\u0131z gerekebilir. Hava durumu radar\u0131, mevcut hava durumunu ve ilerideki saatleri veya g\u00fcnleri h\u0131zl\u0131 ve kolay bir \u015fekilde kontrol etmenin harika bir yoludur:<\/p>\n<p class=\"p1\">Hava durumu radarlar\u0131, \u00e7ok \u00e7e\u015fitli hava durumu verilerini toplayabilir. Buna ya\u011f\u0131\u015f, r\u00fczgar h\u0131z\u0131, r\u00fczgar y\u00f6n\u00fc ve bulut hareketi dahildir. Bu veriler daha sonra bir harita \u00fczerinde g\u00f6r\u00fcnt\u00fclenerek meteorologlar\u0131n hava durumunu daha iyi anlamalar\u0131na yard\u0131mc\u0131 olur.<\/p>\n<p class=\"p1\">Hava durumu radarlar\u0131, \u00f6zellikle \u015fiddetli hava durumunu tahmin etmek i\u00e7in kullan\u0131\u015fl\u0131d\u0131r. Bir f\u0131rt\u0131nay\u0131 erken tespit etmeye ve insanlar\u0131 ve m\u00fclkleri korumak i\u00e7in gerekli \u00f6nlemleri almaya yard\u0131mc\u0131 olabilirler.<\/p>\n<h3 class=\"p1\">Hava radar\u0131ndaki renkler ne anlama geliyor?<\/h3>\n<p class=\"p1\">Haritadaki renkler ya\u011f\u0131\u015f\u0131n ne kadar \u015fiddetli olaca\u011f\u0131n\u0131 g\u00f6steriyor. Ya\u011fmur yo\u011funlu\u011fu 5 seviyeye ayr\u0131l\u0131r: hafif, orta, a\u011f\u0131r, \u00e7ok a\u011f\u0131r ve a\u015f\u0131r\u0131 yo\u011fun. Bu nedenle, bir f\u0131rt\u0131nan\u0131n hangi seviyede oldu\u011funa ba\u011fl\u0131 olarak, de\u011fi\u015fen yo\u011funlukta bir ya\u011f\u0131\u015f bekleyebilirsiniz. Mavi, hafif ya\u011f\u0131\u015fa, ye\u015filden orta dereceye, sar\u0131dan kuvvetliye, turuncudan \u00e7ok kuvvetliye ve k\u0131rm\u0131z\u0131dan \u00e7ok kuvvetliye kar\u015f\u0131l\u0131k gelir. Bu nedenle haritadaki farkl\u0131 renkler, farkl\u0131 ya\u011f\u0131\u015f yo\u011funluklar\u0131n\u0131n bir g\u00f6stergesidir.<\/p>\n<h2 class=\"p1\">Hava tahmini nas\u0131l olu\u015fturulur?<\/h2>\n<p class=\"p1\">Meteorologlar\u0131n hava tahmini yaparken kulland\u0131klar\u0131 en \u00f6nemli ara\u00e7lardan biri hava radar\u0131d\u0131r. Hava durumu uydular\u0131, hava tahminlerinin yap\u0131lmas\u0131nda kullan\u0131lan bir di\u011fer \u00f6nemli ara\u00e7t\u0131r. Hava durumu uydular\u0131 hava durumunu yukar\u0131dan g\u00f6zlemler ve yerden g\u00f6r\u00fcnmeyen \u015feyleri g\u00f6rebilir. Bu bilgi daha sonra daha iyi tahminler yapmak i\u00e7in kullan\u0131l\u0131r.<\/p>\n<p class=\"p1\">Hava tahmini yaparken r\u00fczgar ko\u015fullar\u0131n\u0131 da g\u00f6z \u00f6n\u00fcnde bulundurmal\u0131s\u0131n\u0131z. R\u00fczgar h\u0131z\u0131 ve y\u00f6n\u00fc h\u0131zla de\u011fi\u015febilir ve hava durumu \u00fczerinde b\u00fcy\u00fck bir etkisi olabilir. Meteorologlar, hava balonlar\u0131 ve anemometreler gibi r\u00fczgar ko\u015fullar\u0131n\u0131 izlemek i\u00e7in \u00e7e\u015fitli ara\u00e7lar kullan\u0131r. Ayr\u0131ca, bulut \u00f6rt\u00fcs\u00fcn\u00fc de d\u00fc\u015f\u00fcnmelisiniz. Bulut \u00f6rt\u00fcs\u00fc, atmosfere giren g\u00fcne\u015f \u0131\u015f\u0131\u011f\u0131, \u0131s\u0131 ve nem miktar\u0131n\u0131 d\u00fczenleyerek hava durumunu etkileyebilir. Meteorologlar, bulut \u00f6rt\u00fcs\u00fcn\u00fc izlemek i\u00e7in hava durumu sondalar\u0131 ve radyosondalar gibi \u00e7e\u015fitli ara\u00e7lar kullan\u0131r.<\/p>\n<h3 class=\"p1\">Tahminler ne kadar g\u00fcvenilir?<\/h3>\n<p class=\"p1\">Hava durumu radar\u0131 taraf\u0131ndan sa\u011flanan tahminler olduk\u00e7a g\u00fcvenilirdir. Ancak, radar\u0131n sadece bir ara\u00e7 oldu\u011funu ve m\u00fckemmel bir tahmin yapamayaca\u011f\u0131n\u0131 anlamak \u00f6nemlidir. Hava durumu h\u0131zla de\u011fi\u015febilece\u011finden, tahminler her zaman bir miktar belirsizli\u011fe sahiptir.<\/p>\n<h3 class=\"p1\">Hava durumu radar\u0131 neden genellikle kapal\u0131d\u0131r?<\/h3>\n<p class=\"p1\">\u0130nternet tutuldu\u011fundan, hava tahmini de b\u00fcy\u00fck bir sorun haline geldi. Art\u0131k g\u00fcnler, haftalar ve aylar i\u00e7in hava durumunu tahmin edebilirsiniz. Tahminler giderek daha do\u011fru hale geliyor, ancak yine de hava durumu radar\u0131 genellikle i\u015faretin d\u0131\u015f\u0131nda. Bunun nedeni nedir? Her \u015feyden \u00f6nce, havan\u0131n \u00e7ok karma\u015f\u0131k bir sistem oldu\u011funu anlamal\u0131s\u0131n\u0131z. S\u0131cakl\u0131ktan r\u00fczgar h\u0131z\u0131na kadar bir\u00e7ok fakt\u00f6r rol oynar. Bu fakt\u00f6rler her zaman tam olarak \u00f6ng\u00f6r\u00fclebilir de\u011fildir ve h\u0131zla de\u011fi\u015febilir.<\/p>\n<p class=\"p1\">Hava durumunu tahmin etmenin bu kadar zor olmas\u0131n\u0131n nedeni de budur. Ayr\u0131ca, hava durumu radarlar\u0131 yaln\u0131zca halihaz\u0131rda meydana gelen ya\u011f\u0131\u015flar\u0131 g\u00f6rebilir - gelecekte nereye ya\u011fmur ya\u011faca\u011f\u0131n\u0131 tahmin edemezler.<\/p>\n<h3 class=\"p1\">Hava radar\u0131n\u0131 kimler kullan\u0131r?<\/h3>\n<p class=\"p1\">Hava durumu ilgin\u00e7 bir konudur; bir\u00e7ok insan d\u00fczenli olarak hava durumu radar\u0131n\u0131 kullan\u0131r. Ama hava durumu radar\u0131n\u0131 kim kullan\u0131yor ve neden? Hava durumu radar\u0131, mevcut hava durumunu kontrol etmek ve yakla\u015fan hava ko\u015fullar\u0131 hakk\u0131nda bilgi almak i\u00e7in kullan\u0131labilecek kullan\u0131\u015fl\u0131 bir ara\u00e7t\u0131r. D\u00fczenli olarak seyahat eden bir\u00e7ok ki\u015fi, mevcut hava durumu hakk\u0131nda bilgi almak i\u00e7in hava durumu radar\u0131n\u0131 kullan\u0131r. Bunun nedeni, seyahat ederken hava durumuna dikkat etmenin \u00f6zellikle \u00f6nemli olmas\u0131d\u0131r.<\/p>\n<p class=\"p1\">Hava durumu radar\u0131 profesyonel hayatta da faydal\u0131 olabilir. \u00d6rne\u011fin, tarlalar\u0131n\u0131 kesmeyi planlayan \u00e7ift\u00e7iler veya y\u00fcksek dalgalara ve f\u0131rt\u0131nalara dikkat etmesi gereken bir gemi kaptan\u0131 i\u00e7in. Ticari u\u00e7aklar, ne zaman kalk\u0131\u015f ve ini\u015f yapacaklar\u0131n\u0131 daha iyi planlayabildikleri i\u00e7in hava durumu radar\u0131ndan da yararlanabilir.<\/p>\n<h3 class=\"p1\">\u0130lk hava radar\u0131 ne zaman yap\u0131ld\u0131?<\/h3>\n<p class=\"p1\">\u0130lk meteoroloji radar istasyonu 1935&#039;te B\u00fcy\u00fck Britanya&#039;da in\u015fa edildi. Ancak, meteoroloji radar\u0131n\u0131n geli\u015fimi \u00e7ok daha erken ba\u015flad\u0131. 1902 y\u0131l\u0131nda Alman mucit Christian H\u00fclsmeyer, <a href=\"https:\/\/science.nasa.gov\/ems\/02_anatomy\" target=\"_blank\" rel=\"noopener\">elektromanyetik dalgalar<\/a> ya\u011fmur damlalar\u0131na \u00e7arpt\u0131klar\u0131nda yerden s\u0131\u00e7rarlar.<\/p>\n<p class=\"p1\">1920&#039;lerde Robert Watson-Watt adl\u0131 bir \u0130ngiliz bilim adam\u0131, u\u00e7aklar\u0131n konumunu belirlemek i\u00e7in bir sistem geli\u015ftirdi. Bu sistem, hava durumu radar\u0131 ile ayn\u0131 prensibe dayan\u0131yordu. 1930&#039;larda, ilk hava radar\u0131 B\u00fcy\u00fck Britanya&#039;da kuruldu. Y\u0131llar ge\u00e7tik\u00e7e, daha fazla radar istasyonu in\u015fa edildi. Bug\u00fcn, Avrupa \u00e7ap\u0131nda kapsaml\u0131 bir a\u011f var.<\/p>\n<h3 class=\"p1\">Bir radar istasyonu neye benziyor?<\/h3>\n<p><img loading=\"lazy\" decoding=\"async\" class=\"aligncenter wp-image-103 size-full\" src=\"https:\/\/weather-radar24.com\/wp-content\/uploads\/2022\/08\/radar-g60378e96c_640.jpeg\" alt=\"radar istasyonu\" width=\"640\" height=\"480\" srcset=\"https:\/\/weather-radar24.com\/wp-content\/uploads\/2022\/08\/radar-g60378e96c_640.jpeg 640w, https:\/\/weather-radar24.com\/wp-content\/uploads\/2022\/08\/radar-g60378e96c_640-300x225.jpeg 300w\" sizes=\"auto, (max-width: 640px) 100vw, 640px\" \/><\/p>\n<p class=\"p1\">\u00c7o\u011fu radar istasyonu, k\u0131rsal veya uzak b\u00f6lgelerde bulunan g\u00f6ze \u00e7arpmayan binalard\u0131r. Ama bir radar istasyonu tam olarak neye benziyor? Anten, bir radar istasyonuyla ilgili en dikkat \u00e7ekici \u015feydir. Genellikle b\u00fcy\u00fckt\u00fcr ve \u00e7evreyi taramak i\u00e7in d\u00f6nebilir. Anten, istasyonun ald\u0131\u011f\u0131 sinyalleri g\u00f6nderir.<\/p>\n<p class=\"p1\">\u0130stasyonun kendisi genellikle bilgisayarlar ve di\u011fer ekipmanlarla donat\u0131lm\u0131\u015f k\u00fc\u00e7\u00fck bir binad\u0131r. Baz\u0131 durumlarda, istasyon daha b\u00fcy\u00fck bir hava g\u00f6zlemevinin par\u00e7as\u0131d\u0131r.<\/p>","protected":false},"excerpt":{"rendered":"<p>Weather radar live &#8211; Current Weather Conditions Whether you&#8217;re at work, school or shopping, the weather is a topic of conversation that interests us all. But how do you really know what the weather will be like? It\u2019s quite simple: with the help of a weather radar! But what exactly is this radar and how&hellip;&nbsp;<a href=\"https:\/\/weather-radar24.com\/tr\/\" rel=\"bookmark\">Read More &raquo;<span class=\"screen-reader-text\">Hava radar\u0131<\/span><\/a><\/p>","protected":false},"author":1,"featured_media":18,"parent":0,"menu_order":0,"comment_status":"closed","ping_status":"closed","template":"","meta":{"neve_meta_sidebar":"","neve_meta_container":"","neve_meta_enable_content_width":"off","neve_meta_content_width":100,"neve_meta_title_alignment":"","neve_meta_author_avatar":"","neve_post_elements_order":"","neve_meta_disable_header":"","neve_meta_disable_footer":"","neve_meta_disable_title":"on","neve_meta_reading_time":"","footnotes":""},"class_list":["post-40","page","type-page","status-publish","has-post-thumbnail","hentry"],"yoast_head":"<!-- This site is optimized with the Yoast SEO plugin v26.6 - https:\/\/yoast.com\/wordpress\/plugins\/seo\/ -->\n<title>Weather radar live - Current Weather Conditions Map<\/title>\n<meta name=\"description\" content=\"Track the current weather conditions in real time with our weather radar! The weather map shows the forecast for rain, clouds and snowfall\" \/>\n<meta name=\"robots\" content=\"index, follow, max-snippet:-1, max-image-preview:large, max-video-preview:-1\" \/>\n<link rel=\"canonical\" href=\"https:\/\/weather-radar24.com\/tr\/\" \/>\n<meta property=\"og:locale\" content=\"tr_TR\" \/>\n<meta property=\"og:type\" content=\"article\" \/>\n<meta property=\"og:title\" content=\"Weather radar live - Current Weather Conditions Map\" \/>\n<meta property=\"og:description\" content=\"Track the current weather conditions in real time with our weather radar! The weather map shows the forecast for rain, clouds and snowfall\" \/>\n<meta property=\"og:url\" content=\"https:\/\/weather-radar24.com\/tr\/\" \/>\n<meta property=\"article:modified_time\" content=\"2024-05-03T20:29:26+00:00\" \/>\n<meta property=\"og:image\" content=\"https:\/\/weather-radar24.com\/wp-content\/uploads\/2022\/08\/weather-radar24.org_.png\" \/>\n\t<meta property=\"og:image:width\" content=\"500\" \/>\n\t<meta property=\"og:image:height\" content=\"500\" \/>\n\t<meta property=\"og:image:type\" content=\"image\/png\" \/>\n<meta name=\"twitter:card\" content=\"summary_large_image\" \/>\n<meta name=\"twitter:label1\" content=\"Tahmini okuma s\u00fcresi\" \/>\n\t<meta name=\"twitter:data1\" content=\"6 dakika\" \/>\n<script type=\"application\/ld+json\" class=\"yoast-schema-graph\">{\"@context\":\"https:\/\/schema.org\",\"@graph\":[{\"@type\":\"WebPage\",\"@id\":\"https:\/\/weather-radar24.com\/\",\"url\":\"https:\/\/weather-radar24.com\/\",\"name\":\"Weather radar live - Current Weather Conditions Map\",\"isPartOf\":{\"@id\":\"https:\/\/weather-radar24.com\/#website\"},\"primaryImageOfPage\":{\"@id\":\"https:\/\/weather-radar24.com\/#primaryimage\"},\"image\":{\"@id\":\"https:\/\/weather-radar24.com\/#primaryimage\"},\"thumbnailUrl\":\"https:\/\/weather-radar24.com\/wp-content\/uploads\/2022\/08\/weather-radar24.org_.png\",\"datePublished\":\"2022-08-17T19:13:54+00:00\",\"dateModified\":\"2024-05-03T20:29:26+00:00\",\"description\":\"Track the current weather conditions in real time with our weather radar! The weather map shows the forecast for rain, clouds and snowfall\",\"breadcrumb\":{\"@id\":\"https:\/\/weather-radar24.com\/#breadcrumb\"},\"inLanguage\":\"tr\",\"potentialAction\":[{\"@type\":\"ReadAction\",\"target\":[\"https:\/\/weather-radar24.com\/\"]}]},{\"@type\":\"ImageObject\",\"inLanguage\":\"tr\",\"@id\":\"https:\/\/weather-radar24.com\/#primaryimage\",\"url\":\"https:\/\/weather-radar24.com\/wp-content\/uploads\/2022\/08\/weather-radar24.org_.png\",\"contentUrl\":\"https:\/\/weather-radar24.com\/wp-content\/uploads\/2022\/08\/weather-radar24.org_.png\",\"width\":500,\"height\":500,\"caption\":\"Weather radar\"},{\"@type\":\"BreadcrumbList\",\"@id\":\"https:\/\/weather-radar24.com\/#breadcrumb\",\"itemListElement\":[{\"@type\":\"ListItem\",\"position\":1,\"name\":\"Startseite\",\"item\":\"https:\/\/weather-radar24.com\/\"},{\"@type\":\"ListItem\",\"position\":2,\"name\":\"Weather radar\"}]},{\"@type\":\"WebSite\",\"@id\":\"https:\/\/weather-radar24.com\/#website\",\"url\":\"https:\/\/weather-radar24.com\/\",\"name\":\"\",\"description\":\"\",\"potentialAction\":[{\"@type\":\"SearchAction\",\"target\":{\"@type\":\"EntryPoint\",\"urlTemplate\":\"https:\/\/weather-radar24.com\/?s={search_term_string}\"},\"query-input\":{\"@type\":\"PropertyValueSpecification\",\"valueRequired\":true,\"valueName\":\"search_term_string\"}}],\"inLanguage\":\"tr\"}]}<\/script>\n<!-- \/ Yoast SEO plugin. -->","yoast_head_json":{"title":"Canl\u0131 hava durumu radar\u0131 - Mevcut Hava Ko\u015fullar\u0131 Haritas\u0131","description":"Hava durumu radar\u0131m\u0131zla mevcut hava ko\u015fullar\u0131n\u0131 ger\u00e7ek zamanl\u0131 olarak takip edin! Hava durumu haritas\u0131 ya\u011fmur, bulutlar ve kar ya\u011f\u0131\u015f\u0131 tahminini g\u00f6sterir","robots":{"index":"index","follow":"follow","max-snippet":"max-snippet:-1","max-image-preview":"max-image-preview:large","max-video-preview":"max-video-preview:-1"},"canonical":"https:\/\/weather-radar24.com\/tr\/","og_locale":"tr_TR","og_type":"article","og_title":"Weather radar live - Current Weather Conditions Map","og_description":"Track the current weather conditions in real time with our weather radar! The weather map shows the forecast for rain, clouds and snowfall","og_url":"https:\/\/weather-radar24.com\/tr\/","article_modified_time":"2024-05-03T20:29:26+00:00","og_image":[{"width":500,"height":500,"url":"https:\/\/weather-radar24.com\/wp-content\/uploads\/2022\/08\/weather-radar24.org_.png","type":"image\/png"}],"twitter_card":"summary_large_image","twitter_misc":{"Tahmini okuma s\u00fcresi":"6 dakika"},"schema":{"@context":"https:\/\/schema.org","@graph":[{"@type":"WebPage","@id":"https:\/\/weather-radar24.com\/","url":"https:\/\/weather-radar24.com\/","name":"Canl\u0131 hava durumu radar\u0131 - Mevcut Hava Ko\u015fullar\u0131 Haritas\u0131","isPartOf":{"@id":"https:\/\/weather-radar24.com\/#website"},"primaryImageOfPage":{"@id":"https:\/\/weather-radar24.com\/#primaryimage"},"image":{"@id":"https:\/\/weather-radar24.com\/#primaryimage"},"thumbnailUrl":"https:\/\/weather-radar24.com\/wp-content\/uploads\/2022\/08\/weather-radar24.org_.png","datePublished":"2022-08-17T19:13:54+00:00","dateModified":"2024-05-03T20:29:26+00:00","description":"Hava durumu radar\u0131m\u0131zla mevcut hava ko\u015fullar\u0131n\u0131 ger\u00e7ek zamanl\u0131 olarak takip edin! Hava durumu haritas\u0131 ya\u011fmur, bulutlar ve kar ya\u011f\u0131\u015f\u0131 tahminini g\u00f6sterir","breadcrumb":{"@id":"https:\/\/weather-radar24.com\/#breadcrumb"},"inLanguage":"tr","potentialAction":[{"@type":"ReadAction","target":["https:\/\/weather-radar24.com\/"]}]},{"@type":"ImageObject","inLanguage":"tr","@id":"https:\/\/weather-radar24.com\/#primaryimage","url":"https:\/\/weather-radar24.com\/wp-content\/uploads\/2022\/08\/weather-radar24.org_.png","contentUrl":"https:\/\/weather-radar24.com\/wp-content\/uploads\/2022\/08\/weather-radar24.org_.png","width":500,"height":500,"caption":"Weather radar"},{"@type":"BreadcrumbList","@id":"https:\/\/weather-radar24.com\/#breadcrumb","itemListElement":[{"@type":"ListItem","position":1,"name":"Startseite","item":"https:\/\/weather-radar24.com\/"},{"@type":"ListItem","position":2,"name":"Weather radar"}]},{"@type":"WebSite","@id":"https:\/\/weather-radar24.com\/#website","url":"https:\/\/weather-radar24.com\/","name":"","description":"","potentialAction":[{"@type":"SearchAction","target":{"@type":"EntryPoint","urlTemplate":"https:\/\/weather-radar24.com\/?s={search_term_string}"},"query-input":{"@type":"PropertyValueSpecification","valueRequired":true,"valueName":"search_term_string"}}],"inLanguage":"tr"}]}},"_links":{"self":[{"href":"https:\/\/weather-radar24.com\/tr\/wp-json\/wp\/v2\/pages\/40","targetHints":{"allow":["GET"]}}],"collection":[{"href":"https:\/\/weather-radar24.com\/tr\/wp-json\/wp\/v2\/pages"}],"about":[{"href":"https:\/\/weather-radar24.com\/tr\/wp-json\/wp\/v2\/types\/page"}],"author":[{"embeddable":true,"href":"https:\/\/weather-radar24.com\/tr\/wp-json\/wp\/v2\/users\/1"}],"replies":[{"embeddable":true,"href":"https:\/\/weather-radar24.com\/tr\/wp-json\/wp\/v2\/comments?post=40"}],"version-history":[{"count":10,"href":"https:\/\/weather-radar24.com\/tr\/wp-json\/wp\/v2\/pages\/40\/revisions"}],"predecessor-version":[{"id":1024,"href":"https:\/\/weather-radar24.com\/tr\/wp-json\/wp\/v2\/pages\/40\/revisions\/1024"}],"wp:featuredmedia":[{"embeddable":true,"href":"https:\/\/weather-radar24.com\/tr\/wp-json\/wp\/v2\/media\/18"}],"wp:attachment":[{"href":"https:\/\/weather-radar24.com\/tr\/wp-json\/wp\/v2\/media?parent=40"}],"curies":[{"name":"wp","href":"https:\/\/api.w.org\/{rel}","templated":true}]}}