{"id":42,"date":"2022-08-17T21:14:33","date_gmt":"2022-08-17T19:14:33","guid":{"rendered":"https:\/\/weather-radar24.com\/?page_id=42"},"modified":"2022-09-03T18:52:45","modified_gmt":"2022-09-03T16:52:45","slug":"cloud-cover-map","status":"publish","type":"page","link":"https:\/\/weather-radar24.com\/tr\/bulut-kapak-haritasi\/","title":{"rendered":"Bulut \u00f6rt\u00fcs\u00fc haritas\u0131"},"content":{"rendered":"<h1>Bulut \u00f6rt\u00fcs\u00fc haritas\u0131 \u2013 mevcut bulut tahmini ve bulut tahmini<\/h1>\n<p>Bulut \u00f6rt\u00fcs\u00fc haritas\u0131, hava durumunu tahmin etmek i\u00e7in \u00f6nemli bir ara\u00e7t\u0131r. Bulutlar\u0131n hareketini izlemenize ve havan\u0131n nas\u0131l geli\u015fti\u011fini g\u00f6rmenize yard\u0131mc\u0131 olabilir. Bir bulut \u00f6rt\u00fcs\u00fc haritas\u0131n\u0131n nas\u0131l okunaca\u011f\u0131 ve yorumlanaca\u011f\u0131 a\u015fa\u011f\u0131da a\u00e7\u0131klanm\u0131\u015ft\u0131r.<br \/>\n<iframe loading=\"lazy\" src=\"https:\/\/embed.windy.com\/embed2.html?lat=39.606&amp;lon=-97.031&amp;detailLat=49.142&amp;detailLon=9.223&amp;width=1300&amp;height=600&amp;zoom=5&amp;level=surface&amp;overlay=clouds&amp;product=ecmwf&amp;menu=&amp;message=true&amp;marker=&amp;calendar=now&amp;pressure=&amp;type=map&amp;location=coordinates&amp;detail=&amp;metricWind=default&amp;metricTemp=default&amp;radarRange=-1\" width=\"100%\" height=\"600\" frameborder=\"0\" data-dashlane-frameid=\"1570\"><\/iframe><\/p>\n<p class=\"p1\">\n<h2 class=\"p1\">Bulut \u00f6rt\u00fcs\u00fc haritas\u0131 nas\u0131l okunur?<\/h2>\n<p class=\"p1\">\u0130lk olarak, bulut \u00f6rt\u00fcs\u00fc haritas\u0131n\u0131n ya\u011fmur veya kar\u0131 de\u011fil, yaln\u0131zca bulutlar\u0131n hareketini g\u00f6sterdi\u011fini bilmelisiniz. Bunu not etmek \u00f6nemlidir \u00e7\u00fcnk\u00fc <a href=\"https:\/\/weather-radar24.com\/tr\/yagmur-radari\/\">ya\u011fmur<\/a> ve <a href=\"https:\/\/weather-radar24.com\/tr\/kar-ortusu-haritasi\/\">kar ya\u011f\u0131\u015f\u0131<\/a> genellikle bulut hareketinden daha yava\u015ft\u0131r. Bu nedenle haritada hareket g\u00f6rebilir, ancak ya\u011fmur veya kar beklemiyorsunuz. Haritada hareket g\u00f6r\u00fcyorsan\u0131z, bulutlar o y\u00f6nde hareket ediyor demektir.<\/p>\n<p class=\"p1\">Bulutlar\u0131n son bir saatteki hareketi oynat d\u00fc\u011fmesi kullan\u0131larak oynat\u0131labilir. Haritadaki renkler hareketin ne kadar g\u00fc\u00e7l\u00fc oldu\u011funu g\u00f6sterir. Hareket ne kadar g\u00fc\u00e7l\u00fc olursa, renk o kadar koyu olur. Radarda koyu bir renk g\u00f6r\u00fcrseniz, bulutlar o y\u00f6nde \u00e7ok h\u0131zl\u0131 hareket ediyor demektir. Bu genellikle k\u00f6t\u00fc havan\u0131n bir i\u015faretidir. Ancak, yaln\u0131zca hafif bir hareket g\u00f6r\u00fcrseniz, bu genellikle havan\u0131n iyi oldu\u011fu veya fazla de\u011fi\u015fmeyece\u011fi anlam\u0131na gelir.<\/p>\n<p class=\"p1\">\u00fczerinde birden fazla renk g\u00f6r\u00fcrseniz <a href=\"https:\/\/weather-radar24.com\/tr\/\">hava radar\u0131<\/a>, bulutlar\u0131n farkl\u0131 y\u00f6nlerde hareket etti\u011fi anlam\u0131na gelir. Bu genellikle karars\u0131z havan\u0131n bir g\u00f6stergesidir. Radarda hareket g\u00f6rmezseniz, bu genellikle havan\u0131n de\u011fi\u015fmeyece\u011fi anlam\u0131na gelir.<\/p>\n<h2 class=\"p1\">Bulut \u00f6rt\u00fcs\u00fc haritas\u0131 nas\u0131l \u00e7al\u0131\u015f\u0131r?<\/h2>\n<p class=\"p1\">Bulutlar su buhar\u0131 veya buzdan olu\u015fur. Bulutlar\u0131n \u00e7o\u011fu s\u0131cak hava y\u00fckseldi\u011finde olu\u015fur. Bu hava so\u011fuk hava ile kar\u015f\u0131la\u015ft\u0131\u011f\u0131nda su buhar\u0131 yo\u011funla\u015f\u0131r ve bulutlar olu\u015fur. Bulut \u00f6rt\u00fcs\u00fc haritas\u0131, bulutlar\u0131n hareketini izleyerek \u00e7al\u0131\u015f\u0131r. Radar, dalgalar\u0131 g\u00f6ndermek ve yans\u0131yan dalgalar\u0131 almak i\u00e7in kullan\u0131l\u0131r.<\/p>\n<p class=\"p1\">Dalgalar\u0131n kat\u0131 bir y\u00fczeyden mi yoksa s\u0131v\u0131 bir y\u00fczeyden mi yans\u0131t\u0131ld\u0131\u011f\u0131na ba\u011fl\u0131 olarak, orada bulut olup olmad\u0131\u011f\u0131n\u0131 anlayabilirsiniz. Yani bulut radar\u0131n\u0131n g\u00f6sterdi\u011fi \u015fey bulutlar\u0131n hareketleridir.<\/p>\n<h3 class=\"p1\">Bulut \u00f6rt\u00fcs\u00fc haritas\u0131n\u0131 kimler kullan\u0131r?<\/h3>\n<p class=\"p1\">Bulut \u00f6rt\u00fcs\u00fc haritas\u0131, bulutlar\u0131n ve hareketlerinin d\u00fczenli olarak g\u00fcncellenen okumalar\u0131n\u0131 sa\u011flayan bir hava durumu bilgi sistemidir. \u00c7evrimi\u00e7i olarak veya bir uygulama olarak eri\u015filebilir ve hava durumu merakl\u0131lar\u0131, amat\u00f6r meteorologlar, pilotlar, denizciler ve r\u00fczgar s\u00f6rf\u00e7\u00fcleri gibi \u00e7e\u015fitli hedef gruplar i\u00e7in uygundur. Bulut \u00f6rt\u00fcs\u00fc haritas\u0131, en pop\u00fcler hava durumu bilgi sistemlerinden biridir ve \u00e7ok say\u0131da kullan\u0131c\u0131ya sahiptir.<\/p>\n<h3 class=\"p1\">Bulutlar nas\u0131l olu\u015fur?<\/h3>\n<p class=\"p1\">Bulutlar asl\u0131nda nemli havadan ba\u015fka bir \u015fey de\u011fildir. Ama durum \u00f6yle de\u011fil, bulutlar basit\u00e7e <a href=\"https:\/\/www.fortworthtexas.gov\/departments\/water\/sdw\/water-made#:~:text=A%20water%20molecule%20has%20three,sometimes%20referred%20to%20as%20H2O.\" target=\"_blank\" rel=\"noopener\">sudan olu\u015fur<\/a> atmosfere ka\u00e7an buhar. Aksine, g\u00fcne\u015f nemli havay\u0131 \u0131s\u0131tt\u0131\u011f\u0131 i\u00e7in bulutlar olu\u015fur. D\u00fcnya so\u011fudu\u011funda su buhar\u0131 yo\u011funla\u015f\u0131r ve sis olu\u015fturur.<\/p>\n<h3 class=\"p1\">Ya\u011fmur bulutlar\u0131 neye benziyor?<\/h3>\n<p class=\"p1\">Ger\u00e7ekten \u00e7ok basit: Bulutlar, kar\u0131\u015ft\u0131r\u0131lan havadan ba\u015fka bir \u015fey de\u011fildir. \u00c7ok farkl\u0131 g\u00f6r\u00fcnebilirler. \u00d6rne\u011fin ya\u011fmur bulutlar\u0131, \u00e7ok say\u0131da su damlas\u0131 i\u00e7erdi\u011finden genellikle karanl\u0131k ve yo\u011fundur. Kar bulutlar\u0131 ise \u00e7ok say\u0131da buz kristali i\u00e7erdiklerinden genellikle beyaz ve kabar\u0131k g\u00f6r\u00fcn\u00fcrler.<\/p>\n<h3 class=\"p1\">Hangi bulutlar tehlikelidir?<\/h3>\n<p class=\"p1\">K\u00fcm\u00fcl\u00fcs bulutlar\u0131 en yayg\u0131n bulut t\u00fcr\u00fcd\u00fcr ve genellikle zarars\u0131zd\u0131r. Kabar\u0131k beyaz toplara benziyorlar ve genellikle g\u00fczel havan\u0131n bir i\u015fareti. Bununla birlikte, \u00e7ok b\u00fcy\u00fck ve yo\u011fun hale gelirlerse, g\u00f6k g\u00fcr\u00fclt\u00fcl\u00fc f\u0131rt\u0131nalar\u0131n da habercisi olabilirler. Nimbus bulutlar\u0131, ya\u011fmur, kar veya dolu ile ili\u015fkili olduklar\u0131 i\u00e7in en tehlikeli bulutlard\u0131r. Kal\u0131n gri veya siyah k\u00fcm\u00fcl\u00fcs bulutlar\u0131na benziyorlar ve a\u015f\u0131r\u0131 hava ko\u015fullar\u0131ndan \u00f6nce gelebilirler.<\/p>","protected":false},"excerpt":{"rendered":"<p>Bulut \u00f6rt\u00fcs\u00fc haritas\u0131 \u2013 mevcut bulut tahmini ve bulut tahmini Bulut \u00f6rt\u00fcs\u00fc haritas\u0131, hava durumunu tahmin etmek i\u00e7in \u00f6nemli bir ara\u00e7t\u0131r. Bulutlar\u0131n hareketini izlemenize ve havan\u0131n nas\u0131l geli\u015fti\u011fini g\u00f6rmenize yard\u0131mc\u0131 olabilir. Bir bulut \u00f6rt\u00fcs\u00fc haritas\u0131n\u0131n nas\u0131l okunaca\u011f\u0131 ve yorumlanaca\u011f\u0131 a\u015fa\u011f\u0131da a\u00e7\u0131klanm\u0131\u015ft\u0131r. Bulut \u00f6rt\u00fcs\u00fc haritas\u0131 nas\u0131l okunur? \u00d6ncelikle,\u2026&nbsp;<a href=\"https:\/\/weather-radar24.com\/tr\/bulut-kapak-haritasi\/\" rel=\"bookmark\">Read More &raquo;<span class=\"screen-reader-text\">Bulut \u00f6rt\u00fcs\u00fc haritas\u0131<\/span><\/a><\/p>","protected":false},"author":1,"featured_media":113,"parent":0,"menu_order":0,"comment_status":"closed","ping_status":"closed","template":"","meta":{"neve_meta_sidebar":"","neve_meta_container":"","neve_meta_enable_content_width":"off","neve_meta_content_width":100,"neve_meta_title_alignment":"","neve_meta_author_avatar":"","neve_post_elements_order":"","neve_meta_disable_header":"","neve_meta_disable_footer":"","neve_meta_disable_title":"on","neve_meta_reading_time":"","footnotes":""},"class_list":["post-42","page","type-page","status-publish","has-post-thumbnail","hentry"],"yoast_head":"<!-- This site is optimized with the Yoast SEO plugin v26.6 - https:\/\/yoast.com\/wordpress\/plugins\/seo\/ -->\n<title>Cloud cover map - current cloud forecast &amp; cloud prediction<\/title>\n<meta name=\"description\" content=\"Follow the current cloud forecast Worldwide with our cloud radar. Current satellite images show the cloud forecast\" \/>\n<meta name=\"robots\" content=\"index, follow, max-snippet:-1, max-image-preview:large, max-video-preview:-1\" \/>\n<link rel=\"canonical\" href=\"https:\/\/weather-radar24.com\/tr\/bulut-kapak-haritasi\/\" \/>\n<meta property=\"og:locale\" content=\"tr_TR\" \/>\n<meta property=\"og:type\" content=\"article\" \/>\n<meta property=\"og:title\" content=\"Cloud cover map - current cloud forecast &amp; cloud prediction\" \/>\n<meta property=\"og:description\" content=\"Follow the current cloud forecast Worldwide with our cloud radar. Current satellite images show the cloud forecast\" \/>\n<meta property=\"og:url\" content=\"https:\/\/weather-radar24.com\/tr\/bulut-kapak-haritasi\/\" \/>\n<meta property=\"article:modified_time\" content=\"2022-09-03T16:52:45+00:00\" \/>\n<meta property=\"og:image\" content=\"https:\/\/weather-radar24.com\/wp-content\/uploads\/2022\/08\/Bildschirmfoto-2022-08-18-um-13.15.21.png\" \/>\n\t<meta property=\"og:image:width\" content=\"363\" \/>\n\t<meta property=\"og:image:height\" content=\"277\" \/>\n\t<meta property=\"og:image:type\" content=\"image\/png\" \/>\n<meta name=\"twitter:card\" content=\"summary_large_image\" \/>\n<meta name=\"twitter:label1\" content=\"Tahmini okuma s\u00fcresi\" \/>\n\t<meta name=\"twitter:data1\" content=\"3 dakika\" \/>\n<script type=\"application\/ld+json\" class=\"yoast-schema-graph\">{\"@context\":\"https:\/\/schema.org\",\"@graph\":[{\"@type\":\"WebPage\",\"@id\":\"https:\/\/weather-radar24.com\/cloud-cover-map\/\",\"url\":\"https:\/\/weather-radar24.com\/cloud-cover-map\/\",\"name\":\"Cloud cover map - current cloud forecast & cloud prediction\",\"isPartOf\":{\"@id\":\"https:\/\/weather-radar24.com\/#website\"},\"primaryImageOfPage\":{\"@id\":\"https:\/\/weather-radar24.com\/cloud-cover-map\/#primaryimage\"},\"image\":{\"@id\":\"https:\/\/weather-radar24.com\/cloud-cover-map\/#primaryimage\"},\"thumbnailUrl\":\"https:\/\/weather-radar24.com\/wp-content\/uploads\/2022\/08\/Bildschirmfoto-2022-08-18-um-13.15.21.png\",\"datePublished\":\"2022-08-17T19:14:33+00:00\",\"dateModified\":\"2022-09-03T16:52:45+00:00\",\"description\":\"Follow the current cloud forecast Worldwide with our cloud radar. Current satellite images show the cloud forecast\",\"breadcrumb\":{\"@id\":\"https:\/\/weather-radar24.com\/cloud-cover-map\/#breadcrumb\"},\"inLanguage\":\"tr\",\"potentialAction\":[{\"@type\":\"ReadAction\",\"target\":[\"https:\/\/weather-radar24.com\/cloud-cover-map\/\"]}]},{\"@type\":\"ImageObject\",\"inLanguage\":\"tr\",\"@id\":\"https:\/\/weather-radar24.com\/cloud-cover-map\/#primaryimage\",\"url\":\"https:\/\/weather-radar24.com\/wp-content\/uploads\/2022\/08\/Bildschirmfoto-2022-08-18-um-13.15.21.png\",\"contentUrl\":\"https:\/\/weather-radar24.com\/wp-content\/uploads\/2022\/08\/Bildschirmfoto-2022-08-18-um-13.15.21.png\",\"width\":363,\"height\":277,\"caption\":\"Cloud cover map\"},{\"@type\":\"BreadcrumbList\",\"@id\":\"https:\/\/weather-radar24.com\/cloud-cover-map\/#breadcrumb\",\"itemListElement\":[{\"@type\":\"ListItem\",\"position\":1,\"name\":\"Startseite\",\"item\":\"https:\/\/weather-radar24.com\/\"},{\"@type\":\"ListItem\",\"position\":2,\"name\":\"Cloud cover map\"}]},{\"@type\":\"WebSite\",\"@id\":\"https:\/\/weather-radar24.com\/#website\",\"url\":\"https:\/\/weather-radar24.com\/\",\"name\":\"\",\"description\":\"\",\"potentialAction\":[{\"@type\":\"SearchAction\",\"target\":{\"@type\":\"EntryPoint\",\"urlTemplate\":\"https:\/\/weather-radar24.com\/?s={search_term_string}\"},\"query-input\":{\"@type\":\"PropertyValueSpecification\",\"valueRequired\":true,\"valueName\":\"search_term_string\"}}],\"inLanguage\":\"tr\"}]}<\/script>\n<!-- \/ Yoast SEO plugin. -->","yoast_head_json":{"title":"Bulut \u00f6rt\u00fcs\u00fc haritas\u0131 - mevcut bulut tahmini ve bulut tahmini","description":"Bulut radar\u0131m\u0131zla d\u00fcnya \u00e7ap\u0131ndaki g\u00fcncel bulut tahminlerini takip edin. Mevcut uydu g\u00f6r\u00fcnt\u00fcleri bulut tahminini g\u00f6steriyor","robots":{"index":"index","follow":"follow","max-snippet":"max-snippet:-1","max-image-preview":"max-image-preview:large","max-video-preview":"max-video-preview:-1"},"canonical":"https:\/\/weather-radar24.com\/tr\/bulut-kapak-haritasi\/","og_locale":"tr_TR","og_type":"article","og_title":"Cloud cover map - current cloud forecast & cloud prediction","og_description":"Follow the current cloud forecast Worldwide with our cloud radar. Current satellite images show the cloud forecast","og_url":"https:\/\/weather-radar24.com\/tr\/bulut-kapak-haritasi\/","article_modified_time":"2022-09-03T16:52:45+00:00","og_image":[{"width":363,"height":277,"url":"https:\/\/weather-radar24.com\/wp-content\/uploads\/2022\/08\/Bildschirmfoto-2022-08-18-um-13.15.21.png","type":"image\/png"}],"twitter_card":"summary_large_image","twitter_misc":{"Tahmini okuma s\u00fcresi":"3 dakika"},"schema":{"@context":"https:\/\/schema.org","@graph":[{"@type":"WebPage","@id":"https:\/\/weather-radar24.com\/cloud-cover-map\/","url":"https:\/\/weather-radar24.com\/cloud-cover-map\/","name":"Bulut \u00f6rt\u00fcs\u00fc haritas\u0131 - mevcut bulut tahmini ve bulut tahmini","isPartOf":{"@id":"https:\/\/weather-radar24.com\/#website"},"primaryImageOfPage":{"@id":"https:\/\/weather-radar24.com\/cloud-cover-map\/#primaryimage"},"image":{"@id":"https:\/\/weather-radar24.com\/cloud-cover-map\/#primaryimage"},"thumbnailUrl":"https:\/\/weather-radar24.com\/wp-content\/uploads\/2022\/08\/Bildschirmfoto-2022-08-18-um-13.15.21.png","datePublished":"2022-08-17T19:14:33+00:00","dateModified":"2022-09-03T16:52:45+00:00","description":"Bulut radar\u0131m\u0131zla d\u00fcnya \u00e7ap\u0131ndaki g\u00fcncel bulut tahminlerini takip edin. Mevcut uydu g\u00f6r\u00fcnt\u00fcleri bulut tahminini g\u00f6steriyor","breadcrumb":{"@id":"https:\/\/weather-radar24.com\/cloud-cover-map\/#breadcrumb"},"inLanguage":"tr","potentialAction":[{"@type":"ReadAction","target":["https:\/\/weather-radar24.com\/cloud-cover-map\/"]}]},{"@type":"ImageObject","inLanguage":"tr","@id":"https:\/\/weather-radar24.com\/cloud-cover-map\/#primaryimage","url":"https:\/\/weather-radar24.com\/wp-content\/uploads\/2022\/08\/Bildschirmfoto-2022-08-18-um-13.15.21.png","contentUrl":"https:\/\/weather-radar24.com\/wp-content\/uploads\/2022\/08\/Bildschirmfoto-2022-08-18-um-13.15.21.png","width":363,"height":277,"caption":"Cloud cover map"},{"@type":"BreadcrumbList","@id":"https:\/\/weather-radar24.com\/cloud-cover-map\/#breadcrumb","itemListElement":[{"@type":"ListItem","position":1,"name":"Startseite","item":"https:\/\/weather-radar24.com\/"},{"@type":"ListItem","position":2,"name":"Cloud cover map"}]},{"@type":"WebSite","@id":"https:\/\/weather-radar24.com\/#website","url":"https:\/\/weather-radar24.com\/","name":"","description":"","potentialAction":[{"@type":"SearchAction","target":{"@type":"EntryPoint","urlTemplate":"https:\/\/weather-radar24.com\/?s={search_term_string}"},"query-input":{"@type":"PropertyValueSpecification","valueRequired":true,"valueName":"search_term_string"}}],"inLanguage":"tr"}]}},"_links":{"self":[{"href":"https:\/\/weather-radar24.com\/tr\/wp-json\/wp\/v2\/pages\/42","targetHints":{"allow":["GET"]}}],"collection":[{"href":"https:\/\/weather-radar24.com\/tr\/wp-json\/wp\/v2\/pages"}],"about":[{"href":"https:\/\/weather-radar24.com\/tr\/wp-json\/wp\/v2\/types\/page"}],"author":[{"embeddable":true,"href":"https:\/\/weather-radar24.com\/tr\/wp-json\/wp\/v2\/users\/1"}],"replies":[{"embeddable":true,"href":"https:\/\/weather-radar24.com\/tr\/wp-json\/wp\/v2\/comments?post=42"}],"version-history":[{"count":6,"href":"https:\/\/weather-radar24.com\/tr\/wp-json\/wp\/v2\/pages\/42\/revisions"}],"predecessor-version":[{"id":201,"href":"https:\/\/weather-radar24.com\/tr\/wp-json\/wp\/v2\/pages\/42\/revisions\/201"}],"wp:featuredmedia":[{"embeddable":true,"href":"https:\/\/weather-radar24.com\/tr\/wp-json\/wp\/v2\/media\/113"}],"wp:attachment":[{"href":"https:\/\/weather-radar24.com\/tr\/wp-json\/wp\/v2\/media?parent=42"}],"curies":[{"name":"wp","href":"https:\/\/api.w.org\/{rel}","templated":true}]}}