{"id":44,"date":"2022-08-17T21:14:51","date_gmt":"2022-08-17T19:14:51","guid":{"rendered":"https:\/\/weather-radar24.com\/?page_id=44"},"modified":"2026-04-11T13:13:09","modified_gmt":"2026-04-11T11:13:09","slug":"storm-radar","status":"publish","type":"page","link":"https:\/\/weather-radar24.com\/tr\/firtina-radari\/","title":{"rendered":"F\u0131rt\u0131na radar\u0131"},"content":{"rendered":"<h1>F\u0131rt\u0131na radar\u0131 \u2013 \u015fiddetli hava ko\u015fullar\u0131 i\u00e7in mevcut tahmin<\/h1>\n<p>Hava g\u00fczelken d\u0131\u015far\u0131da oturup g\u00fcne\u015fin tad\u0131n\u0131 \u00e7\u0131karmaktan daha iyi ne olabilir? Ne yaz\u0131k ki, hava her zaman \u00e7ok iyi de\u011fil. \u015eiddetli hava radar\u0131, k\u00f6t\u00fc hava ko\u015fullar\u0131 hakk\u0131nda uyarmak i\u00e7in \u00f6nemli bir ara\u00e7t\u0131r. Ancak \u015fiddetli hava radar\u0131 ger\u00e7ekte nedir ve nas\u0131l \u00e7al\u0131\u015f\u0131r?<\/p>\n<div id=\"windy-alerts-box\" style=\"max-width:1300px;margin:20px auto;padding:24px;border:1px solid #dcdcdc;border-radius:12px;background:#f8fafc;text-align:center;font-family:Arial,sans-serif;\">\n<h3 style=\"margin:0 0 10px 0;font-size:24px;color:#1f2937;\">Weather Alerts Map<\/h3>\n<p style=\"margin:0 0 18px 0;font-size:16px;line-height:1.5;color:#4b5563;\">\n    Click the button below to load active weather alerts from Windy.com.\n  <\/p>\n<p>  <button onclick=\"loadWindyAlerts()\" style=\"background:#dc2626;color:#ffffff;border:none;padding:14px 24px;font-size:16px;font-weight:600;border-radius:8px;cursor:pointer;\"><br \/>\n    Load Weather Alerts<br \/>\n  <\/button><\/p>\n<p style=\"margin:14px 0 0 0;font-size:13px;color:#6b7280;\">\n    External content will be loaded from Windy.com after clicking.\n  <\/p>\n<\/div>\n<p><script>\nfunction loadWindyAlerts() {\n  document.getElementById('windy-alerts-box').innerHTML =\n    '<iframe loading=\"lazy\" src=\"https:\/\/embed.windy.com\/embed2.html?lat=39.606&#038;lon=-97.031&#038;detailLat=49.142&#038;detailLon=9.223&#038;width=1300&#038;height=600&#038;zoom=5&#038;level=surface&#038;overlay=capAlerts&#038;product=capAlerts&#038;menu=&#038;message=true&#038;marker=&#038;calendar=now&#038;pressure=&#038;type=map&#038;location=coordinates&#038;detail=&#038;metricWind=default&#038;metricTemp=default&#038;radarRange=-1\" width=\"100%\" height=\"600\" frameborder=\"0\" style=\"border:0;border-radius:12px;\"><\/iframe>';\n}\n<\/script><\/p>\n<h2 class=\"p1\">F\u0131rt\u0131na radar\u0131 nas\u0131l okunur<\/h2>\n<p class=\"p1\">Her \u015feyden \u00f6nce, F\u0131rt\u0131na radar\u0131n\u0131n sadece hava durumunun bir anl\u0131k g\u00f6r\u00fcnt\u00fcs\u00fc oldu\u011funu bilmelisiniz. Gelecek hakk\u0131nda hi\u00e7bir \u015fey s\u00f6ylemiyor. Bu, en do\u011fru resmi elde etmek i\u00e7in her zaman \u015fiddetli hava durumu radar\u0131na di\u011fer hava durumu verileriyle birlikte bakman\u0131z gerekti\u011fi anlam\u0131na gelir.<\/p>\n<p class=\"p1\">Storm radar\u0131na bakt\u0131\u011f\u0131n\u0131zda genellikle birka\u00e7 farkl\u0131 renk g\u00f6r\u00fcrs\u00fcn\u00fcz. Bunlar \u015fu anda ya\u011f\u0131\u015f\u0131n ne kadar yo\u011fun oldu\u011funu g\u00f6steriyor. Ya\u011f\u0131\u015f ne kadar a\u011f\u0131r olursa, renk o kadar koyu olur. Ancak, farkl\u0131 renkler ya\u011f\u0131\u015f t\u00fcr\u00fc hakk\u0131nda hi\u00e7bir \u015fey s\u00f6ylemez. Yani ya\u011fmur, kar veya dolu olabilir. Ayr\u0131ca radar\u0131n sadece yerden y\u00fckselen ya\u011f\u0131\u015flar\u0131 g\u00f6sterdi\u011fine dikkat edilmelidir. Bu nedenle, e\u011fer yere ya\u011f\u0131\u015f d\u00fc\u015fmezse, \u015fiddetli hava radar\u0131nda g\u00f6remezsiniz. Ancak, bu mutlaka ya\u011f\u0131\u015f olmad\u0131\u011f\u0131 anlam\u0131na gelmez!<\/p>\n<p class=\"p1\">Genellikle ya\u011fmur veya kar ya\u011fan yerler vard\u0131r, ancak <a href=\"https:\/\/weather-radar24.com\/tr\/yagmur-radari\/\">ya\u011fmur<\/a> veya kar yere ula\u015fmadan buharla\u015f\u0131r. Bu durumda, radarda g\u00f6rd\u00fc\u011f\u00fcn\u00fcz tek \u015fey parlak bir noktad\u0131r. Bu nedenle, \u015fiddetli hava durumu radar\u0131na bakarken, bunun yaln\u0131zca bir anl\u0131k g\u00f6r\u00fcnt\u00fc oldu\u011funu ve di\u011fer hava durumu verileriyle birlikte de\u011ferlendirilmesi gerekti\u011fini daima unutmay\u0131n.<\/p>\n<h3>Uydu f\u0131rt\u0131na radar\u0131<\/h3>\n<p>Burada uzaydan gelen f\u0131rt\u0131nalar\u0131 g\u00f6r\u00fcnt\u00fcleyebilirsiniz.<\/p>\n<p><em><img decoding=\"async\" src=\"https:\/\/s.w-x.co\/staticmaps\/ussat_1280x720.jpg\" \/><\/em><\/p>\n<h3 class=\"p1\">F\u0131rt\u0131na nas\u0131l olu\u015fur?<\/h3>\n<p class=\"p1\">F\u0131rt\u0131na, kuvvetli r\u00fczgarlar ve ya\u011f\u0131\u015flar\u0131n bir araya gelmesiyle olu\u015fan bir hava olay\u0131d\u0131r. bu <a href=\"https:\/\/weather-radar24.com\/tr\/ruzgar-radari\/\">r\u00fczg\u00e2r<\/a> bir f\u0131rt\u0131nada h\u0131z ula\u015fabilir <a href=\"https:\/\/weather-radar24.com\/tr\/kasirga-izci\/\">kas\u0131rga<\/a> kuvvet ve ya\u011f\u0131\u015f miktar\u0131 \u00e7ok y\u00fcksek olabilir. Bu iki fakt\u00f6r, bir f\u0131rt\u0131nan\u0131n \u00e7ok tehlikeli olmas\u0131n\u0131 sa\u011flar. F\u0131rt\u0131na tam olarak nas\u0131l olu\u015fur?<\/p>\n<p class=\"p1\">Farkl\u0131 f\u0131rt\u0131na t\u00fcrleri oldu\u011fu i\u00e7in cevap \u00e7ok basit de\u011fil. Baz\u0131 f\u0131rt\u0131nalar, kutup b\u00f6lgelerinden gelen so\u011fuk hava g\u00fcneye do\u011fru ak\u0131p \u0131l\u0131k havaya \u00e7arpt\u0131\u011f\u0131nda olu\u015fur. Bu t\u00fcr f\u0131rt\u0131naya depresyon denir. Di\u011fer f\u0131rt\u0131nalar, tropik b\u00f6lgelerden gelen s\u0131cak hava kuzeye do\u011fru ak\u0131p so\u011fuk havaya \u00e7arpt\u0131\u011f\u0131nda olu\u015fur. Bu t\u00fcr f\u0131rt\u0131naya y\u00fcksek bas\u0131n\u00e7 alan\u0131 denir. Her iki durumda da hava s\u0131k\u0131\u015f\u0131r ve bu da daha g\u00fc\u00e7l\u00fc r\u00fczgarlara neden olur.<\/p>\n<p class=\"p1\">Ya\u011f\u0131\u015f, havan\u0131n s\u0131k\u0131\u015ft\u0131r\u0131lmas\u0131 sonucu nemde bir art\u0131\u015fa yol a\u00e7t\u0131\u011f\u0131nda meydana gelir, bu da sonunda ya\u011fmur veya ya\u011fmur \u015feklinde d\u00fc\u015fer. <a href=\"https:\/\/weather-radar24.com\/tr\/kar-ortusu-haritasi\/\">kar<\/a>. <a href=\"https:\/\/www.nssl.noaa.gov\/education\/svrwx101\/thunderstorms\/faq\/\" target=\"_blank\" rel=\"noopener\">F\u0131rt\u0131nalar \u00e7ok tehlikeli olabilir<\/a> ve her zaman ciddiye al\u0131nmal\u0131d\u0131r. F\u0131rt\u0131nalar\u0131n yayg\u0131n oldu\u011fu bir b\u00f6lgede ya\u015f\u0131yorsan\u0131z, kendinizi ve ailenizi korumak i\u00e7in al\u0131nabilecek en iyi \u00f6nlemlerin fark\u0131nda olmal\u0131s\u0131n\u0131z.<\/p>\n<h3 class=\"p1\">F\u0131rt\u0131na uyar\u0131s\u0131 ne anlama geliyor?<\/h3>\n<p class=\"p1\">F\u0131rt\u0131na uyar\u0131lar\u0131, halk\u0131 yakla\u015fan bir f\u0131rt\u0131na konusunda uyarmak i\u00e7in hava durumu servisi taraf\u0131ndan verilir. F\u0131rt\u0131na uyar\u0131lar\u0131, r\u00fczgar h\u0131z\u0131 en az 62,14 mil (Bft 9) olan bir f\u0131rt\u0131na veya \u015fiddetli f\u0131rt\u0131na beklendi\u011finde verilir. F\u0131rt\u0131na uyar\u0131lar\u0131 genellikle 3 ila 6 saatlik bir s\u00fcre i\u00e7in ge\u00e7erlidir. F\u0131rt\u0131na uyar\u0131lar\u0131 genellikle gece veya sabah erken saatlerde yap\u0131lmaz \u00e7\u00fcnk\u00fc \u00e7o\u011fu insan bu saatlerde uyur.<\/p>\n<h3 class=\"p1\">En y\u00fcksek f\u0131rt\u0131na uyar\u0131 seviyesi nedir?<\/h3>\n<p class=\"p1\">D\u00f6rt \u015fiddetli hava uyar\u0131 seviyesi vard\u0131r. En y\u00fcksek seviye 5 uyar\u0131 seviyesidir ve bunu 4, 3, 2 ve 1 uyar\u0131 seviyeleri takip eder. Uyar\u0131 seviyeleri hava durumu servisi taraf\u0131ndan belirlenir ve f\u0131rt\u0131nan\u0131n \u015fiddeti ve s\u00fcresi, hasar\u0131n boyutu ve beklenen trafik kesintileri<\/p>\n<h3 class=\"p1\">Bir f\u0131rt\u0131nan\u0131n ge\u00e7mesi ne kadar s\u00fcrer?<\/h3>\n<p class=\"p1\">Bir f\u0131rt\u0131na yakla\u015f\u0131yor, ama ne kadar s\u00fcre g\u00fcvende kalman\u0131z gerekiyor? Bir f\u0131rt\u0131na h\u0131zla ge\u00e7er \u2013 asl\u0131nda o kadar h\u0131zl\u0131 ki, g\u00fcvenli\u011fe ula\u015fmak i\u00e7in zar zor zaman\u0131n\u0131z olur. Aksi takdirde, durmadan devam eder ve \u015fiddetli hava uyar\u0131s\u0131 y\u00fcr\u00fcrl\u00fckte kal\u0131r. Ama bir f\u0131rt\u0131na ger\u00e7ekten ne kadar s\u00fcrer?<\/p>\n<p class=\"p1\">Dolay\u0131s\u0131yla bu sorunun cevab\u0131 \u00e7ok basit de\u011fil. F\u0131rt\u0131nan\u0131n ne kadar kuvvetli oldu\u011funa ve hangi b\u00f6lgede oldu\u011funa ba\u011fl\u0131. Genellikle, bir f\u0131rt\u0131na 30 dakika ile bir saat aras\u0131nda s\u00fcrer. Nadir durumlarda, ancak, daha uzun s\u00fcrebilir.<\/p>","protected":false},"excerpt":{"rendered":"<p>F\u0131rt\u0131na radar\u0131 \u2013 \u015fiddetli hava ko\u015fullar\u0131 i\u00e7in g\u00fcncel tahmin Hava g\u00fczelken d\u0131\u015far\u0131da oturup g\u00fcne\u015fin tad\u0131n\u0131 \u00e7\u0131karmaktan daha iyi ne olabilir? Ne yaz\u0131k ki, hava her zaman \u00e7ok iyi de\u011fil. \u015eiddetli hava radar\u0131, k\u00f6t\u00fc hava ko\u015fullar\u0131 hakk\u0131nda uyarmak i\u00e7in \u00f6nemli bir ara\u00e7t\u0131r. Ama \u015fiddetli hava radar\u0131 asl\u0131nda nedir ve nas\u0131l\u2026&nbsp;<a href=\"https:\/\/weather-radar24.com\/tr\/firtina-radari\/\" rel=\"bookmark\">Read More &raquo;<span class=\"screen-reader-text\">F\u0131rt\u0131na radar\u0131<\/span><\/a><\/p>","protected":false},"author":1,"featured_media":120,"parent":0,"menu_order":0,"comment_status":"closed","ping_status":"closed","template":"","meta":{"neve_meta_sidebar":"","neve_meta_container":"","neve_meta_enable_content_width":"off","neve_meta_content_width":100,"neve_meta_title_alignment":"","neve_meta_author_avatar":"","neve_post_elements_order":"","neve_meta_disable_header":"","neve_meta_disable_footer":"","neve_meta_disable_title":"on","neve_meta_reading_time":"","footnotes":""},"class_list":["post-44","page","type-page","status-publish","has-post-thumbnail","hentry"],"yoast_head":"<!-- This site is optimized with the Yoast SEO plugin v27.3 - https:\/\/yoast.com\/product\/yoast-seo-wordpress\/ -->\n<title>Storm radar - current forecast for severe weather<\/title>\n<meta name=\"description\" content=\"Track the current weather conditions in real time with our Storm radar! The weather map shows the forecast for rain and severe weather\" \/>\n<meta name=\"robots\" content=\"index, follow, max-snippet:-1, max-image-preview:large, max-video-preview:-1\" \/>\n<link rel=\"canonical\" href=\"https:\/\/weather-radar24.com\/tr\/firtina-radari\/\" \/>\n<meta property=\"og:locale\" content=\"tr_TR\" \/>\n<meta property=\"og:type\" content=\"article\" \/>\n<meta property=\"og:title\" content=\"Storm radar - current forecast for severe weather\" \/>\n<meta property=\"og:description\" content=\"Track the current weather conditions in real time with our Storm radar! The weather map shows the forecast for rain and severe weather\" \/>\n<meta property=\"og:url\" content=\"https:\/\/weather-radar24.com\/tr\/firtina-radari\/\" \/>\n<meta property=\"article:modified_time\" content=\"2026-04-11T11:13:09+00:00\" \/>\n<meta property=\"og:image\" content=\"https:\/\/weather-radar24.com\/wp-content\/uploads\/2022\/08\/Bildschirmfoto-2022-08-18-um-19.20.43.png\" \/>\n\t<meta property=\"og:image:width\" content=\"353\" \/>\n\t<meta property=\"og:image:height\" content=\"258\" \/>\n\t<meta property=\"og:image:type\" content=\"image\/png\" \/>\n<meta name=\"twitter:card\" content=\"summary_large_image\" \/>\n<meta name=\"twitter:label1\" content=\"Tahmini okuma s\u00fcresi\" \/>\n\t<meta name=\"twitter:data1\" content=\"4 dakika\" \/>\n<script type=\"application\/ld+json\" class=\"yoast-schema-graph\">{\"@context\":\"https:\\\/\\\/schema.org\",\"@graph\":[{\"@type\":\"WebPage\",\"@id\":\"https:\\\/\\\/weather-radar24.com\\\/storm-radar\\\/\",\"url\":\"https:\\\/\\\/weather-radar24.com\\\/storm-radar\\\/\",\"name\":\"Storm radar - current forecast for severe weather\",\"isPartOf\":{\"@id\":\"https:\\\/\\\/weather-radar24.com\\\/#website\"},\"primaryImageOfPage\":{\"@id\":\"https:\\\/\\\/weather-radar24.com\\\/storm-radar\\\/#primaryimage\"},\"image\":{\"@id\":\"https:\\\/\\\/weather-radar24.com\\\/storm-radar\\\/#primaryimage\"},\"thumbnailUrl\":\"https:\\\/\\\/weather-radar24.com\\\/wp-content\\\/uploads\\\/2022\\\/08\\\/Bildschirmfoto-2022-08-18-um-19.20.43.png\",\"datePublished\":\"2022-08-17T19:14:51+00:00\",\"dateModified\":\"2026-04-11T11:13:09+00:00\",\"description\":\"Track the current weather conditions in real time with our Storm radar! The weather map shows the forecast for rain and severe weather\",\"breadcrumb\":{\"@id\":\"https:\\\/\\\/weather-radar24.com\\\/storm-radar\\\/#breadcrumb\"},\"inLanguage\":\"tr\",\"potentialAction\":[{\"@type\":\"ReadAction\",\"target\":[\"https:\\\/\\\/weather-radar24.com\\\/storm-radar\\\/\"]}]},{\"@type\":\"ImageObject\",\"inLanguage\":\"tr\",\"@id\":\"https:\\\/\\\/weather-radar24.com\\\/storm-radar\\\/#primaryimage\",\"url\":\"https:\\\/\\\/weather-radar24.com\\\/wp-content\\\/uploads\\\/2022\\\/08\\\/Bildschirmfoto-2022-08-18-um-19.20.43.png\",\"contentUrl\":\"https:\\\/\\\/weather-radar24.com\\\/wp-content\\\/uploads\\\/2022\\\/08\\\/Bildschirmfoto-2022-08-18-um-19.20.43.png\",\"width\":353,\"height\":258,\"caption\":\"Storm radar\"},{\"@type\":\"BreadcrumbList\",\"@id\":\"https:\\\/\\\/weather-radar24.com\\\/storm-radar\\\/#breadcrumb\",\"itemListElement\":[{\"@type\":\"ListItem\",\"position\":1,\"name\":\"Startseite\",\"item\":\"https:\\\/\\\/weather-radar24.com\\\/\"},{\"@type\":\"ListItem\",\"position\":2,\"name\":\"Storm radar\"}]},{\"@type\":\"WebSite\",\"@id\":\"https:\\\/\\\/weather-radar24.com\\\/#website\",\"url\":\"https:\\\/\\\/weather-radar24.com\\\/\",\"name\":\"\",\"description\":\"\",\"potentialAction\":[{\"@type\":\"SearchAction\",\"target\":{\"@type\":\"EntryPoint\",\"urlTemplate\":\"https:\\\/\\\/weather-radar24.com\\\/?s={search_term_string}\"},\"query-input\":{\"@type\":\"PropertyValueSpecification\",\"valueRequired\":true,\"valueName\":\"search_term_string\"}}],\"inLanguage\":\"tr\"}]}<\/script>\n<!-- \/ Yoast SEO plugin. -->","yoast_head_json":{"title":"F\u0131rt\u0131na radar\u0131 - \u015fiddetli hava durumu i\u00e7in g\u00fcncel hava tahmini","description":"Storm radar\u0131m\u0131zla mevcut hava ko\u015fullar\u0131n\u0131 ger\u00e7ek zamanl\u0131 olarak takip edin! Hava durumu haritas\u0131, ya\u011fmur ve \u015fiddetli hava tahminlerini g\u00f6sterir","robots":{"index":"index","follow":"follow","max-snippet":"max-snippet:-1","max-image-preview":"max-image-preview:large","max-video-preview":"max-video-preview:-1"},"canonical":"https:\/\/weather-radar24.com\/tr\/firtina-radari\/","og_locale":"tr_TR","og_type":"article","og_title":"Storm radar - current forecast for severe weather","og_description":"Track the current weather conditions in real time with our Storm radar! The weather map shows the forecast for rain and severe weather","og_url":"https:\/\/weather-radar24.com\/tr\/firtina-radari\/","article_modified_time":"2026-04-11T11:13:09+00:00","og_image":[{"width":353,"height":258,"url":"https:\/\/weather-radar24.com\/wp-content\/uploads\/2022\/08\/Bildschirmfoto-2022-08-18-um-19.20.43.png","type":"image\/png"}],"twitter_card":"summary_large_image","twitter_misc":{"Tahmini okuma s\u00fcresi":"4 dakika"},"schema":{"@context":"https:\/\/schema.org","@graph":[{"@type":"WebPage","@id":"https:\/\/weather-radar24.com\/storm-radar\/","url":"https:\/\/weather-radar24.com\/storm-radar\/","name":"F\u0131rt\u0131na radar\u0131 - \u015fiddetli hava durumu i\u00e7in g\u00fcncel hava tahmini","isPartOf":{"@id":"https:\/\/weather-radar24.com\/#website"},"primaryImageOfPage":{"@id":"https:\/\/weather-radar24.com\/storm-radar\/#primaryimage"},"image":{"@id":"https:\/\/weather-radar24.com\/storm-radar\/#primaryimage"},"thumbnailUrl":"https:\/\/weather-radar24.com\/wp-content\/uploads\/2022\/08\/Bildschirmfoto-2022-08-18-um-19.20.43.png","datePublished":"2022-08-17T19:14:51+00:00","dateModified":"2026-04-11T11:13:09+00:00","description":"Storm radar\u0131m\u0131zla mevcut hava ko\u015fullar\u0131n\u0131 ger\u00e7ek zamanl\u0131 olarak takip edin! Hava durumu haritas\u0131, ya\u011fmur ve \u015fiddetli hava tahminlerini g\u00f6sterir","breadcrumb":{"@id":"https:\/\/weather-radar24.com\/storm-radar\/#breadcrumb"},"inLanguage":"tr","potentialAction":[{"@type":"ReadAction","target":["https:\/\/weather-radar24.com\/storm-radar\/"]}]},{"@type":"ImageObject","inLanguage":"tr","@id":"https:\/\/weather-radar24.com\/storm-radar\/#primaryimage","url":"https:\/\/weather-radar24.com\/wp-content\/uploads\/2022\/08\/Bildschirmfoto-2022-08-18-um-19.20.43.png","contentUrl":"https:\/\/weather-radar24.com\/wp-content\/uploads\/2022\/08\/Bildschirmfoto-2022-08-18-um-19.20.43.png","width":353,"height":258,"caption":"Storm radar"},{"@type":"BreadcrumbList","@id":"https:\/\/weather-radar24.com\/storm-radar\/#breadcrumb","itemListElement":[{"@type":"ListItem","position":1,"name":"Startseite","item":"https:\/\/weather-radar24.com\/"},{"@type":"ListItem","position":2,"name":"Storm radar"}]},{"@type":"WebSite","@id":"https:\/\/weather-radar24.com\/#website","url":"https:\/\/weather-radar24.com\/","name":"","description":"","potentialAction":[{"@type":"SearchAction","target":{"@type":"EntryPoint","urlTemplate":"https:\/\/weather-radar24.com\/?s={search_term_string}"},"query-input":{"@type":"PropertyValueSpecification","valueRequired":true,"valueName":"search_term_string"}}],"inLanguage":"tr"}]}},"_links":{"self":[{"href":"https:\/\/weather-radar24.com\/tr\/wp-json\/wp\/v2\/pages\/44","targetHints":{"allow":["GET"]}}],"collection":[{"href":"https:\/\/weather-radar24.com\/tr\/wp-json\/wp\/v2\/pages"}],"about":[{"href":"https:\/\/weather-radar24.com\/tr\/wp-json\/wp\/v2\/types\/page"}],"author":[{"embeddable":true,"href":"https:\/\/weather-radar24.com\/tr\/wp-json\/wp\/v2\/users\/1"}],"replies":[{"embeddable":true,"href":"https:\/\/weather-radar24.com\/tr\/wp-json\/wp\/v2\/comments?post=44"}],"version-history":[{"count":10,"href":"https:\/\/weather-radar24.com\/tr\/wp-json\/wp\/v2\/pages\/44\/revisions"}],"predecessor-version":[{"id":119,"href":"https:\/\/weather-radar24.com\/tr\/wp-json\/wp\/v2\/pages\/44\/revisions\/119"}],"wp:featuredmedia":[{"embeddable":true,"href":"https:\/\/weather-radar24.com\/tr\/wp-json\/wp\/v2\/media\/120"}],"wp:attachment":[{"href":"https:\/\/weather-radar24.com\/tr\/wp-json\/wp\/v2\/media?parent=44"}],"curies":[{"name":"wp","href":"https:\/\/api.w.org\/{rel}","templated":true}]}}