{"id":46,"date":"2022-08-17T21:15:08","date_gmt":"2022-08-17T19:15:08","guid":{"rendered":"https:\/\/weather-radar24.com\/?page_id=46"},"modified":"2026-04-11T13:13:44","modified_gmt":"2026-04-11T11:13:44","slug":"lightning-strike-map","status":"publish","type":"page","link":"https:\/\/weather-radar24.com\/tr\/yildirim-carpmasi-haritasi\/","title":{"rendered":"Y\u0131ld\u0131r\u0131m \u00e7arpmas\u0131 haritas\u0131"},"content":{"rendered":"<h1>Y\u0131ld\u0131r\u0131m \u00e7arpmas\u0131 haritas\u0131 \u2013 y\u0131ld\u0131r\u0131m tespiti ile mevcut f\u0131rt\u0131nalar\u0131 takip edin<\/h1>\n<p>Bir\u00e7o\u011fumuz bu hava olay\u0131n\u0131 duyduk, ancak sadece birka\u00e7\u0131 ger\u00e7ekten anl\u0131yor. Burada bir Lightning Strike Haritas\u0131n\u0131n tam olarak ne oldu\u011funu ve nas\u0131l \u00e7al\u0131\u015ft\u0131\u011f\u0131n\u0131 a\u00e7\u0131klayaca\u011f\u0131z!<\/p>\n<div id=\"windy-radar-box\" style=\"max-width:1300px;margin:20px auto;padding:24px;border:1px solid #dcdcdc;border-radius:12px;background:#f8fafc;text-align:center;font-family:Arial,sans-serif;\">\n<h3 style=\"margin:0 0 10px 0;font-size:24px;color:#1f2937;\">Live Weather Radar<\/h3>\n<p style=\"margin:0 0 18px 0;font-size:16px;line-height:1.5;color:#4b5563;\">\n    Click the button below to load the live radar map from Windy.com.\n  <\/p>\n<p>  <button onclick=\"loadWindyRadar()\" style=\"background:#2563eb;color:#ffffff;border:none;padding:14px 24px;font-size:16px;font-weight:600;border-radius:8px;cursor:pointer;\"><br \/>\n    Load Live Radar<br \/>\n  <\/button><\/p>\n<p style=\"margin:14px 0 0 0;font-size:13px;color:#6b7280;\">\n    External content will be loaded from Windy.com after clicking.\n  <\/p>\n<\/div>\n<p><script>\nfunction loadWindyRadar() {\n  document.getElementById('windy-radar-box').innerHTML =\n    '<iframe loading=\"lazy\" src=\"https:\/\/embed.windy.com\/embed2.html?lat=39.606&#038;lon=-97.031&#038;detailLat=49.142&#038;detailLon=9.223&#038;width=1300&#038;height=600&#038;zoom=5&#038;level=surface&#038;overlay=radar&#038;product=radar&#038;menu=&#038;message=true&#038;marker=&#038;calendar=now&#038;pressure=&#038;type=map&#038;location=coordinates&#038;detail=&#038;metricWind=default&#038;metricTemp=default&#038;radarRange=-1\" width=\"100%\" height=\"600\" frameborder=\"0\" style=\"border:0;border-radius:12px;\"><\/iframe>';\n}\n<\/script><\/p>\n<h2 class=\"p1\">Y\u0131ld\u0131r\u0131m radar\u0131 nedir?<\/h2>\n<p class=\"p1\">Y\u0131ld\u0131r\u0131m radar\u0131, \u00f6zellikle g\u00f6k g\u00fcr\u00fclt\u00fcl\u00fc f\u0131rt\u0131nalar\u0131 aramak i\u00e7in tasarlanm\u0131\u015f bir radard\u0131r. Y\u0131ld\u0131r\u0131m radar\u0131n\u0131n icad\u0131, \u0130ngiltere&#039;de Robert Watson-Watt&#039;\u0131n y\u0131ld\u0131r\u0131m yerini tespit edebilen ilk sistemi geli\u015ftirdi\u011fi 1940 y\u0131l\u0131na kadar uzan\u0131yor.<\/p>\n<p class=\"p1\">Radar, gece g\u00f6r\u00fc\u015f\u00fc ilkesine dayan\u0131yordu ve b\u00f6ylece birka\u00e7 y\u00fcz kilometrelik bir yar\u0131\u00e7ap i\u00e7indeki \u015fim\u015fekleri tespit edebildi. Sonraki y\u0131llarda, sistem daha da geli\u015ftirildi ve geli\u015ftirildi, b\u00f6ylece bug\u00fcn yakla\u015f\u0131k 800 kilometrelik bir yar\u0131\u00e7ap i\u00e7indeki hemen hemen her y\u0131ld\u0131r\u0131m\u0131 alg\u0131layabiliyor.<\/p>\n<h2 class=\"p1\">Y\u0131ld\u0131r\u0131m \u00c7arpmas\u0131 Haritas\u0131 nas\u0131l \u00e7al\u0131\u015f\u0131r?<\/h2>\n<p class=\"p1\">Daha \u00f6nce bir f\u0131rt\u0131na izlediyseniz, g\u00f6k g\u00fcr\u00fclt\u00fcs\u00fcn\u00fcn genellikle \u015fim\u015fekten birka\u00e7 saniye sonra geldi\u011fini fark etmi\u015fsinizdir. Bu, saniyede yakla\u015f\u0131k 340 metre olan ses h\u0131z\u0131ndan kaynaklanmaktad\u0131r. \u00d6te yandan \u0131\u015f\u0131k h\u0131z\u0131 sonsuzdur.<\/p>\n<p class=\"p1\">Bu nedenle y\u0131ld\u0131r\u0131m radar\u0131, f\u0131rt\u0131nan\u0131n tam yerini belirlemek i\u00e7in kullan\u0131labilir. Radar, atmosfere bir elektromanyetik dalga demeti g\u00f6nderir ve ya\u011fmur damlalar\u0131ndan veya buz par\u00e7ac\u0131klar\u0131ndan yans\u0131yan yank\u0131y\u0131 al\u0131r. Radar, sinyalin seyahat s\u00fcresine ba\u011fl\u0131 olarak f\u0131rt\u0131nan\u0131n ne kadar uzakta oldu\u011funu hesaplayabilir. Yani bir y\u0131ld\u0131r\u0131m radar\u0131 <a href=\"https:\/\/weather-radar24.com\/tr\/\">hava radar\u0131<\/a> \u00f6zellikle f\u0131rt\u0131nalar\u0131 aramak i\u00e7in tasarlanm\u0131\u015ft\u0131r.<\/p>\n<h3 class=\"p1\">Bir y\u0131ld\u0131r\u0131m \u00e7arpmas\u0131 haritas\u0131, y\u0131ld\u0131r\u0131m\u0131n \u00e7arpaca\u011f\u0131 yeri nas\u0131l bulur?<\/h3>\n<p class=\"p1\">Y\u0131ld\u0131r\u0131m konumu, y\u0131ld\u0131r\u0131m\u0131n konumunun ger\u00e7ek zamanl\u0131 olarak belirlenmesidir. Y\u0131ld\u0131r\u0131m konumunun en yayg\u0131n y\u00f6ntemi, \u00fc\u00e7 veya daha fazla al\u0131c\u0131n\u0131n \u00e7arpmay\u0131 zamanlad\u0131\u011f\u0131 ve konumlar\u0131n\u0131 merkezi bir bilgisayara g\u00f6nderdi\u011fi \u00fc\u00e7genlemedir. Bu daha sonra y\u0131ld\u0131r\u0131m\u0131n konumunu hesaplar. Y\u0131ld\u0131r\u0131m konumu, g\u00f6k g\u00fcr\u00fclt\u00fcl\u00fc f\u0131rt\u0131nalar\u0131n konumunu belirlemek i\u00e7in de kullan\u0131labilir.<\/p>\n<p class=\"p1\">\u015eim\u015fek \u00e7ok h\u0131zl\u0131 oldu\u011fu i\u00e7in genellikle g\u00f6zle g\u00f6r\u00fclmez. Bununla birlikte, birka\u00e7 al\u0131c\u0131 \u00e7arpman\u0131n zaman\u0131n\u0131 \u00f6l\u00e7er ve konumlar\u0131n\u0131 merkezi bir bilgisayara g\u00f6nderirse, bilgisayar f\u0131rt\u0131nan\u0131n konumunu hesaplayabilir. Y\u0131ld\u0131r\u0131m tespiti, a\u015fa\u011f\u0131daki gibi hava olaylar\u0131n\u0131n konumunu belirlemek i\u00e7in de yararl\u0131d\u0131r. <a href=\"https:\/\/weather-radar24.com\/tr\/kasirga-radari\/\">hortumlar<\/a> veya <a href=\"https:\/\/weather-radar24.com\/tr\/kasirga-izci\/\">kas\u0131rgalar<\/a>. Bu fenomenler \u00e7ok h\u0131zl\u0131 oldu\u011fu i\u00e7in genellikle g\u00f6zle g\u00f6r\u00fclemezler. Ancak, birka\u00e7 al\u0131c\u0131 \u00e7arpma zaman\u0131n\u0131 \u00f6l\u00e7er ve konumlar\u0131n\u0131 merkezi bir bilgisayara g\u00f6nderirse, bilgisayar fenomenin konumunu hesaplayabilir.<\/p>\n<h3 class=\"p1\">Y\u0131ld\u0131r\u0131m nas\u0131l olu\u015fur?<\/h3>\n<p class=\"p1\">\u015eim\u015fek, bulutlar aras\u0131nda veya bulutlar aras\u0131nda meydana gelen bir elektrik bo\u015falmas\u0131d\u0131r. <a href=\"https:\/\/weather-radar24.com\/tr\/bulut-kapak-haritasi\/\">bulut<\/a> ve toprak. \u015eim\u015feklerin \u00e7o\u011fu, k\u00fcm\u00fclonimbus bulutlar\u0131 (g\u00f6k g\u00fcr\u00fclt\u00fcs\u00fc bulutlar\u0131) olu\u015ftu\u011funda meydana gelir. Bu bulutlarda hava \u00e7ok nemlidir ve yukar\u0131 do\u011fru hava ak\u0131mlar\u0131 meydana gelir. Yukar\u0131 \u00e7eki\u015fler, bulutlar\u0131n s\u0131n\u0131rlar\u0131na ula\u015fana kadar daha da y\u00fckselmesine neden olur. Bulut bu s\u0131n\u0131ra ula\u015ft\u0131\u011f\u0131nda, y\u0131ld\u0131r\u0131m a\u015fa\u011f\u0131ya do\u011fru yay\u0131labilir.<\/p>\n<h3>G\u00f6k G\u00fcr\u00fclt\u00fcs\u00fc Nedir?<\/h3>\n<p>G\u00f6k g\u00fcr\u00fclt\u00fcs\u00fc, \u015fim\u015fek \u00e7akmas\u0131yla ili\u015fkili a\u015f\u0131r\u0131 \u0131s\u0131dan kaynaklan\u0131r. Hava bir saniyeden daha k\u0131sa s\u00fcrede 15.000 ila 60.000 F&#039;ye \u0131s\u0131t\u0131l\u0131r. Hava bu kadar y\u00fcksek bir s\u0131cakl\u0131\u011fa \u0131s\u0131t\u0131ld\u0131\u011f\u0131nda h\u0131zla geni\u015fler (&quot;patlar&quot;) ve ard\u0131ndan b\u00fcz\u00fcl\u00fcr. Duydu\u011fumuz ses dalgalar\u0131na neden olan \u015fey, hava molek\u00fcllerinin bu h\u0131zl\u0131 geni\u015flemesi\/b\u00fcz\u00fclmesidir.<\/p>\n<h3 class=\"p1\">Normal bir \u015fim\u015fek ka\u00e7 volttur?<\/h3>\n<p class=\"p1\">Pek \u00e7ok insan, normal bir y\u0131ld\u0131r\u0131m\u0131n ka\u00e7 volt oldu\u011funu merak eder. Asl\u0131nda s\u00f6ylemek zor \u00e7\u00fcnk\u00fc \u201cnormal\u201d y\u0131ld\u0131r\u0131m diye bir \u015fey yok. <a href=\"https:\/\/www.windpowerengineering.com\/how-much-power-in-a-bolt-of-lightning\/\" target=\"_blank\" rel=\"noopener\">Y\u0131ld\u0131r\u0131m \u00e7arpmalar\u0131n\u0131n voltaj\u0131<\/a> b\u00fcy\u00fck \u00f6l\u00e7\u00fcde de\u011fi\u015fir ve f\u0131rt\u0131nan\u0131n y\u00fcksekli\u011fi, bulutlar\u0131n say\u0131s\u0131 ve yerin t\u00fcr\u00fc gibi bir\u00e7ok fakt\u00f6re ba\u011fl\u0131d\u0131r. Ancak voltaj genellikle 100 milyon ile 1 milyar volt aras\u0131ndad\u0131r.<\/p>\n<h3 class=\"p1\">Farkl\u0131 y\u0131ld\u0131r\u0131m t\u00fcrleri nelerdir?<\/h3>\n<p class=\"p1\">Y\u0131ld\u0131r\u0131m, \u015fekline ve yap\u0131s\u0131na ba\u011fl\u0131 olarak birka\u00e7 kategoriye ayr\u0131labilir. En yayg\u0131n y\u0131ld\u0131r\u0131m t\u00fcrleri buluttan yere y\u0131ld\u0131r\u0131m, f\u0131rt\u0131na y\u0131ld\u0131r\u0131m\u0131 ve hava y\u0131ld\u0131r\u0131m\u0131d\u0131r.<\/p>\n<h3 class=\"p1\">\u015eim\u015fek ortalama ne kadar s\u0131cak?<\/h3>\n<p class=\"p1\">\u015eim\u015feklerin ne kadar s\u0131cak oldu\u011funu merak ettiyseniz, yaln\u0131z de\u011filsiniz. Ancak uzmanlar, y\u0131ld\u0131r\u0131m\u0131n s\u0131cakl\u0131\u011f\u0131n\u0131n yakla\u015f\u0131k 30.000 Fahrenheit oldu\u011fu konusunda hemfikir. Bu, g\u00fcne\u015fin y\u00fczeyinden yakla\u015f\u0131k be\u015f kat daha s\u0131cak!<\/p>\n<h3>Y\u0131ld\u0131r\u0131m Genellikle Neye \u00c7arpar?<\/h3>\n<p>Y\u0131ld\u0131r\u0131m, ana k\u00fcm\u00fclonimbus bulutundan gelir. Bu f\u0131rt\u0131na bulutlar\u0131, donma noktas\u0131ndan biraz daha so\u011fuk seviyelere ula\u015fan derin bir bulut olu\u015fturmak i\u00e7in yeterince yukar\u0131 do\u011fru hareketin, dikeyde dengesizli\u011fin ve nemin oldu\u011fu yerlerde olu\u015fur.<\/p>\n<p>Bu ko\u015fullar en \u00e7ok yaz aylar\u0131nda kar\u015f\u0131lan\u0131r. Genel olarak, ABD anakaras\u0131n\u0131n kuzeybat\u0131ya do\u011fru azalan miktarda \u015fim\u015fe\u011fi vard\u0131r. T\u00fcm y\u0131l boyunca, buluttan yere y\u0131ld\u0131r\u0131m\u0131n en y\u00fcksek s\u0131kl\u0131\u011f\u0131 Florida&#039;da, Tampa ve Orlando aras\u0131ndad\u0131r. Bunun nedeni, y\u0131l boyunca bir\u00e7ok g\u00fcn atmosferde d\u00fc\u015f\u00fck seviyelerde (5.000 fitin alt\u0131nda) b\u00fcy\u00fck bir nem i\u00e7eri\u011finin yan\u0131 s\u0131ra Florida k\u0131y\u0131lar\u0131 boyunca g\u00fc\u00e7l\u00fc deniz meltemleri \u00fcreten y\u00fcksek y\u00fczey s\u0131cakl\u0131klar\u0131n\u0131n bulunmas\u0131d\u0131r.<\/p>\n<p>Amerika Birle\u015fik Devletleri&#039;nin bat\u0131 da\u011flar\u0131 da yukar\u0131 do\u011fru g\u00fc\u00e7l\u00fc hareketler \u00fcretir ve s\u0131k s\u0131k buluttan yere \u015fim\u015fe\u011fe katk\u0131da bulunur. Meksika K\u00f6rfezi k\u0131y\u0131s\u0131 boyunca bat\u0131da Teksas&#039;a, Amerika Birle\u015fik Devletleri&#039;nin g\u00fcneydo\u011fusundaki Atlantik k\u0131y\u0131s\u0131na ve K\u00f6rfez&#039;den i\u00e7 kesimlere kadar y\u00fcksek frekanslar vard\u0131r. Pasifik bat\u0131 k\u0131y\u0131s\u0131 boyunca uzanan b\u00f6lgeler, buluttan yere y\u0131ld\u0131r\u0131m\u0131n en az oldu\u011fu b\u00f6lgelerdir.<\/p>\n<p>Y\u00fczeye \u00e7arpmayan fla\u015flara bulut fla\u015flar\u0131 denir. Bir bulutun i\u00e7inde olabilirler, bir bulutun bir k\u0131sm\u0131ndan di\u011ferine veya bir buluttan havaya seyahat edebilirler.<\/p>\n<h3 class=\"p1\">Y\u0131ld\u0131r\u0131m d\u00fcnyada en \u00e7ok nerelerde g\u00f6r\u00fcl\u00fcr?<\/h3>\n<p class=\"p1\">Prensip olarak, en y\u00fcksek y\u0131ld\u0131r\u0131m yo\u011funlu\u011fu, s\u0131cak ve so\u011fuk hava k\u00fctlelerinin bulu\u015ftu\u011fu yerlerde, yani tropiklerin k\u0131y\u0131 b\u00f6lgelerinde meydana gelir. Bununla birlikte, t\u00fcm d\u00fcnyaya bakmaz ve kendimizi kara alanlar\u0131yla s\u0131n\u0131rlarsak, G\u00fcney Amerika a\u00e7\u0131k ara \u00f6ndedir.<\/p>\n<h3 class=\"p1\">G\u00f6k g\u00fcr\u00fclt\u00fcs\u00fc olmadan \u015fim\u015fek olabilir mi?<\/h3>\n<p class=\"p1\">Bir\u00e7ok insan, \u015fim\u015fek oldu\u011funda her zaman g\u00f6k g\u00fcrledi\u011fini d\u00fc\u015f\u00fcn\u00fcr. Ama bu her zaman do\u011fru de\u011fildir! Ayr\u0131ca g\u00f6k g\u00fcr\u00fclt\u00fcs\u00fc olmadan yan\u0131p s\u00f6nmesi de olabilir. \u015eim\u015fek \u00f6zellikle uzaktaysa, genellikle g\u00f6k g\u00fcr\u00fclt\u00fcs\u00fcn\u00fc duyamazs\u0131n\u0131z.<span class=\"Apple-converted-space\">\u00a0 <\/span>Hava, sesin iyi yay\u0131lmas\u0131 i\u00e7in \u00e7ok kal\u0131n.<\/p>\n<h3>Y\u0131ld\u0131r\u0131m Tespit Edilebilir mi?<\/h3>\n<p>1980&#039;lerden bu yana, buluttan yere \u015fim\u015fek \u00e7akmalar\u0131 birka\u00e7 a\u011f taraf\u0131ndan t\u00fcm Amerika Birle\u015fik Devletleri&#039;nde ger\u00e7ek zamanl\u0131 olarak tespit edildi ve haritaland\u0131. Son birka\u00e7 y\u0131l i\u00e7inde bir optik sens\u00f6r taraf\u0131ndan uzaydan fla\u015flar da tespit edildi. Bu deneysel uydu, tropik b\u00f6lgelerde g\u00fcnde iki kez d\u00fcnyay\u0131 kapl\u0131yor. Uydu ayr\u0131ca yere \u00e7arpmayan fla\u015flar\u0131 da alg\u0131lar, ancak yer \u00e7arpmalar\u0131 ile bulut fla\u015flar\u0131 aras\u0131ndaki fark\u0131 s\u00f6yleyemez.<\/p>\n<h3 class=\"p1\">Y\u0131ld\u0131r\u0131m ne kadar tehlikeli?<\/h3>\n<p class=\"p1\">Y\u0131ld\u0131r\u0131m, do\u011fan\u0131n en tehlikeli g\u00fc\u00e7lerinden biridir. Her y\u0131l ortalama 24.000 ki\u015fi y\u0131ld\u0131r\u0131m \u00e7arpmas\u0131yla do\u011frudan veya dolayl\u0131 temas sonucu \u00f6lmektedir. Bununla birlikte, y\u0131ld\u0131r\u0131m \u00e7arpmas\u0131 riski nispeten d\u00fc\u015f\u00fckt\u00fcr.<\/p>\n<h3>Y\u0131ld\u0131r\u0131m Ne T\u00fcr Hasarlara Neden Olabilir?<\/h3>\n<p>Buluttan yere y\u0131ld\u0131r\u0131m, insanlar\u0131 do\u011frudan veya dolayl\u0131 yollarla \u00f6ld\u00fcrebilir veya yaralayabilir. Y\u0131ld\u0131r\u0131m ak\u0131m\u0131 bir a\u011fa\u00e7tan, \u00e7itten, direkten veya ba\u015fka bir uzun nesneden bir ki\u015fiye dallanabilir. Do\u011frudan fla\u015f\u0131n kendisine isabet eden t\u00fcm insanlar\u0131n \u00f6ld\u00fcr\u00fcl\u00fcp \u00f6ld\u00fcr\u00fclmedi\u011fi bilinmiyor. Ek olarak, fla\u015f yak\u0131ndaki bir a\u011faca, antene veya ba\u015fka bir uzun nesneye \u00e7arpt\u0131ktan sonra ak\u0131m\u0131n\u0131 yerden bir ki\u015fiye iletebilir. Ak\u0131m ayn\u0131 zamanda elektrik veya telefon hatlar\u0131ndan ya da tesisat borular\u0131ndan elektrikli alet, telefon ya da s\u0131hhi tesisat armat\u00fcr\u00fcyle temas halinde olan bir ki\u015fiye ge\u00e7ebilir.<\/p>\n<p>Benzer \u015fekilde, nesnelere do\u011frudan \u00e7arp\u0131labilir ve bu \u00e7arpma, patlama, yanma veya tamamen yok olma ile sonu\u00e7lanabilir. Veya ak\u0131m i\u00e7inden veya yak\u0131n\u0131ndan ge\u00e7ti\u011finde hasar dolayl\u0131 olabilir. Bazen ak\u0131m bir binaya girebilir ve kablolardan veya tesisattan ge\u00e7erek yoluna \u00e7\u0131kan her \u015feye zarar verebilir. Benzer \u015fekilde, kentsel alanlarda bir dire\u011fe veya a\u011faca \u00e7arpabilir ve ak\u0131m daha sonra yak\u0131ndaki birka\u00e7 eve ve di\u011fer yap\u0131lara gider ve kablo veya s\u0131hhi tesisat yoluyla bunlara girer.<\/p>\n<h3>Y\u0131ld\u0131r\u0131m Neden Olur?<\/h3>\n<p>Y\u0131ld\u0131r\u0131m, ya\u011fmur damlalar\u0131 baz\u0131lar\u0131 buza d\u00f6n\u00fc\u015fene kadar yukar\u0131 do\u011fru ta\u015f\u0131nd\u0131\u011f\u0131nda, deniz seviyesinden yakla\u015f\u0131k 15.000 ila 25.000 fit y\u00fckseklikte ba\u015flar. Genel olarak \u00fczerinde anla\u015fmaya var\u0131lmayan nedenlerden dolay\u0131, bu kar\u0131\u015f\u0131k su ve buz b\u00f6lgesinde bir buluttan yere bir \u015fim\u015fek \u00e7akmas\u0131 meydana gelir. \u015earj daha sonra ad\u0131m liderleri ad\u0131 verilen 50 yardl\u0131k b\u00f6l\u00fcmlerde a\u015fa\u011f\u0131 do\u011fru hareket eder. Bu basamaklarda yere do\u011fru hareket etmeye devam eder ve y\u00fck\u00fcn birikti\u011fi bir kanal olu\u015fturur. Sonunda, yerde iyi bir ba\u011flant\u0131 olan bir \u015feyle kar\u015f\u0131la\u015f\u0131r. Devre o anda tamamlan\u0131r ve y\u00fck buluttan topra\u011fa indirilir.<\/p>\n<p>Y\u00fck ak\u0131\u015f\u0131 (ak\u0131m), d\u00fc\u015fen k\u0131s\u0131mdan \u00e7ok daha parlak bir parlakl\u0131k \u00fcretir. T\u00fcm bu olay genellikle yar\u0131m saniyeden az s\u00fcrer.<\/p>","protected":false},"excerpt":{"rendered":"<p>Lightning strike map &#8211; track current thunderstorms by lightning detection Many of us have heard of this weather phenomenon, but only a few really understand it. Here we will explain what exactly a lightning Strike Map is and how it works! Live Weather Radar Click the button below to load the live radar map from&hellip;&nbsp;<a href=\"https:\/\/weather-radar24.com\/tr\/yildirim-carpmasi-haritasi\/\" rel=\"bookmark\">Read More &raquo;<span class=\"screen-reader-text\">Y\u0131ld\u0131r\u0131m \u00e7arpmas\u0131 haritas\u0131<\/span><\/a><\/p>","protected":false},"author":1,"featured_media":124,"parent":0,"menu_order":0,"comment_status":"closed","ping_status":"closed","template":"","meta":{"neve_meta_sidebar":"","neve_meta_container":"","neve_meta_enable_content_width":"off","neve_meta_content_width":100,"neve_meta_title_alignment":"","neve_meta_author_avatar":"","neve_post_elements_order":"","neve_meta_disable_header":"","neve_meta_disable_footer":"","neve_meta_disable_title":"on","neve_meta_reading_time":"","footnotes":""},"class_list":["post-46","page","type-page","status-publish","has-post-thumbnail","hentry"],"yoast_head":"<!-- This site is optimized with the Yoast SEO plugin v27.3 - https:\/\/yoast.com\/product\/yoast-seo-wordpress\/ -->\n<title>Lightning strike map - current thunderstorms by lightning detection<\/title>\n<meta name=\"description\" content=\"Follow lightning strikes Worldwide in real time! The lightning radar with live location \u2713 thunderstorm forecast \u2713 lightning location\" \/>\n<meta name=\"robots\" content=\"index, follow, max-snippet:-1, max-image-preview:large, max-video-preview:-1\" \/>\n<link rel=\"canonical\" href=\"https:\/\/weather-radar24.com\/tr\/yildirim-carpmasi-haritasi\/\" \/>\n<meta property=\"og:locale\" content=\"tr_TR\" \/>\n<meta property=\"og:type\" content=\"article\" \/>\n<meta property=\"og:title\" content=\"Lightning strike map - current thunderstorms by lightning detection\" \/>\n<meta property=\"og:description\" content=\"Follow lightning strikes Worldwide in real time! The lightning radar with live location \u2713 thunderstorm forecast \u2713 lightning location\" \/>\n<meta property=\"og:url\" content=\"https:\/\/weather-radar24.com\/tr\/yildirim-carpmasi-haritasi\/\" \/>\n<meta property=\"article:modified_time\" content=\"2026-04-11T11:13:44+00:00\" \/>\n<meta property=\"og:image\" content=\"https:\/\/weather-radar24.com\/wp-content\/uploads\/2022\/08\/Bildschirmfoto-2022-08-17-um-22.05.14.png\" \/>\n\t<meta property=\"og:image:width\" content=\"358\" \/>\n\t<meta property=\"og:image:height\" content=\"262\" \/>\n\t<meta property=\"og:image:type\" content=\"image\/png\" \/>\n<meta name=\"twitter:card\" content=\"summary_large_image\" \/>\n<meta name=\"twitter:label1\" content=\"Tahmini okuma s\u00fcresi\" \/>\n\t<meta name=\"twitter:data1\" content=\"7 dakika\" \/>\n<script type=\"application\/ld+json\" class=\"yoast-schema-graph\">{\"@context\":\"https:\\\/\\\/schema.org\",\"@graph\":[{\"@type\":\"WebPage\",\"@id\":\"https:\\\/\\\/weather-radar24.com\\\/lightning-strike-map\\\/\",\"url\":\"https:\\\/\\\/weather-radar24.com\\\/lightning-strike-map\\\/\",\"name\":\"Lightning strike map - current thunderstorms by lightning detection\",\"isPartOf\":{\"@id\":\"https:\\\/\\\/weather-radar24.com\\\/#website\"},\"primaryImageOfPage\":{\"@id\":\"https:\\\/\\\/weather-radar24.com\\\/lightning-strike-map\\\/#primaryimage\"},\"image\":{\"@id\":\"https:\\\/\\\/weather-radar24.com\\\/lightning-strike-map\\\/#primaryimage\"},\"thumbnailUrl\":\"https:\\\/\\\/weather-radar24.com\\\/wp-content\\\/uploads\\\/2022\\\/08\\\/Bildschirmfoto-2022-08-17-um-22.05.14.png\",\"datePublished\":\"2022-08-17T19:15:08+00:00\",\"dateModified\":\"2026-04-11T11:13:44+00:00\",\"description\":\"Follow lightning strikes Worldwide in real time! The lightning radar with live location \u2713 thunderstorm forecast \u2713 lightning location\",\"breadcrumb\":{\"@id\":\"https:\\\/\\\/weather-radar24.com\\\/lightning-strike-map\\\/#breadcrumb\"},\"inLanguage\":\"tr\",\"potentialAction\":[{\"@type\":\"ReadAction\",\"target\":[\"https:\\\/\\\/weather-radar24.com\\\/lightning-strike-map\\\/\"]}]},{\"@type\":\"ImageObject\",\"inLanguage\":\"tr\",\"@id\":\"https:\\\/\\\/weather-radar24.com\\\/lightning-strike-map\\\/#primaryimage\",\"url\":\"https:\\\/\\\/weather-radar24.com\\\/wp-content\\\/uploads\\\/2022\\\/08\\\/Bildschirmfoto-2022-08-17-um-22.05.14.png\",\"contentUrl\":\"https:\\\/\\\/weather-radar24.com\\\/wp-content\\\/uploads\\\/2022\\\/08\\\/Bildschirmfoto-2022-08-17-um-22.05.14.png\",\"width\":358,\"height\":262,\"caption\":\"Lightning strike map\"},{\"@type\":\"BreadcrumbList\",\"@id\":\"https:\\\/\\\/weather-radar24.com\\\/lightning-strike-map\\\/#breadcrumb\",\"itemListElement\":[{\"@type\":\"ListItem\",\"position\":1,\"name\":\"Startseite\",\"item\":\"https:\\\/\\\/weather-radar24.com\\\/\"},{\"@type\":\"ListItem\",\"position\":2,\"name\":\"Lightning strike map\"}]},{\"@type\":\"WebSite\",\"@id\":\"https:\\\/\\\/weather-radar24.com\\\/#website\",\"url\":\"https:\\\/\\\/weather-radar24.com\\\/\",\"name\":\"\",\"description\":\"\",\"potentialAction\":[{\"@type\":\"SearchAction\",\"target\":{\"@type\":\"EntryPoint\",\"urlTemplate\":\"https:\\\/\\\/weather-radar24.com\\\/?s={search_term_string}\"},\"query-input\":{\"@type\":\"PropertyValueSpecification\",\"valueRequired\":true,\"valueName\":\"search_term_string\"}}],\"inLanguage\":\"tr\"}]}<\/script>\n<!-- \/ Yoast SEO plugin. -->","yoast_head_json":{"title":"Y\u0131ld\u0131r\u0131m \u00e7arpmas\u0131 haritas\u0131 - y\u0131ld\u0131r\u0131m tespiti ile mevcut g\u00f6k g\u00fcr\u00fclt\u00fcl\u00fc f\u0131rt\u0131nalar","description":"D\u00fcnya \u00e7ap\u0131nda y\u0131ld\u0131r\u0131m \u00e7arpmalar\u0131n\u0131 ger\u00e7ek zamanl\u0131 olarak takip edin! Canl\u0131 konumlu y\u0131ld\u0131r\u0131m radar\u0131 \u2713 f\u0131rt\u0131na tahmini \u2713 y\u0131ld\u0131r\u0131m konumu","robots":{"index":"index","follow":"follow","max-snippet":"max-snippet:-1","max-image-preview":"max-image-preview:large","max-video-preview":"max-video-preview:-1"},"canonical":"https:\/\/weather-radar24.com\/tr\/yildirim-carpmasi-haritasi\/","og_locale":"tr_TR","og_type":"article","og_title":"Lightning strike map - current thunderstorms by lightning detection","og_description":"Follow lightning strikes Worldwide in real time! The lightning radar with live location \u2713 thunderstorm forecast \u2713 lightning location","og_url":"https:\/\/weather-radar24.com\/tr\/yildirim-carpmasi-haritasi\/","article_modified_time":"2026-04-11T11:13:44+00:00","og_image":[{"width":358,"height":262,"url":"https:\/\/weather-radar24.com\/wp-content\/uploads\/2022\/08\/Bildschirmfoto-2022-08-17-um-22.05.14.png","type":"image\/png"}],"twitter_card":"summary_large_image","twitter_misc":{"Tahmini okuma s\u00fcresi":"7 dakika"},"schema":{"@context":"https:\/\/schema.org","@graph":[{"@type":"WebPage","@id":"https:\/\/weather-radar24.com\/lightning-strike-map\/","url":"https:\/\/weather-radar24.com\/lightning-strike-map\/","name":"Y\u0131ld\u0131r\u0131m \u00e7arpmas\u0131 haritas\u0131 - y\u0131ld\u0131r\u0131m tespiti ile mevcut g\u00f6k g\u00fcr\u00fclt\u00fcl\u00fc f\u0131rt\u0131nalar","isPartOf":{"@id":"https:\/\/weather-radar24.com\/#website"},"primaryImageOfPage":{"@id":"https:\/\/weather-radar24.com\/lightning-strike-map\/#primaryimage"},"image":{"@id":"https:\/\/weather-radar24.com\/lightning-strike-map\/#primaryimage"},"thumbnailUrl":"https:\/\/weather-radar24.com\/wp-content\/uploads\/2022\/08\/Bildschirmfoto-2022-08-17-um-22.05.14.png","datePublished":"2022-08-17T19:15:08+00:00","dateModified":"2026-04-11T11:13:44+00:00","description":"D\u00fcnya \u00e7ap\u0131nda y\u0131ld\u0131r\u0131m \u00e7arpmalar\u0131n\u0131 ger\u00e7ek zamanl\u0131 olarak takip edin! Canl\u0131 konumlu y\u0131ld\u0131r\u0131m radar\u0131 \u2713 f\u0131rt\u0131na tahmini \u2713 y\u0131ld\u0131r\u0131m konumu","breadcrumb":{"@id":"https:\/\/weather-radar24.com\/lightning-strike-map\/#breadcrumb"},"inLanguage":"tr","potentialAction":[{"@type":"ReadAction","target":["https:\/\/weather-radar24.com\/lightning-strike-map\/"]}]},{"@type":"ImageObject","inLanguage":"tr","@id":"https:\/\/weather-radar24.com\/lightning-strike-map\/#primaryimage","url":"https:\/\/weather-radar24.com\/wp-content\/uploads\/2022\/08\/Bildschirmfoto-2022-08-17-um-22.05.14.png","contentUrl":"https:\/\/weather-radar24.com\/wp-content\/uploads\/2022\/08\/Bildschirmfoto-2022-08-17-um-22.05.14.png","width":358,"height":262,"caption":"Lightning strike map"},{"@type":"BreadcrumbList","@id":"https:\/\/weather-radar24.com\/lightning-strike-map\/#breadcrumb","itemListElement":[{"@type":"ListItem","position":1,"name":"Startseite","item":"https:\/\/weather-radar24.com\/"},{"@type":"ListItem","position":2,"name":"Lightning strike map"}]},{"@type":"WebSite","@id":"https:\/\/weather-radar24.com\/#website","url":"https:\/\/weather-radar24.com\/","name":"","description":"","potentialAction":[{"@type":"SearchAction","target":{"@type":"EntryPoint","urlTemplate":"https:\/\/weather-radar24.com\/?s={search_term_string}"},"query-input":{"@type":"PropertyValueSpecification","valueRequired":true,"valueName":"search_term_string"}}],"inLanguage":"tr"}]}},"_links":{"self":[{"href":"https:\/\/weather-radar24.com\/tr\/wp-json\/wp\/v2\/pages\/46","targetHints":{"allow":["GET"]}}],"collection":[{"href":"https:\/\/weather-radar24.com\/tr\/wp-json\/wp\/v2\/pages"}],"about":[{"href":"https:\/\/weather-radar24.com\/tr\/wp-json\/wp\/v2\/types\/page"}],"author":[{"embeddable":true,"href":"https:\/\/weather-radar24.com\/tr\/wp-json\/wp\/v2\/users\/1"}],"replies":[{"embeddable":true,"href":"https:\/\/weather-radar24.com\/tr\/wp-json\/wp\/v2\/comments?post=46"}],"version-history":[{"count":9,"href":"https:\/\/weather-radar24.com\/tr\/wp-json\/wp\/v2\/pages\/46\/revisions"}],"predecessor-version":[{"id":125,"href":"https:\/\/weather-radar24.com\/tr\/wp-json\/wp\/v2\/pages\/46\/revisions\/125"}],"wp:featuredmedia":[{"embeddable":true,"href":"https:\/\/weather-radar24.com\/tr\/wp-json\/wp\/v2\/media\/124"}],"wp:attachment":[{"href":"https:\/\/weather-radar24.com\/tr\/wp-json\/wp\/v2\/media?parent=46"}],"curies":[{"name":"wp","href":"https:\/\/api.w.org\/{rel}","templated":true}]}}