{"id":48,"date":"2022-08-17T21:15:27","date_gmt":"2022-08-17T19:15:27","guid":{"rendered":"https:\/\/weather-radar24.com\/?page_id=48"},"modified":"2022-08-26T14:30:17","modified_gmt":"2022-08-26T12:30:17","slug":"tornado-radar","status":"publish","type":"page","link":"https:\/\/weather-radar24.com\/tr\/kasirga-radari\/","title":{"rendered":"kas\u0131rga radar\u0131"},"content":{"rendered":"<h1>Tornado Tracker live map<br \/>\n<iframe loading=\"lazy\" src=\"https:\/\/embed.windy.com\/embed2.html?lat=39.606&amp;lon=-97.031&amp;detailLat=49.142&amp;detailLon=9.223&amp;width=1300&amp;height=600&amp;zoom=5&amp;level=surface&amp;overlay=gust&amp;product=ecmwf&amp;menu=&amp;message=&amp;marker=&amp;calendar=now&amp;pressure=&amp;type=map&amp;location=coordinates&amp;detail=&amp;metricWind=default&amp;metricTemp=default&amp;radarRange=-1\" width=\"100%\" height=\"600\" frameborder=\"0\" data-dashlane-frameid=\"1654\"><\/iframe><\/h1>\n<p style=\"text-align: center;\"><strong>Move the map to find the Tornado you want to track.<\/strong><\/p>\n<p class=\"p1\">Kas\u0131rgalar nispeten nadir olsa da, yine de onlar\u0131 nas\u0131l tan\u0131yaca\u011f\u0131n\u0131z\u0131 ve bir kas\u0131rgan\u0131n yak\u0131n\u0131n\u0131zda oldu\u011funu fark etti\u011finiz anda ne yapaca\u011f\u0131n\u0131z\u0131 bilmelisiniz!<\/p>\n<h2>Tornado probability in the U.S.A. today<\/h2>\n<p><a href=\"https:\/\/www.spc.noaa.gov\/products\/outlook\/day1otlk.html\" target=\"_blank\" rel=\"nofollow noopener\"><img loading=\"lazy\" decoding=\"async\" class=\"aligncenter\" src=\"https:\/\/www.spc.noaa.gov\/products\/outlook\/day1probotlk_torn.gif\" alt=\"\" width=\"815\" height=\"555\" \/><\/a><\/p>\n<h2>Tomorrow\u2019s tornado probability in the U.S.A.<\/h2>\n<p><a href=\"https:\/\/www.spc.noaa.gov\/products\/outlook\/day1otlk.html\" target=\"_blank\" rel=\"nofollow noopener\"><img loading=\"lazy\" decoding=\"async\" class=\"aligncenter\" src=\"https:\/\/www.spc.noaa.gov\/products\/outlook\/day2probotlk_torn.gif\" alt=\"\" width=\"815\" height=\"555\" \/><\/a><\/p>\n<h2>Current severe weather watches<\/h2>\n<p><a href=\"https:\/\/www.spc.noaa.gov\/products\/outlook\/day1otlk.html\" target=\"_blank\" rel=\"nofollow noopener\"><img loading=\"lazy\" decoding=\"async\" class=\"aligncenter\" src=\"https:\/\/www.spc.noaa.gov\/products\/watch\/validww.png\" alt=\"\" width=\"582\" height=\"408\" \/><\/a><\/p>\n<p style=\"text-align: center;\">Severe thunderstorm watches are <span style=\"color: #0000ff;\">blue<\/span>. Tornado watches are <span style=\"color: #ff0000;\">red<\/span>.<\/p>\n<h2 class=\"p1\">Tornado radar\u0131 nas\u0131l okunur<\/h2>\n<p class=\"p1\">When you look at the tornado tracker, you can learn some interesting things about the <a href=\"https:\/\/weather-radar24.com\/tr\/\">\u015fu anki hava durumu<\/a>. For example, you can see if there is a tornado nearby. If you use the tornado radar to predict the weather, you can also see where a tornado might occur. When you use the tornado tracker to predict the weather, you should interpret it as if you were reading a map.<\/p>\n<p class=\"p1\">Tornado tracker shows you the location of nearby tornadoes. The colors of the tornado radar tell you the strength of the tornado. The bigger and stronger the tornado is, the redder it appears on the tornado radar. The shape of the tornado on the radar gives information about its direction. If the tornado is pointing up to the left, it is moving northeast. If it is pointing up to the right, it is moving southeast. If it is horizontal, it is moving either west or east. And if it&#8217;s pointing down, it&#8217;s moving northwest or southwest.<\/p>\n<p class=\"p1\">Bir kas\u0131rgan\u0131n nerede olu\u015fabilece\u011fini tahmin etmek i\u00e7in kas\u0131rga radar\u0131n\u0131 kullan\u0131rken, \u00f6nce kas\u0131rgan\u0131n g\u00fcc\u00fcn\u00fc g\u00f6z \u00f6n\u00fcnde bulundurmal\u0131s\u0131n\u0131z. Kas\u0131rga ne kadar g\u00fc\u00e7l\u00fc olursa, olu\u015fma olas\u0131l\u0131\u011f\u0131 o kadar artar. \u0130kincisi, kas\u0131rgan\u0131n g\u00f6sterdi\u011fi y\u00f6n\u00fc dikkate almal\u0131s\u0131n\u0131z. Yatay ise, olu\u015fma olas\u0131l\u0131\u011f\u0131 daha y\u00fcksektir. \u00dc\u00e7\u00fcnc\u00fcs\u00fc, kas\u0131rgan\u0131n nerede oldu\u011funu d\u00fc\u015f\u00fcnmelisiniz. F\u0131rt\u0131nan\u0131n merkezinden ne kadar uzak olursa, olu\u015fma olas\u0131l\u0131\u011f\u0131 o kadar artar.<\/p>\n<h3 class=\"p1\">Tornado nedir?<\/h3>\n<p class=\"p1\">Bir kas\u0131rga, atmosferin alt seviyelerinden troposfere y\u00fckselen, h\u0131zla d\u00f6nen, g\u00fc\u00e7l\u00fc bir f\u0131rt\u0131na depresyonudur. Tornadolar karada veya su \u00fczerinde meydana gelebilir ve genellikle birka\u00e7 y\u00fcz metre ile birka\u00e7 kilometre aras\u0131nda de\u011fi\u015fir. \u00c7ok tehlikelidirler ve ciddi hasara neden olabilirler.<\/p>\n<h3 class=\"p1\">Tornadolar nas\u0131l olu\u015fur?<\/h3>\n<p class=\"p1\">So\u011fuk ve s\u0131cak hava kar\u0131\u015ft\u0131\u011f\u0131nda hortumlar olu\u015fur. So\u011fuk hava, s\u0131cak havadan daha a\u011f\u0131rd\u0131r ve s\u0131cak havay\u0131 yukar\u0131 do\u011fru iter. So\u011fuk hava y\u00fckseldik\u00e7e, s\u00fcrekli d\u00f6nen bir girdap olu\u015fur. So\u011fuk ve s\u0131cak hava aras\u0131ndaki s\u0131cakl\u0131k fark\u0131 ne kadar b\u00fcy\u00fck olursa, girdap o kadar g\u00fc\u00e7l\u00fc olur. Kas\u0131rgalar \u00e7ok aniden olu\u015fabilir ve genellikle sadece birka\u00e7 dakika uzunlu\u011fundad\u0131r.<\/p>\n<h3 class=\"p1\">ABD&#039;de kas\u0131rga sezonu ne zaman ba\u015fl\u0131yor?<\/h3>\n<p class=\"p1\"><a href=\"https:\/\/www.bobvila.com\/articles\/when-is-tornado-season\/\" target=\"_blank\" rel=\"noopener\">Amerika Birle\u015fik Devletleri&#039;nde kas\u0131rga mevsimi<\/a> resmi olarak 1 Haziran&#039;da ba\u015flar ve 30 Kas\u0131m&#039;da sona erer. Bu, hortum riskinin en y\u00fcksek oldu\u011fu zamand\u0131r. Ancak, ABD&#039;deki \u00e7o\u011fu kas\u0131rga May\u0131s, Haziran ve Temmuz aylar\u0131nda meydana gelir. Ancak son y\u0131llarda istisnalar oldu, bu nedenle kas\u0131rgalar resmi sezonun d\u0131\u015f\u0131nda da meydana gelebilir. \u00c7o\u011fu hava ko\u015fullar\u0131n\u0131n kas\u0131rga olu\u015fumu i\u00e7in en uygun oldu\u011fu zaman oldu\u011fu i\u00e7in, sezonun ilk yar\u0131s\u0131 genellikle en aktif olan\u0131d\u0131r.<\/p>\n<h3 class=\"p1\"><b>Tornado s\u0131n\u0131flar\u0131<\/b><\/h3>\n<p class=\"p1\">A tornado is an extremely violent weather event characterized by very strong winds and a tight vortex. There are the following categories:<\/p>\n<ul style=\"list-style-type: circle;\">\n<li><strong>F0<\/strong> (wind speeds of\u00a072,7 mph)<\/li>\n<li class=\"p1\"><strong>F1<\/strong> (weak, wind speeds of 72,7 mph &#8211; 111,8 mph)<\/li>\n<li class=\"p1\"><strong>F2<\/strong> (medium strong, wind speeds of\u00a0111,8 mph &#8211; 156,5 mph)<\/li>\n<li class=\"p1\"><strong>F3<\/strong> (strong, wind speeds of\u00a0156,5 mph &#8211; 206,9 mph)<\/li>\n<li class=\"p1\"><strong>F4<\/strong> (very strong, wind speeds of\u00a0206,9\u00a0 mph &#8211; 260,3 mph<span class=\"s1\">)<\/span><\/li>\n<li><strong>F5<\/strong> (violent, wind speeds more than 260,3 mph)<\/li>\n<\/ul>","protected":false},"excerpt":{"rendered":"<p>Tornado Tracker live map Move the map to find the Tornado you want to track. Even though tornadoes are relatively rare, you should still know how to recognize them and what to do as soon as you realize a tornado is near you! Tornado probability in the U.S.A. today Tomorrow\u2019s tornado probability in the U.S.A.&hellip;&nbsp;<a href=\"https:\/\/weather-radar24.com\/tr\/kasirga-radari\/\" rel=\"bookmark\">Read More &raquo;<span class=\"screen-reader-text\">kas\u0131rga radar\u0131<\/span><\/a><\/p>","protected":false},"author":1,"featured_media":128,"parent":0,"menu_order":0,"comment_status":"closed","ping_status":"closed","template":"","meta":{"neve_meta_sidebar":"","neve_meta_container":"","neve_meta_enable_content_width":"off","neve_meta_content_width":100,"neve_meta_title_alignment":"","neve_meta_author_avatar":"","neve_post_elements_order":"","neve_meta_disable_header":"","neve_meta_disable_footer":"","neve_meta_disable_title":"on","neve_meta_reading_time":"","footnotes":""},"class_list":["post-48","page","type-page","status-publish","has-post-thumbnail","hentry"],"yoast_head":"<!-- This site is optimized with the Yoast SEO plugin v26.6 - https:\/\/yoast.com\/wordpress\/plugins\/seo\/ -->\n<title>Tornado Tracker live map - Track where are tornadoes<\/title>\n<meta name=\"description\" content=\"Tornado radar \u2713 Includes tracking map, live radar- Track the current wind force, wind speed and wind forecast for the next few days.\" \/>\n<meta name=\"robots\" content=\"index, follow, max-snippet:-1, max-image-preview:large, max-video-preview:-1\" \/>\n<link rel=\"canonical\" href=\"https:\/\/weather-radar24.com\/tr\/kasirga-radari\/\" \/>\n<meta property=\"og:locale\" content=\"tr_TR\" \/>\n<meta property=\"og:type\" content=\"article\" \/>\n<meta property=\"og:title\" content=\"Tornado Tracker live map - Track where are tornadoes\" \/>\n<meta property=\"og:description\" content=\"Tornado radar \u2713 Includes tracking map, live radar- Track the current wind force, wind speed and wind forecast for the next few days.\" \/>\n<meta property=\"og:url\" content=\"https:\/\/weather-radar24.com\/tr\/kasirga-radari\/\" \/>\n<meta property=\"article:modified_time\" content=\"2022-08-26T12:30:17+00:00\" \/>\n<meta property=\"og:image\" content=\"https:\/\/weather-radar24.com\/wp-content\/uploads\/2022\/08\/Bildschirmfoto-2022-08-18-um-19.32.48.png\" \/>\n\t<meta property=\"og:image:width\" content=\"341\" \/>\n\t<meta property=\"og:image:height\" content=\"300\" \/>\n\t<meta property=\"og:image:type\" content=\"image\/png\" \/>\n<meta name=\"twitter:card\" content=\"summary_large_image\" \/>\n<meta name=\"twitter:label1\" content=\"Tahmini okuma s\u00fcresi\" \/>\n\t<meta name=\"twitter:data1\" content=\"4 dakika\" \/>\n<script type=\"application\/ld+json\" class=\"yoast-schema-graph\">{\"@context\":\"https:\/\/schema.org\",\"@graph\":[{\"@type\":\"WebPage\",\"@id\":\"https:\/\/weather-radar24.com\/tornado-radar\/\",\"url\":\"https:\/\/weather-radar24.com\/tornado-radar\/\",\"name\":\"Tornado Tracker live map - Track where are tornadoes\",\"isPartOf\":{\"@id\":\"https:\/\/weather-radar24.com\/#website\"},\"primaryImageOfPage\":{\"@id\":\"https:\/\/weather-radar24.com\/tornado-radar\/#primaryimage\"},\"image\":{\"@id\":\"https:\/\/weather-radar24.com\/tornado-radar\/#primaryimage\"},\"thumbnailUrl\":\"https:\/\/weather-radar24.com\/wp-content\/uploads\/2022\/08\/Bildschirmfoto-2022-08-18-um-19.32.48.png\",\"datePublished\":\"2022-08-17T19:15:27+00:00\",\"dateModified\":\"2022-08-26T12:30:17+00:00\",\"description\":\"Tornado radar \u2713 Includes tracking map, live radar- Track the current wind force, wind speed and wind forecast for the next few days.\",\"breadcrumb\":{\"@id\":\"https:\/\/weather-radar24.com\/tornado-radar\/#breadcrumb\"},\"inLanguage\":\"tr\",\"potentialAction\":[{\"@type\":\"ReadAction\",\"target\":[\"https:\/\/weather-radar24.com\/tornado-radar\/\"]}]},{\"@type\":\"ImageObject\",\"inLanguage\":\"tr\",\"@id\":\"https:\/\/weather-radar24.com\/tornado-radar\/#primaryimage\",\"url\":\"https:\/\/weather-radar24.com\/wp-content\/uploads\/2022\/08\/Bildschirmfoto-2022-08-18-um-19.32.48.png\",\"contentUrl\":\"https:\/\/weather-radar24.com\/wp-content\/uploads\/2022\/08\/Bildschirmfoto-2022-08-18-um-19.32.48.png\",\"width\":341,\"height\":300,\"caption\":\"Tornado radar\"},{\"@type\":\"BreadcrumbList\",\"@id\":\"https:\/\/weather-radar24.com\/tornado-radar\/#breadcrumb\",\"itemListElement\":[{\"@type\":\"ListItem\",\"position\":1,\"name\":\"Startseite\",\"item\":\"https:\/\/weather-radar24.com\/\"},{\"@type\":\"ListItem\",\"position\":2,\"name\":\"Tornado radar\"}]},{\"@type\":\"WebSite\",\"@id\":\"https:\/\/weather-radar24.com\/#website\",\"url\":\"https:\/\/weather-radar24.com\/\",\"name\":\"\",\"description\":\"\",\"potentialAction\":[{\"@type\":\"SearchAction\",\"target\":{\"@type\":\"EntryPoint\",\"urlTemplate\":\"https:\/\/weather-radar24.com\/?s={search_term_string}\"},\"query-input\":{\"@type\":\"PropertyValueSpecification\",\"valueRequired\":true,\"valueName\":\"search_term_string\"}}],\"inLanguage\":\"tr\"}]}<\/script>\n<!-- \/ Yoast SEO plugin. -->","yoast_head_json":{"title":"Tornado Tracker live map - Track where are tornadoes","description":"Tornado radar\u0131 \u2713 \u0130zleme haritas\u0131, canl\u0131 radar i\u00e7erir- \u00d6n\u00fcm\u00fczdeki birka\u00e7 g\u00fcn i\u00e7in mevcut r\u00fczgar kuvvetini, r\u00fczgar h\u0131z\u0131n\u0131 ve r\u00fczgar tahminini takip edin.","robots":{"index":"index","follow":"follow","max-snippet":"max-snippet:-1","max-image-preview":"max-image-preview:large","max-video-preview":"max-video-preview:-1"},"canonical":"https:\/\/weather-radar24.com\/tr\/kasirga-radari\/","og_locale":"tr_TR","og_type":"article","og_title":"Tornado Tracker live map - Track where are tornadoes","og_description":"Tornado radar \u2713 Includes tracking map, live radar- Track the current wind force, wind speed and wind forecast for the next few days.","og_url":"https:\/\/weather-radar24.com\/tr\/kasirga-radari\/","article_modified_time":"2022-08-26T12:30:17+00:00","og_image":[{"width":341,"height":300,"url":"https:\/\/weather-radar24.com\/wp-content\/uploads\/2022\/08\/Bildschirmfoto-2022-08-18-um-19.32.48.png","type":"image\/png"}],"twitter_card":"summary_large_image","twitter_misc":{"Tahmini okuma s\u00fcresi":"4 dakika"},"schema":{"@context":"https:\/\/schema.org","@graph":[{"@type":"WebPage","@id":"https:\/\/weather-radar24.com\/tornado-radar\/","url":"https:\/\/weather-radar24.com\/tornado-radar\/","name":"Tornado Tracker live map - Track where are tornadoes","isPartOf":{"@id":"https:\/\/weather-radar24.com\/#website"},"primaryImageOfPage":{"@id":"https:\/\/weather-radar24.com\/tornado-radar\/#primaryimage"},"image":{"@id":"https:\/\/weather-radar24.com\/tornado-radar\/#primaryimage"},"thumbnailUrl":"https:\/\/weather-radar24.com\/wp-content\/uploads\/2022\/08\/Bildschirmfoto-2022-08-18-um-19.32.48.png","datePublished":"2022-08-17T19:15:27+00:00","dateModified":"2022-08-26T12:30:17+00:00","description":"Tornado radar\u0131 \u2713 \u0130zleme haritas\u0131, canl\u0131 radar i\u00e7erir- \u00d6n\u00fcm\u00fczdeki birka\u00e7 g\u00fcn i\u00e7in mevcut r\u00fczgar kuvvetini, r\u00fczgar h\u0131z\u0131n\u0131 ve r\u00fczgar tahminini takip edin.","breadcrumb":{"@id":"https:\/\/weather-radar24.com\/tornado-radar\/#breadcrumb"},"inLanguage":"tr","potentialAction":[{"@type":"ReadAction","target":["https:\/\/weather-radar24.com\/tornado-radar\/"]}]},{"@type":"ImageObject","inLanguage":"tr","@id":"https:\/\/weather-radar24.com\/tornado-radar\/#primaryimage","url":"https:\/\/weather-radar24.com\/wp-content\/uploads\/2022\/08\/Bildschirmfoto-2022-08-18-um-19.32.48.png","contentUrl":"https:\/\/weather-radar24.com\/wp-content\/uploads\/2022\/08\/Bildschirmfoto-2022-08-18-um-19.32.48.png","width":341,"height":300,"caption":"Tornado radar"},{"@type":"BreadcrumbList","@id":"https:\/\/weather-radar24.com\/tornado-radar\/#breadcrumb","itemListElement":[{"@type":"ListItem","position":1,"name":"Startseite","item":"https:\/\/weather-radar24.com\/"},{"@type":"ListItem","position":2,"name":"Tornado radar"}]},{"@type":"WebSite","@id":"https:\/\/weather-radar24.com\/#website","url":"https:\/\/weather-radar24.com\/","name":"","description":"","potentialAction":[{"@type":"SearchAction","target":{"@type":"EntryPoint","urlTemplate":"https:\/\/weather-radar24.com\/?s={search_term_string}"},"query-input":{"@type":"PropertyValueSpecification","valueRequired":true,"valueName":"search_term_string"}}],"inLanguage":"tr"}]}},"_links":{"self":[{"href":"https:\/\/weather-radar24.com\/tr\/wp-json\/wp\/v2\/pages\/48","targetHints":{"allow":["GET"]}}],"collection":[{"href":"https:\/\/weather-radar24.com\/tr\/wp-json\/wp\/v2\/pages"}],"about":[{"href":"https:\/\/weather-radar24.com\/tr\/wp-json\/wp\/v2\/types\/page"}],"author":[{"embeddable":true,"href":"https:\/\/weather-radar24.com\/tr\/wp-json\/wp\/v2\/users\/1"}],"replies":[{"embeddable":true,"href":"https:\/\/weather-radar24.com\/tr\/wp-json\/wp\/v2\/comments?post=48"}],"version-history":[{"count":10,"href":"https:\/\/weather-radar24.com\/tr\/wp-json\/wp\/v2\/pages\/48\/revisions"}],"predecessor-version":[{"id":183,"href":"https:\/\/weather-radar24.com\/tr\/wp-json\/wp\/v2\/pages\/48\/revisions\/183"}],"wp:featuredmedia":[{"embeddable":true,"href":"https:\/\/weather-radar24.com\/tr\/wp-json\/wp\/v2\/media\/128"}],"wp:attachment":[{"href":"https:\/\/weather-radar24.com\/tr\/wp-json\/wp\/v2\/media?parent=48"}],"curies":[{"name":"wp","href":"https:\/\/api.w.org\/{rel}","templated":true}]}}