{"id":50,"date":"2022-08-17T21:15:47","date_gmt":"2022-08-17T19:15:47","guid":{"rendered":"https:\/\/weather-radar24.com\/?page_id=50"},"modified":"2022-09-03T18:53:09","modified_gmt":"2022-09-03T16:53:09","slug":"snow-cover-map","status":"publish","type":"page","link":"https:\/\/weather-radar24.com\/tr\/kar-ortusu-haritasi\/","title":{"rendered":"Kar \u00f6rt\u00fcs\u00fc haritas\u0131"},"content":{"rendered":"<h1>Kar \u00f6rt\u00fcs\u00fc haritas\u0131 Canl\u0131 \u2013 g\u00fcncel kar tahmini<\/h1>\n<p>Kar \u00f6rt\u00fcs\u00fc haritas\u0131, esen kar ya\u011f\u0131\u015f\u0131na haz\u0131rlanmak isteyenler i\u00e7in vazge\u00e7ilmez bir ara\u00e7t\u0131r. Nas\u0131l \u00e7al\u0131\u015ft\u0131\u011f\u0131n\u0131 ve bilmeniz gereken her \u015feyi a\u00e7\u0131klayaca\u011f\u0131z!<br \/>\n<iframe loading=\"lazy\" src=\"https:\/\/embed.windy.com\/embed2.html?lat=39.606&amp;lon=-97.031&amp;detailLat=49.142&amp;detailLon=9.223&amp;width=1300&amp;height=600&amp;zoom=6&amp;level=surface&amp;overlay=rain&amp;product=ecmwf&amp;menu=&amp;message=true&amp;marker=&amp;calendar=now&amp;pressure=&amp;type=map&amp;location=coordinates&amp;detail=&amp;metricWind=default&amp;metricTemp=default&amp;radarRange=-1\" width=\"100%\" height=\"600\" frameborder=\"0\" data-dashlane-frameid=\"1660\"><\/iframe><\/p>\n<p class=\"p1\">\n<h2 class=\"p1\">Kar \u00f6rt\u00fcs\u00fc haritas\u0131 nedir?<\/h2>\n<p class=\"p1\">Kar \u00f6rt\u00fcs\u00fc haritas\u0131, kar tahminini iyile\u015ftirmek i\u00e7in \u00f6nemli bir ara\u00e7t\u0131r. hareketlerini izlemeye yard\u0131mc\u0131 olabilir. <a href=\"https:\/\/scijinks.gov\/snowflakes\/\" target=\"_blank\" rel=\"noopener\">kar taneleri<\/a> Kar miktar\u0131n\u0131 tahmin etmek i\u00e7in. Ancak, onu do\u011fru kullanmak i\u00e7in onu nas\u0131l okuyaca\u011f\u0131n\u0131z\u0131 bilmeniz gerekir.<\/p>\n<p class=\"p1\">Kar \u00f6rt\u00fcs\u00fc haritas\u0131, kar ya\u011f\u0131\u015f\u0131n\u0131n yo\u011funlu\u011funu farkl\u0131 renklerde g\u00f6sterir. Renkler sar\u0131dan k\u0131rm\u0131z\u0131ya de\u011fi\u015fir, bu da kar ya\u011f\u0131\u015f\u0131n\u0131n \u00e7ok yo\u011fun oldu\u011fu anlam\u0131na gelir. Haritadaki siyah noktalar, kar ya\u011f\u0131\u015f\u0131 olmad\u0131\u011f\u0131 anlam\u0131na gelir. bak\u0131ld\u0131\u011f\u0131nda <a href=\"https:\/\/weather-radar24.com\/tr\/\">hava radar\u0131<\/a>, r\u00fczgar y\u00f6n\u00fcne de dikkat etmelisiniz. R\u00fczgar y\u00f6n\u00fc, kar tanelerinin hareketini tahmin etmenize yard\u0131mc\u0131 olabilir. R\u00fczgar kuzeyden geliyorsa, kar g\u00fcneye do\u011fru ya\u011facak demektir. E\u011fer <a href=\"https:\/\/weather-radar24.com\/tr\/ruzgar-radari\/\">r\u00fczg\u00e2r<\/a> g\u00fcneyden ise, kar kuzey y\u00f6n\u00fcnde ya\u011facak demektir.<\/p>\n<p class=\"p1\">Kar \u00f6rt\u00fcs\u00fc haritas\u0131 kullan\u0131\u015fl\u0131 bir ara\u00e7t\u0131r, ancak nas\u0131l do\u011fru yorumlanaca\u011f\u0131n\u0131 bilmek \u00f6nemlidir. Ancak o zaman m\u00fcmk\u00fcn olan en iyi tahmini yapabilirsiniz.<\/p>\n<h2 class=\"p1\">Kar \u00f6rt\u00fcs\u00fc haritas\u0131 nas\u0131l \u00e7al\u0131\u015f\u0131r?<\/h2>\n<p class=\"p1\">Kar \u00f6rt\u00fcs\u00fc haritas\u0131, \u00f6zellikle kar\u0131 olmak \u00fczere ya\u011f\u0131\u015flar\u0131 tahmin etmek i\u00e7in kullan\u0131lan bir ara\u00e7t\u0131r. Kar haritas\u0131, atmosfere radyo dalgalar\u0131 g\u00f6ndererek ve yans\u0131yan sinyalleri izleyerek \u00e7al\u0131\u015f\u0131r. Yans\u0131yan sinyallerin yo\u011funlu\u011fu, radar \u0131\u015f\u0131n\u0131na ka\u00e7 tane su damlas\u0131 veya kar kristalinin \u00e7arpt\u0131\u011f\u0131na ba\u011fl\u0131 olarak de\u011fi\u015fir. Bu nedenle kar \u00f6rt\u00fcs\u00fc haritas\u0131, yans\u0131yan sinyallerin yo\u011funlu\u011funu \u00f6l\u00e7erek ya\u011f\u0131\u015f miktarlar\u0131n\u0131 tahmin edebilir.<\/p>\n<p class=\"p1\">Sinyal ne kadar g\u00fc\u00e7l\u00fc olursa, yo\u011fun ya\u011f\u0131\u015f olas\u0131l\u0131\u011f\u0131 o kadar y\u00fcksek olur. Bu \u00f6l\u00e7\u00fcmlere dayanarak meteorologlar, belirli bir alana d\u00fc\u015fecek ya\u011f\u0131\u015f\u0131n t\u00fcr\u00fc ve miktar\u0131 hakk\u0131nda tahminlerde bulunabilirler.<\/p>\n<h3 class=\"p1\">Kar ne zaman ya\u011fmaya ba\u015flayacak?<\/h3>\n<p class=\"p1\">En son hava durumu raporlar\u0131n\u0131 takip ediyorsan\u0131z, muhtemelen son zamanlarda daha s\u0131k kar ya\u011fd\u0131\u011f\u0131n\u0131 fark etmi\u015fsinizdir. Kar ya\u011f\u0131\u015f\u0131 \u00e7o\u011fu b\u00f6lgede nadir g\u00f6r\u00fclen bir olayd\u0131r ve insanlar kar\u0131n ne zaman ya\u011faca\u011f\u0131n\u0131 merak etmektedir. Ger\u00e7ek \u015fu ki, kar ya\u011f\u0131\u015f\u0131n\u0131 etkileyen bir\u00e7ok fakt\u00f6r oldu\u011fu i\u00e7in kesin bir cevap yok.<\/p>\n<p class=\"p1\">Ancak, kar ya\u011f\u0131\u015f\u0131n\u0131n kesin zaman\u0131n\u0131 etkileyebilecek baz\u0131 fakt\u00f6rler. En \u00f6nemli fakt\u00f6rlerden biri nemdir. Nem ne kadar y\u00fcksek olursa, su buhar\u0131n\u0131n i\u00e7inde yo\u011fu\u015fma olas\u0131l\u0131\u011f\u0131 o kadar y\u00fcksek olur.<span class=\"Apple-converted-space\">\u00a0<\/span>hava ve kar kristalleri olu\u015fturur.<\/p>\n<h3 class=\"p1\">En \u00e7ok nerede kar ya\u011far?<\/h3>\n<p class=\"p1\">Kanada&#039;n\u0131n British Columbia eyaleti ile ABD&#039;nin Alaska eyaleti s\u0131n\u0131r\u0131ndaki 4.671 metrelik bir zirve, muhtemelen d\u00fcnyadaki en yanl\u0131\u015f adland\u0131r\u0131lm\u0131\u015f da\u011f de\u011fil, ayn\u0131 zamanda potansiyel olarak d\u00fcnyadaki en karl\u0131 yer: Fairweather Da\u011f\u0131 - Fairweather Da\u011f\u0131.<\/p>\n<p class=\"p1\">Ya\u011f\u0131\u015f haritalar\u0131, en y\u00fcksek b\u00f6lgeler i\u00e7in y\u0131ll\u0131k 7.000 ila 18.000 milimetre veya g\u00fcnde 49 milimetreye kadar ya\u011f\u0131\u015f g\u00f6sterir; ve oraya tamamen kar gibi ya\u011f\u0131yor. Her milimetre ya\u011f\u0131\u015f ba\u015f\u0131na bir santimetre kar oldu\u011funu varsayan ola\u011fan d\u00f6n\u00fc\u015f\u00fcm \u015femas\u0131na g\u00f6re, bu, y\u0131ll\u0131k 180 metreye kadar birikmi\u015f kar ya\u011f\u0131\u015f\u0131 ile sonu\u00e7lan\u0131r. Tek sorun, uzak Wrangell-St&#039;de telesiyej olmamas\u0131d\u0131r. \u0130lyas Da\u011flar\u0131.<\/p>","protected":false},"excerpt":{"rendered":"<p>Kar \u00f6rt\u00fcs\u00fc haritas\u0131 Canl\u0131 - g\u00fcncel kar tahmini Kar ya\u011f\u0131\u015f\u0131 i\u00e7in haz\u0131rlanmak isteyenler i\u00e7in kar \u00f6rt\u00fcs\u00fc haritas\u0131 vazge\u00e7ilmez bir ara\u00e7t\u0131r. Nas\u0131l \u00e7al\u0131\u015ft\u0131\u011f\u0131n\u0131 ve bilmeniz gereken her \u015feyi a\u00e7\u0131klayaca\u011f\u0131z! Kar \u00f6rt\u00fcs\u00fc haritas\u0131 nedir? Bir kar \u00f6rt\u00fcs\u00fc haritas\u0131, a\u015fa\u011f\u0131dakiler i\u00e7in \u00f6nemli bir ara\u00e7t\u0131r\u2026&nbsp;<a href=\"https:\/\/weather-radar24.com\/tr\/kar-ortusu-haritasi\/\" rel=\"bookmark\">Read More &raquo;<span class=\"screen-reader-text\">Kar \u00f6rt\u00fcs\u00fc haritas\u0131<\/span><\/a><\/p>","protected":false},"author":1,"featured_media":117,"parent":0,"menu_order":0,"comment_status":"closed","ping_status":"closed","template":"","meta":{"neve_meta_sidebar":"","neve_meta_container":"","neve_meta_enable_content_width":"off","neve_meta_content_width":100,"neve_meta_title_alignment":"","neve_meta_author_avatar":"","neve_post_elements_order":"","neve_meta_disable_header":"","neve_meta_disable_footer":"","neve_meta_disable_title":"on","neve_meta_reading_time":"","footnotes":""},"class_list":["post-50","page","type-page","status-publish","has-post-thumbnail","hentry"],"yoast_head":"<!-- This site is optimized with the Yoast SEO plugin v26.6 - https:\/\/yoast.com\/wordpress\/plugins\/seo\/ -->\n<title>Snow cover map Live \u2013 current snow forecast<\/title>\n<meta name=\"description\" content=\"Follow the current snow forecast Worldwide with our Snow cover map Live Tracker. Where is it currently snowing? \u2744\ufe0f\" \/>\n<meta name=\"robots\" content=\"index, follow, max-snippet:-1, max-image-preview:large, max-video-preview:-1\" \/>\n<link rel=\"canonical\" href=\"https:\/\/weather-radar24.com\/tr\/kar-ortusu-haritasi\/\" \/>\n<meta property=\"og:locale\" content=\"tr_TR\" \/>\n<meta property=\"og:type\" content=\"article\" \/>\n<meta property=\"og:title\" content=\"Snow cover map Live \u2013 current snow forecast\" \/>\n<meta property=\"og:description\" content=\"Follow the current snow forecast Worldwide with our Snow cover map Live Tracker. Where is it currently snowing? \u2744\ufe0f\" \/>\n<meta property=\"og:url\" content=\"https:\/\/weather-radar24.com\/tr\/kar-ortusu-haritasi\/\" \/>\n<meta property=\"article:modified_time\" content=\"2022-09-03T16:53:09+00:00\" \/>\n<meta property=\"og:image\" content=\"https:\/\/weather-radar24.com\/wp-content\/uploads\/2022\/08\/Bildschirmfoto-2022-08-19-um-20.55.53.png\" \/>\n\t<meta property=\"og:image:width\" content=\"366\" \/>\n\t<meta property=\"og:image:height\" content=\"226\" \/>\n\t<meta property=\"og:image:type\" content=\"image\/png\" \/>\n<meta name=\"twitter:card\" content=\"summary_large_image\" \/>\n<meta name=\"twitter:label1\" content=\"Tahmini okuma s\u00fcresi\" \/>\n\t<meta name=\"twitter:data1\" content=\"3 dakika\" \/>\n<script type=\"application\/ld+json\" class=\"yoast-schema-graph\">{\"@context\":\"https:\/\/schema.org\",\"@graph\":[{\"@type\":\"WebPage\",\"@id\":\"https:\/\/weather-radar24.com\/snow-cover-map\/\",\"url\":\"https:\/\/weather-radar24.com\/snow-cover-map\/\",\"name\":\"Snow cover map Live \u2013 current snow forecast\",\"isPartOf\":{\"@id\":\"https:\/\/weather-radar24.com\/#website\"},\"primaryImageOfPage\":{\"@id\":\"https:\/\/weather-radar24.com\/snow-cover-map\/#primaryimage\"},\"image\":{\"@id\":\"https:\/\/weather-radar24.com\/snow-cover-map\/#primaryimage\"},\"thumbnailUrl\":\"https:\/\/weather-radar24.com\/wp-content\/uploads\/2022\/08\/Bildschirmfoto-2022-08-19-um-20.55.53.png\",\"datePublished\":\"2022-08-17T19:15:47+00:00\",\"dateModified\":\"2022-09-03T16:53:09+00:00\",\"description\":\"Follow the current snow forecast Worldwide with our Snow cover map Live Tracker. Where is it currently snowing? \u2744\ufe0f\",\"breadcrumb\":{\"@id\":\"https:\/\/weather-radar24.com\/snow-cover-map\/#breadcrumb\"},\"inLanguage\":\"tr\",\"potentialAction\":[{\"@type\":\"ReadAction\",\"target\":[\"https:\/\/weather-radar24.com\/snow-cover-map\/\"]}]},{\"@type\":\"ImageObject\",\"inLanguage\":\"tr\",\"@id\":\"https:\/\/weather-radar24.com\/snow-cover-map\/#primaryimage\",\"url\":\"https:\/\/weather-radar24.com\/wp-content\/uploads\/2022\/08\/Bildschirmfoto-2022-08-19-um-20.55.53.png\",\"contentUrl\":\"https:\/\/weather-radar24.com\/wp-content\/uploads\/2022\/08\/Bildschirmfoto-2022-08-19-um-20.55.53.png\",\"width\":366,\"height\":226,\"caption\":\"Snow cover map\"},{\"@type\":\"BreadcrumbList\",\"@id\":\"https:\/\/weather-radar24.com\/snow-cover-map\/#breadcrumb\",\"itemListElement\":[{\"@type\":\"ListItem\",\"position\":1,\"name\":\"Startseite\",\"item\":\"https:\/\/weather-radar24.com\/\"},{\"@type\":\"ListItem\",\"position\":2,\"name\":\"Snow cover map\"}]},{\"@type\":\"WebSite\",\"@id\":\"https:\/\/weather-radar24.com\/#website\",\"url\":\"https:\/\/weather-radar24.com\/\",\"name\":\"\",\"description\":\"\",\"potentialAction\":[{\"@type\":\"SearchAction\",\"target\":{\"@type\":\"EntryPoint\",\"urlTemplate\":\"https:\/\/weather-radar24.com\/?s={search_term_string}\"},\"query-input\":{\"@type\":\"PropertyValueSpecification\",\"valueRequired\":true,\"valueName\":\"search_term_string\"}}],\"inLanguage\":\"tr\"}]}<\/script>\n<!-- \/ Yoast SEO plugin. -->","yoast_head_json":{"title":"Kar \u00f6rt\u00fcs\u00fc haritas\u0131 Canl\u0131 \u2013 g\u00fcncel kar tahmini","description":"Kar \u00f6rt\u00fcs\u00fc haritas\u0131 Live Tracker ile D\u00fcnya \u00e7ap\u0131ndaki mevcut kar tahminini takip edin. \u015eu anda nerede kar ya\u011f\u0131yor? \u2744\ufe0f","robots":{"index":"index","follow":"follow","max-snippet":"max-snippet:-1","max-image-preview":"max-image-preview:large","max-video-preview":"max-video-preview:-1"},"canonical":"https:\/\/weather-radar24.com\/tr\/kar-ortusu-haritasi\/","og_locale":"tr_TR","og_type":"article","og_title":"Snow cover map Live \u2013 current snow forecast","og_description":"Follow the current snow forecast Worldwide with our Snow cover map Live Tracker. Where is it currently snowing? \u2744\ufe0f","og_url":"https:\/\/weather-radar24.com\/tr\/kar-ortusu-haritasi\/","article_modified_time":"2022-09-03T16:53:09+00:00","og_image":[{"width":366,"height":226,"url":"https:\/\/weather-radar24.com\/wp-content\/uploads\/2022\/08\/Bildschirmfoto-2022-08-19-um-20.55.53.png","type":"image\/png"}],"twitter_card":"summary_large_image","twitter_misc":{"Tahmini okuma s\u00fcresi":"3 dakika"},"schema":{"@context":"https:\/\/schema.org","@graph":[{"@type":"WebPage","@id":"https:\/\/weather-radar24.com\/snow-cover-map\/","url":"https:\/\/weather-radar24.com\/snow-cover-map\/","name":"Kar \u00f6rt\u00fcs\u00fc haritas\u0131 Canl\u0131 \u2013 g\u00fcncel kar tahmini","isPartOf":{"@id":"https:\/\/weather-radar24.com\/#website"},"primaryImageOfPage":{"@id":"https:\/\/weather-radar24.com\/snow-cover-map\/#primaryimage"},"image":{"@id":"https:\/\/weather-radar24.com\/snow-cover-map\/#primaryimage"},"thumbnailUrl":"https:\/\/weather-radar24.com\/wp-content\/uploads\/2022\/08\/Bildschirmfoto-2022-08-19-um-20.55.53.png","datePublished":"2022-08-17T19:15:47+00:00","dateModified":"2022-09-03T16:53:09+00:00","description":"Kar \u00f6rt\u00fcs\u00fc haritas\u0131 Live Tracker ile D\u00fcnya \u00e7ap\u0131ndaki mevcut kar tahminini takip edin. \u015eu anda nerede kar ya\u011f\u0131yor? \u2744\ufe0f","breadcrumb":{"@id":"https:\/\/weather-radar24.com\/snow-cover-map\/#breadcrumb"},"inLanguage":"tr","potentialAction":[{"@type":"ReadAction","target":["https:\/\/weather-radar24.com\/snow-cover-map\/"]}]},{"@type":"ImageObject","inLanguage":"tr","@id":"https:\/\/weather-radar24.com\/snow-cover-map\/#primaryimage","url":"https:\/\/weather-radar24.com\/wp-content\/uploads\/2022\/08\/Bildschirmfoto-2022-08-19-um-20.55.53.png","contentUrl":"https:\/\/weather-radar24.com\/wp-content\/uploads\/2022\/08\/Bildschirmfoto-2022-08-19-um-20.55.53.png","width":366,"height":226,"caption":"Snow cover map"},{"@type":"BreadcrumbList","@id":"https:\/\/weather-radar24.com\/snow-cover-map\/#breadcrumb","itemListElement":[{"@type":"ListItem","position":1,"name":"Startseite","item":"https:\/\/weather-radar24.com\/"},{"@type":"ListItem","position":2,"name":"Snow cover map"}]},{"@type":"WebSite","@id":"https:\/\/weather-radar24.com\/#website","url":"https:\/\/weather-radar24.com\/","name":"","description":"","potentialAction":[{"@type":"SearchAction","target":{"@type":"EntryPoint","urlTemplate":"https:\/\/weather-radar24.com\/?s={search_term_string}"},"query-input":{"@type":"PropertyValueSpecification","valueRequired":true,"valueName":"search_term_string"}}],"inLanguage":"tr"}]}},"_links":{"self":[{"href":"https:\/\/weather-radar24.com\/tr\/wp-json\/wp\/v2\/pages\/50","targetHints":{"allow":["GET"]}}],"collection":[{"href":"https:\/\/weather-radar24.com\/tr\/wp-json\/wp\/v2\/pages"}],"about":[{"href":"https:\/\/weather-radar24.com\/tr\/wp-json\/wp\/v2\/types\/page"}],"author":[{"embeddable":true,"href":"https:\/\/weather-radar24.com\/tr\/wp-json\/wp\/v2\/users\/1"}],"replies":[{"embeddable":true,"href":"https:\/\/weather-radar24.com\/tr\/wp-json\/wp\/v2\/comments?post=50"}],"version-history":[{"count":6,"href":"https:\/\/weather-radar24.com\/tr\/wp-json\/wp\/v2\/pages\/50\/revisions"}],"predecessor-version":[{"id":202,"href":"https:\/\/weather-radar24.com\/tr\/wp-json\/wp\/v2\/pages\/50\/revisions\/202"}],"wp:featuredmedia":[{"embeddable":true,"href":"https:\/\/weather-radar24.com\/tr\/wp-json\/wp\/v2\/media\/117"}],"wp:attachment":[{"href":"https:\/\/weather-radar24.com\/tr\/wp-json\/wp\/v2\/media?parent=50"}],"curies":[{"name":"wp","href":"https:\/\/api.w.org\/{rel}","templated":true}]}}