{"id":52,"date":"2022-08-17T21:16:02","date_gmt":"2022-08-17T19:16:02","guid":{"rendered":"https:\/\/weather-radar24.com\/?page_id=52"},"modified":"2022-09-03T18:52:23","modified_gmt":"2022-09-03T16:52:23","slug":"rain-radar","status":"publish","type":"page","link":"https:\/\/weather-radar24.com\/tr\/yagmur-radari\/","title":{"rendered":"Ya\u011fmur radar\u0131"},"content":{"rendered":"<h1>Ya\u011fmur radar\u0131 \u2013 mevcut ya\u011fmur tahmini<\/h1>\n<p>Hava h\u0131zla de\u011fi\u015febilir ve ya\u011fmurun tam olarak nereye gitti\u011fini bilmek iyidir. Ya\u011fmur radar\u0131 ile her zaman mevcut hava durumunu g\u00f6z \u00f6n\u00fcnde bulundurursunuz! Ancak ya\u011fmur radar\u0131 nedir, nas\u0131l \u00e7al\u0131\u015f\u0131r ve neleri tahmin edebilir?<\/p>\n<p><iframe loading=\"lazy\" src=\"https:\/\/embed.windy.com\/embed2.html?lat=39.606&amp;lon=-97.031&amp;detailLat=49.142&amp;detailLon=9.223&amp;width=1300&amp;height=600&amp;zoom=5&amp;level=surface&amp;overlay=rain&amp;product=ecmwf&amp;menu=&amp;message=true&amp;marker=&amp;calendar=now&amp;pressure=&amp;type=map&amp;location=coordinates&amp;detail=&amp;metricWind=default&amp;metricTemp=default&amp;radarRange=-1\" width=\"100%\" height=\"600\" frameborder=\"0\" data-dashlane-frameid=\"1684\"><\/iframe><\/p>\n<p class=\"p1\">\n<h2 class=\"p1\">Ya\u011fmur radar\u0131 nedir?<\/h2>\n<p class=\"p1\">Ya\u011fmur radar\u0131, ya\u011f\u0131\u015flar\u0131 tahmin etmek i\u00e7in kullan\u0131lan bir ara\u00e7t\u0131r. Ya\u011fmur radar\u0131n\u0131n farkl\u0131 t\u00fcrleri vard\u0131r, ancak \u00e7o\u011fu ayn\u0131 \u015fekilde \u00e7al\u0131\u015f\u0131r: Atmosfere bir radar \u0131\u015f\u0131n\u0131 g\u00f6nderirler ve \u0131\u015f\u0131n\u0131n ya\u011fmur damlalar\u0131ndan nas\u0131l yans\u0131d\u0131\u011f\u0131n\u0131 izlerler. Bu yans\u0131malar daha sonra ya\u011fmur damlalar\u0131n\u0131n hareketini tahmin etmek i\u00e7in kullan\u0131labilir.<\/p>\n<p class=\"p1\">Ya\u011fmur radarlar\u0131, \u00f6zellikle hava ko\u015fullar\u0131n\u0131 tahmin etmek i\u00e7in \u00e7ok kullan\u0131\u015fl\u0131d\u0131r. <a href=\"https:\/\/weather-radar24.com\/tr\/firtina-radari\/\">\u015fiddetli f\u0131rt\u0131nalar<\/a>. \u0130nsanlar\u0131 tehlikeli hava ko\u015fullar\u0131 konusunda uyarmaya yard\u0131mc\u0131 olabilir ve onlara g\u00fcvenli\u011fe ge\u00e7meleri i\u00e7in zaman verebilirler. Ya\u011fmur radarlar\u0131, k\u00f6t\u00fc hava gelmeden \u00f6nce ekinlerin korunmas\u0131na yard\u0131mc\u0131 olabilece\u011finden tar\u0131m i\u00e7in de yararl\u0131d\u0131r.<\/p>\n<h2 class=\"p1\">Ya\u011fmur radar\u0131 nas\u0131l \u00e7al\u0131\u015f\u0131r?<\/h2>\n<p class=\"p1\">Oynat butonu ile son bir saatteki ya\u011fmurun hareketi oynat\u0131labilir. Ya\u011fmur radar\u0131, Ya\u011fmur bulutlar\u0131n\u0131n hareketini izleyen ve yo\u011funlu\u011funu \u00f6l\u00e7en bir ara\u00e7t\u0131r. Meteorologlar bunu genellikle ya\u011fmurun y\u00f6n\u00fcn\u00fc ve h\u0131z\u0131n\u0131 tahmin etmek i\u00e7in kullan\u0131rlar. <a href=\"https:\/\/weather-radar24.com\/tr\/kar-ortusu-haritasi\/\">kar<\/a> du\u015flar.<\/p>\n<p class=\"p1\">Ya\u011fmur radarlar\u0131, yank\u0131s\u0131 ya\u011fmur damlalar\u0131 veya kar kristalleri taraf\u0131ndan yans\u0131t\u0131lan elektromanyetik dalgalar yayarak \u00e7al\u0131\u015f\u0131r. Radar daha sonra yank\u0131n\u0131n g\u00fcc\u00fcne dayanarak ya\u011f\u0131\u015f\u0131n ne kadar a\u011f\u0131r oldu\u011funu belirleyebilir. Ya\u011fmur radarlar\u0131, a\u015fa\u011f\u0131dakiler gibi di\u011fer hava olaylar\u0131n\u0131 da izleyebilir: <a href=\"https:\/\/weather-radar24.com\/tr\/kasirga-radari\/\">hortumlar<\/a> veya g\u00f6k g\u00fcr\u00fclt\u00fcl\u00fc bulutlar.<\/p>\n<h2 class=\"p1\">Tahminler ne kadar do\u011fru?<\/h2>\n<p class=\"p1\">Ya\u011fmur radar\u0131ndan veya di\u011fer hava durumu hizmetlerinden gelen tahminlere bakt\u0131\u011f\u0131n\u0131zda, tahminlerin do\u011frulu\u011funun b\u00fcy\u00fck \u00f6l\u00e7\u00fcde de\u011fi\u015fti\u011fini g\u00f6rebilirsiniz. Tahminler birka\u00e7 saat \u00f6nceden verilebilece\u011fi gibi birka\u00e7 g\u00fcn \u00f6nceden de verilebilir. \u00d6rne\u011fin, bu \u00f6\u011fleden sonra i\u00e7in bir tahmin do\u011fru olabilir, ancak yar\u0131n sabah i\u00e7in bir tahmin do\u011fru olmayabilir.<\/p>\n<p class=\"p1\">Ya\u011fmur tahminlerinin do\u011frulu\u011fu birka\u00e7 fakt\u00f6re ba\u011fl\u0131d\u0131r. Birincisi, elbette, hava durumu modeline dayal\u0131 olarak tahminin ne kadar do\u011fru oldu\u011fudur. Kural olarak, model ne kadar iyi olursa, tahmin o kadar do\u011fru olur. \u00d6te yandan, modelde kullan\u0131lan \u00f6l\u00e7\u00fcm verilerinin ne kadar iyi oldu\u011fu konusunda da rol oynar. \u00d6rne\u011fin, belirli bir konum i\u00e7in \u00f6l\u00e7\u00fcm verileri \u00e7ok do\u011fru de\u011filse bu, tahminin do\u011frulu\u011funu etkileyebilir.<\/p>\n<p class=\"p1\">Dolay\u0131s\u0131yla ya\u011f\u0131\u015f tahminlerinin ne kadar do\u011fru oldu\u011fu sorusunun basit bir cevab\u0131 yok. Ancak, genellikle olduk\u00e7a g\u00fcvenilirdirler ve hava durumuna uyum sa\u011flaman\u0131za yard\u0131mc\u0131 olabilirler.<\/p>\n<h3 class=\"p1\">Ya\u011fmur radar\u0131 neden genellikle yanl\u0131\u015ft\u0131r?<\/h3>\n<p class=\"p1\">Ya\u011fmur radar\u0131, ya\u011f\u0131\u015f tahminleri yapmak i\u00e7in \u00f6nemli bir ara\u00e7t\u0131r. Ancak, genellikle i\u015faretin d\u0131\u015f\u0131ndad\u0131r. Bunun b\u00f6yle olmas\u0131n\u0131n birka\u00e7 nedeni var. Sebeplerden biri, radar\u0131n yaln\u0131zca do\u011frudan yerin alt\u0131ndaki ya\u011f\u0131\u015flar\u0131 g\u00f6rmesidir. <a href=\"https:\/\/weather-radar24.com\/tr\/bulut-kapak-haritasi\/\">bulutlar<\/a>. Yani radar ya\u011f\u0131\u015f g\u00f6sterse bile bir b\u00f6lgede ya\u011fmur ya\u011fmayabilir. Bunun nedeni genellikle b\u00f6lgedeki bulutlar\u0131n daha y\u00fcksek olmas\u0131 ve ya\u011fmurun yere d\u00fc\u015fmeden \u00f6nce da\u011f\u0131lm\u0131\u015f olmas\u0131d\u0131r.<\/p>\n<p class=\"p1\">Di\u011fer bir sebep ise radar\u0131n genellikle \u015fu anda ya\u011fmurun olmad\u0131\u011f\u0131 bir b\u00f6lgede bulunmas\u0131. Bu, \u00f6rne\u011fin, bir f\u0131rt\u0131na h\u00fccresi ge\u00e7ti\u011finde ve ya\u011fmur yere d\u00fc\u015fmeden \u00f6nce da\u011f\u0131ld\u0131\u011f\u0131nda olabilir. Bu durumda radar ya\u011fmuru g\u00f6remez. Son bir neden, radarda bazen hatalar\u0131n meydana gelmesidir. Bu hatalar, \u00f6rne\u011fin atmosfer \u00e7ok tozlu veya kumlu oldu\u011funda ortaya \u00e7\u0131kabilir. Bu durumda, radar\u0131n sinyalleri sapt\u0131r\u0131labilir veya bozulabilir ve ger\u00e7ekte olmamas\u0131na ra\u011fmen radar\u0131n ya\u011f\u0131\u015f g\u00f6stermesi olabilir.<\/p>\n<h3 class=\"p1\">D\u00fcnyan\u0131n en ya\u011f\u0131\u015fl\u0131 \u015fehri hangisidir?<\/h3>\n<p class=\"p1\">taraf\u0131ndan yap\u0131lan bir ara\u015ft\u0131rmaya g\u00f6re <a href=\"https:\/\/www.colorado.edu\/\" target=\"_blank\" rel=\"noopener\">Colorado Boulder \u00dcniversitesi<\/a>, d\u00fcnyan\u0131n en ya\u011f\u0131\u015fl\u0131 \u015fehri Mumbai, Hindistan&#039;d\u0131r. \u015eehir, y\u0131lda ortalama 940 milimetre ya\u011f\u0131\u015f ald\u0131\u011f\u0131 i\u00e7in \u00fcnvan\u0131 ald\u0131.<\/p>\n<p class=\"p1\">Hindistan&#039;da ya\u011f\u0131\u015f alan tek \u015fehir Mumbai de\u011fil. Kalk\u00fcta, Chennai ve Bangalore de Hindistan&#039;da \u00e7ok ya\u011f\u0131\u015fl\u0131 \u015fehirlerdir. Ancak, d\u00f6rt \u015fehrin farkl\u0131 ya\u011f\u0131\u015f d\u00fczenleri vard\u0131r. Mumbai y\u0131l boyunca ya\u011fmur alabilirken, di\u011fer \u00fc\u00e7 \u015fehir \u00e7o\u011funlukla Haziran-Eyl\u00fcl aylar\u0131 aras\u0131nda ya\u011fmur al\u0131r.<\/p>","protected":false},"excerpt":{"rendered":"<p>Ya\u011fmur radar\u0131 \u2013 mevcut ya\u011fmur tahmini Hava h\u0131zla de\u011fi\u015febilir ve ya\u011fmurun tam olarak nereye gitti\u011fini bilmek iyidir. Ya\u011fmur radar\u0131 ile her zaman mevcut hava durumunu g\u00f6z \u00f6n\u00fcnde bulundurabilirsiniz! Ancak ya\u011fmur radar\u0131 nedir, nas\u0131l \u00e7al\u0131\u015f\u0131r ve neleri tahmin edebilir? Ya\u011fmur radar\u0131 nedir?\u2026&nbsp;<a href=\"https:\/\/weather-radar24.com\/tr\/yagmur-radari\/\" rel=\"bookmark\">Read More &raquo;<span class=\"screen-reader-text\">Ya\u011fmur radar\u0131<\/span><\/a><\/p>","protected":false},"author":1,"featured_media":111,"parent":0,"menu_order":0,"comment_status":"closed","ping_status":"closed","template":"","meta":{"neve_meta_sidebar":"","neve_meta_container":"","neve_meta_enable_content_width":"off","neve_meta_content_width":100,"neve_meta_title_alignment":"","neve_meta_author_avatar":"","neve_post_elements_order":"","neve_meta_disable_header":"","neve_meta_disable_footer":"","neve_meta_disable_title":"on","neve_meta_reading_time":"","footnotes":""},"class_list":["post-52","page","type-page","status-publish","has-post-thumbnail","hentry"],"yoast_head":"<!-- This site is optimized with the Yoast SEO plugin v26.6 - https:\/\/yoast.com\/wordpress\/plugins\/seo\/ -->\n<title>Rain radar - current rain forecast - weather-radar24.com<\/title>\n<meta name=\"description\" content=\"Track the current weather conditions in real time with our rain radar! The weather map shows rain, clouds and snowfall\" \/>\n<meta name=\"robots\" content=\"index, follow, max-snippet:-1, max-image-preview:large, max-video-preview:-1\" \/>\n<link rel=\"canonical\" href=\"https:\/\/weather-radar24.com\/tr\/yagmur-radari\/\" \/>\n<meta property=\"og:locale\" content=\"tr_TR\" \/>\n<meta property=\"og:type\" content=\"article\" \/>\n<meta property=\"og:title\" content=\"Rain radar - current rain forecast - weather-radar24.com\" \/>\n<meta property=\"og:description\" content=\"Track the current weather conditions in real time with our rain radar! The weather map shows rain, clouds and snowfall\" \/>\n<meta property=\"og:url\" content=\"https:\/\/weather-radar24.com\/tr\/yagmur-radari\/\" \/>\n<meta property=\"article:modified_time\" content=\"2022-09-03T16:52:23+00:00\" \/>\n<meta property=\"og:image\" content=\"https:\/\/weather-radar24.com\/wp-content\/uploads\/2022\/08\/Bildschirmfoto-2022-08-18-um-12.38.42.png\" \/>\n\t<meta property=\"og:image:width\" content=\"374\" \/>\n\t<meta property=\"og:image:height\" content=\"273\" \/>\n\t<meta property=\"og:image:type\" content=\"image\/png\" \/>\n<meta name=\"twitter:card\" content=\"summary_large_image\" \/>\n<meta name=\"twitter:label1\" content=\"Tahmini okuma s\u00fcresi\" \/>\n\t<meta name=\"twitter:data1\" content=\"4 dakika\" \/>\n<script type=\"application\/ld+json\" class=\"yoast-schema-graph\">{\"@context\":\"https:\/\/schema.org\",\"@graph\":[{\"@type\":\"WebPage\",\"@id\":\"https:\/\/weather-radar24.com\/rain-radar\/\",\"url\":\"https:\/\/weather-radar24.com\/rain-radar\/\",\"name\":\"Rain radar - current rain forecast - weather-radar24.com\",\"isPartOf\":{\"@id\":\"https:\/\/weather-radar24.com\/#website\"},\"primaryImageOfPage\":{\"@id\":\"https:\/\/weather-radar24.com\/rain-radar\/#primaryimage\"},\"image\":{\"@id\":\"https:\/\/weather-radar24.com\/rain-radar\/#primaryimage\"},\"thumbnailUrl\":\"https:\/\/weather-radar24.com\/wp-content\/uploads\/2022\/08\/Bildschirmfoto-2022-08-18-um-12.38.42.png\",\"datePublished\":\"2022-08-17T19:16:02+00:00\",\"dateModified\":\"2022-09-03T16:52:23+00:00\",\"description\":\"Track the current weather conditions in real time with our rain radar! The weather map shows rain, clouds and snowfall\",\"breadcrumb\":{\"@id\":\"https:\/\/weather-radar24.com\/rain-radar\/#breadcrumb\"},\"inLanguage\":\"tr\",\"potentialAction\":[{\"@type\":\"ReadAction\",\"target\":[\"https:\/\/weather-radar24.com\/rain-radar\/\"]}]},{\"@type\":\"ImageObject\",\"inLanguage\":\"tr\",\"@id\":\"https:\/\/weather-radar24.com\/rain-radar\/#primaryimage\",\"url\":\"https:\/\/weather-radar24.com\/wp-content\/uploads\/2022\/08\/Bildschirmfoto-2022-08-18-um-12.38.42.png\",\"contentUrl\":\"https:\/\/weather-radar24.com\/wp-content\/uploads\/2022\/08\/Bildschirmfoto-2022-08-18-um-12.38.42.png\",\"width\":374,\"height\":273,\"caption\":\"Rain radar\"},{\"@type\":\"BreadcrumbList\",\"@id\":\"https:\/\/weather-radar24.com\/rain-radar\/#breadcrumb\",\"itemListElement\":[{\"@type\":\"ListItem\",\"position\":1,\"name\":\"Startseite\",\"item\":\"https:\/\/weather-radar24.com\/\"},{\"@type\":\"ListItem\",\"position\":2,\"name\":\"Rain radar\"}]},{\"@type\":\"WebSite\",\"@id\":\"https:\/\/weather-radar24.com\/#website\",\"url\":\"https:\/\/weather-radar24.com\/\",\"name\":\"\",\"description\":\"\",\"potentialAction\":[{\"@type\":\"SearchAction\",\"target\":{\"@type\":\"EntryPoint\",\"urlTemplate\":\"https:\/\/weather-radar24.com\/?s={search_term_string}\"},\"query-input\":{\"@type\":\"PropertyValueSpecification\",\"valueRequired\":true,\"valueName\":\"search_term_string\"}}],\"inLanguage\":\"tr\"}]}<\/script>\n<!-- \/ Yoast SEO plugin. -->","yoast_head_json":{"title":"Ya\u011fmur radar\u0131 - mevcut ya\u011fmur tahmini - weather-radar24.com","description":"Ya\u011fmur radar\u0131m\u0131zla mevcut hava ko\u015fullar\u0131n\u0131 ger\u00e7ek zamanl\u0131 olarak takip edin! Hava durumu haritas\u0131 ya\u011fmuru, bulutlar\u0131 ve kar ya\u011f\u0131\u015f\u0131n\u0131 g\u00f6sterir","robots":{"index":"index","follow":"follow","max-snippet":"max-snippet:-1","max-image-preview":"max-image-preview:large","max-video-preview":"max-video-preview:-1"},"canonical":"https:\/\/weather-radar24.com\/tr\/yagmur-radari\/","og_locale":"tr_TR","og_type":"article","og_title":"Rain radar - current rain forecast - weather-radar24.com","og_description":"Track the current weather conditions in real time with our rain radar! The weather map shows rain, clouds and snowfall","og_url":"https:\/\/weather-radar24.com\/tr\/yagmur-radari\/","article_modified_time":"2022-09-03T16:52:23+00:00","og_image":[{"width":374,"height":273,"url":"https:\/\/weather-radar24.com\/wp-content\/uploads\/2022\/08\/Bildschirmfoto-2022-08-18-um-12.38.42.png","type":"image\/png"}],"twitter_card":"summary_large_image","twitter_misc":{"Tahmini okuma s\u00fcresi":"4 dakika"},"schema":{"@context":"https:\/\/schema.org","@graph":[{"@type":"WebPage","@id":"https:\/\/weather-radar24.com\/rain-radar\/","url":"https:\/\/weather-radar24.com\/rain-radar\/","name":"Ya\u011fmur radar\u0131 - mevcut ya\u011fmur tahmini - weather-radar24.com","isPartOf":{"@id":"https:\/\/weather-radar24.com\/#website"},"primaryImageOfPage":{"@id":"https:\/\/weather-radar24.com\/rain-radar\/#primaryimage"},"image":{"@id":"https:\/\/weather-radar24.com\/rain-radar\/#primaryimage"},"thumbnailUrl":"https:\/\/weather-radar24.com\/wp-content\/uploads\/2022\/08\/Bildschirmfoto-2022-08-18-um-12.38.42.png","datePublished":"2022-08-17T19:16:02+00:00","dateModified":"2022-09-03T16:52:23+00:00","description":"Ya\u011fmur radar\u0131m\u0131zla mevcut hava ko\u015fullar\u0131n\u0131 ger\u00e7ek zamanl\u0131 olarak takip edin! Hava durumu haritas\u0131 ya\u011fmuru, bulutlar\u0131 ve kar ya\u011f\u0131\u015f\u0131n\u0131 g\u00f6sterir","breadcrumb":{"@id":"https:\/\/weather-radar24.com\/rain-radar\/#breadcrumb"},"inLanguage":"tr","potentialAction":[{"@type":"ReadAction","target":["https:\/\/weather-radar24.com\/rain-radar\/"]}]},{"@type":"ImageObject","inLanguage":"tr","@id":"https:\/\/weather-radar24.com\/rain-radar\/#primaryimage","url":"https:\/\/weather-radar24.com\/wp-content\/uploads\/2022\/08\/Bildschirmfoto-2022-08-18-um-12.38.42.png","contentUrl":"https:\/\/weather-radar24.com\/wp-content\/uploads\/2022\/08\/Bildschirmfoto-2022-08-18-um-12.38.42.png","width":374,"height":273,"caption":"Rain radar"},{"@type":"BreadcrumbList","@id":"https:\/\/weather-radar24.com\/rain-radar\/#breadcrumb","itemListElement":[{"@type":"ListItem","position":1,"name":"Startseite","item":"https:\/\/weather-radar24.com\/"},{"@type":"ListItem","position":2,"name":"Rain radar"}]},{"@type":"WebSite","@id":"https:\/\/weather-radar24.com\/#website","url":"https:\/\/weather-radar24.com\/","name":"","description":"","potentialAction":[{"@type":"SearchAction","target":{"@type":"EntryPoint","urlTemplate":"https:\/\/weather-radar24.com\/?s={search_term_string}"},"query-input":{"@type":"PropertyValueSpecification","valueRequired":true,"valueName":"search_term_string"}}],"inLanguage":"tr"}]}},"_links":{"self":[{"href":"https:\/\/weather-radar24.com\/tr\/wp-json\/wp\/v2\/pages\/52","targetHints":{"allow":["GET"]}}],"collection":[{"href":"https:\/\/weather-radar24.com\/tr\/wp-json\/wp\/v2\/pages"}],"about":[{"href":"https:\/\/weather-radar24.com\/tr\/wp-json\/wp\/v2\/types\/page"}],"author":[{"embeddable":true,"href":"https:\/\/weather-radar24.com\/tr\/wp-json\/wp\/v2\/users\/1"}],"replies":[{"embeddable":true,"href":"https:\/\/weather-radar24.com\/tr\/wp-json\/wp\/v2\/comments?post=52"}],"version-history":[{"count":6,"href":"https:\/\/weather-radar24.com\/tr\/wp-json\/wp\/v2\/pages\/52\/revisions"}],"predecessor-version":[{"id":200,"href":"https:\/\/weather-radar24.com\/tr\/wp-json\/wp\/v2\/pages\/52\/revisions\/200"}],"wp:featuredmedia":[{"embeddable":true,"href":"https:\/\/weather-radar24.com\/tr\/wp-json\/wp\/v2\/media\/111"}],"wp:attachment":[{"href":"https:\/\/weather-radar24.com\/tr\/wp-json\/wp\/v2\/media?parent=52"}],"curies":[{"name":"wp","href":"https:\/\/api.w.org\/{rel}","templated":true}]}}