{"id":54,"date":"2022-08-17T21:16:21","date_gmt":"2022-08-17T19:16:21","guid":{"rendered":"https:\/\/weather-radar24.com\/?page_id=54"},"modified":"2026-04-11T13:10:01","modified_gmt":"2026-04-11T11:10:01","slug":"wind-radar","status":"publish","type":"page","link":"https:\/\/weather-radar24.com\/tr\/ruzgar-radari\/","title":{"rendered":"r\u00fczgar radar\u0131"},"content":{"rendered":"<h1>R\u00fczgar radar\u0131 - r\u00fczgar kuvvetini ve r\u00fczgar h\u0131z\u0131n\u0131 \u00f6l\u00e7\u00fcn<\/h1>\n<p>G\u00fcnl\u00fck hayat\u0131n her yerinde kuvvetli ve zay\u0131f r\u00fczgarlarla kar\u015f\u0131la\u015f\u0131r\u0131z. Ancak, kuvvet ne kadar g\u00fc\u00e7l\u00fc olursa, o kadar tehlikeli olabilirler. Bir r\u00fczgar radar\u0131, r\u00fczgarlar\u0131n ne kadar kuvvetli ve hangi y\u00f6nde esti\u011fini kolayca g\u00f6sterir.<\/p>\n<div id=\"windy-wind-box\" style=\"max-width:1300px;margin:20px auto;padding:24px;border:1px solid #dcdcdc;border-radius:12px;background:#f8fafc;text-align:center;font-family:Arial,sans-serif;\">\n<h3 style=\"margin:0 0 10px 0;font-size:24px;color:#1f2937;\">Live Wind Map<\/h3>\n<p style=\"margin:0 0 18px 0;font-size:16px;line-height:1.5;color:#4b5563;\">\n    Click the button below to load the live wind map from Windy.com.\n  <\/p>\n<p>  <button onclick=\"loadWindyWind()\" style=\"background:#2563eb;color:#ffffff;border:none;padding:14px 24px;font-size:16px;font-weight:600;border-radius:8px;cursor:pointer;\"><br \/>\n    Load Live Wind Map<br \/>\n  <\/button><\/p>\n<p style=\"margin:14px 0 0 0;font-size:13px;color:#6b7280;\">\n    External content will be loaded from Windy.com after clicking.\n  <\/p>\n<\/div>\n<p><script>\nfunction loadWindyWind() {\n  document.getElementById('windy-wind-box').innerHTML =\n    '<iframe loading=\"lazy\" src=\"https:\/\/embed.windy.com\/embed2.html?lat=36.161&#038;lon=-98.080&#038;detailLat=36.161&#038;detailLon=-98.080&#038;width=650&#038;height=450&#038;zoom=4&#038;level=surface&#038;overlay=wind&#038;product=ecmwf&#038;menu=&#038;message=true&#038;marker=&#038;calendar=24&#038;pressure=&#038;type=map&#038;location=coordinates&#038;detail=&#038;metricWind=mph&#038;metricTemp=%C2%B0F&#038;radarRange=-1\" width=\"100%\" height=\"600\" frameborder=\"0\" style=\"border:0;border-radius:12px;\"><\/iframe>';\n}\n<\/script><\/p>\n<h2 class=\"p1\">R\u00fczgar radar\u0131 nas\u0131l \u00e7al\u0131\u015f\u0131r?<\/h2>\n<p class=\"p1\">Dijital r\u00fczgar haritas\u0131, hava durumunu, bu durumda \u00f6zellikle r\u00fczgarlar\u0131 \u015fu anda ve bir tahminle g\u00f6steren bir haritad\u0131r. Farkl\u0131 renk ve y\u00f6nlere sahip k\u00fc\u00e7\u00fck hareketli noktalar, r\u00fczgar\u0131n g\u00fcc\u00fcn\u00fc ve y\u00f6n\u00fcn\u00fc temsil eder. Harita \u00fczerinde, d\u00fcnyan\u0131n belirli b\u00f6lgelerinde r\u00fczgar durumunun nas\u0131l oldu\u011funu ve geli\u015febilece\u011fini g\u00f6rmek m\u00fcmk\u00fcnd\u00fcr. Bu sayede tehlikeli f\u0131rt\u0131nalar \u00f6nceden tahmin edilebilir ve y\u00fcksek ve al\u00e7ak bas\u0131n\u00e7 alanlar\u0131 tespit edilebilir.<\/p>\n<p class=\"p1\">Bunu yapmak i\u00e7in bir r\u00fczgar radar\u0131, antenler arac\u0131l\u0131\u011f\u0131yla atmosfere elektromanyetik sinyaller g\u00f6nderir. R\u00fczgar gibi farkl\u0131 hava olaylar\u0131, <a href=\"https:\/\/weather-radar24.com\/tr\/kar-ortusu-haritasi\/\">kar<\/a> veya <a href=\"https:\/\/weather-radar24.com\/tr\/yagmur-radari\/\">ya\u011fmur<\/a> onlar\u0131 de\u011fi\u015fen yo\u011funlukta geri g\u00f6nderin. Verilere dayanarak, sistem hava durumu, g\u00fcc\u00fc ve y\u00f6n\u00fc hakk\u0131nda sonu\u00e7lar \u00e7\u0131karabilir. Bu daha sonra dijital r\u00fczgar haritas\u0131n\u0131 olu\u015fturmak i\u00e7in kullan\u0131l\u0131r.<\/p>\n<h2 class=\"p1\">R\u00fczgar radar\u0131ndaki renkler ne anlama geliyor?<\/h2>\n<p class=\"p1\">Renkler farkl\u0131 r\u00fczgar yo\u011funluklar\u0131n\u0131 temsil eder ve a\u00e7\u0131klamalardan okunabilir. H\u0131z saatte kilometre olarak \u00f6l\u00e7\u00fcl\u00fcr.<\/p>\n<p class=\"p1\">A distinction is made between weak and strong winds, the colors of which are differentiated. Blue stands for gentle winds with a speed of approximately 1 to 23,6 mph, yellow for 23,6-45,9 mph. If the color becomes red, the wind also becomes dangerous: the wind force here can range from 46 mph to over 72,7 mph. The latter is rated as a <a href=\"https:\/\/weather-radar24.com\/tr\/kasirga-izci\/\">kas\u0131rga<\/a>. The latter is considered a hurricane.<\/p>\n<h3 class=\"p1\">Farkl\u0131 r\u00fczgar t\u00fcrleri ve k\u00f6kenleri<\/h3>\n<p class=\"p1\">Farkl\u0131 r\u00fczgar t\u00fcrleri vard\u0131r. <a href=\"https:\/\/weather-radar24.com\/tr\/\">hava radar\u0131<\/a> \u00f6l\u00e7ebilir. Bunlar, \u00f6rne\u011fin, bir b\u00f6lgeden di\u011ferine esen ticaret r\u00fczgarlar\u0131n\u0131 i\u00e7erir. Bu, y\u00fcksek bas\u0131n\u00e7 alan\u0131 ile al\u00e7ak bas\u0131n\u00e7 alan\u0131 aras\u0131nda bir bas\u0131n\u00e7 dengesi yarat\u0131r. Bu t\u00fcr genellikle farkl\u0131 b\u00f6lgelerdeki s\u0131cakl\u0131k farklar\u0131 nedeniyle olu\u015fur.<\/p>\n<p class=\"p1\">Hakim r\u00fczgarlar, g\u00fcne\u015f d\u00fcnyay\u0131 \u0131s\u0131tt\u0131\u011f\u0131nda ve hava havaya y\u00fckseldi\u011finde olu\u015fur. Serin hava yere \u00e7\u00f6ker ve r\u00fczgarlar burada da bir denge olu\u015fturur, bu da d\u00fcnyaya yak\u0131n bir yerde ger\u00e7ekle\u015fir.<\/p>\n<p class=\"p1\">\u00d6te yandan bir jet ak\u0131m\u0131, y\u00fcksek irtifada bir r\u00fczgard\u0131r. Yerde pek fark edilmez, ancak hava ko\u015fullar\u0131 ve di\u011fer r\u00fczgarlar\u0131n g\u00fcc\u00fc \u00fczerinde \u00f6nemli bir etkisi vard\u0131r. Atmosferde h\u0131zl\u0131 bir hava ku\u015fa\u011f\u0131 gibi bir jet ak\u0131m\u0131 hayal edebilirsiniz.<\/p>\n<p class=\"p1\">R\u00fczgar g\u00fcc\u00fcn\u00fc belirlemek i\u00e7in hava ak\u0131mlar\u0131n\u0131n h\u0131z\u0131 \u00f6l\u00e7\u00fcl\u00fcr. Bu, Francis Beaufort 1806&#039;da anemometreyi icat edene kadar zor bir i\u015fti. Cihaz, r\u00fczgar taraf\u0131ndan y\u00f6nlendirilen bir eksen etraf\u0131nda bir daire i\u00e7inde d\u00f6nen k\u00fc\u00e7\u00fck kabuklardan olu\u015fuyordu. G\u00fc\u00e7 ne kadar y\u00fcksek olursa, hareket o kadar h\u0131zl\u0131 olur. Bir bilgisayar bundan r\u00fczgar g\u00fcc\u00fcn\u00fc hesaplar ve h\u0131z\u0131 saatte kilometre veya mil olarak verir. Yo\u011funluk, bu rakamlardan Beaufort \u00f6l\u00e7e\u011fi kullan\u0131larak do\u011frudan okunabilir.<\/p>\n<h2 class=\"p1\">\u00dcnl\u00fc \u00f6l\u00e7ek \u2013 Beaufort r\u00fczgar \u00f6l\u00e7e\u011fi<\/h2>\n<table class=\"responsive\">\n<tbody>\n<tr style=\"height: 23px;\">\n<td style=\"width: 16.6667%; height: 23px;\"><span style=\"color: #000000;\"><strong>R\u00fczgar g\u00fcc\u00fc<\/strong><\/span><\/td>\n<td style=\"width: 16.7756%; height: 23px;\"><span style=\"color: #000000;\"><strong>Tan\u0131m<\/strong><\/span><\/td>\n<td style=\"width: 16.3399%; height: 23px;\"><span style=\"color: #000000;\"><strong>km\/s<\/strong><\/span><\/td>\n<td style=\"width: 16.2309%; height: 23px;\"><span style=\"color: #000000;\"><strong>m<span style=\"color: #000000;\">\/s<\/span><\/strong><\/span><\/td>\n<td style=\"width: 16.122%; height: 23px;\"><span style=\"color: #000000;\"><strong>kn<\/strong><\/span><\/td>\n<td style=\"width: 16.2309%; height: 23px;\"><span style=\"color: #000000;\"><strong>mil\/saat<\/strong><\/span><\/td>\n<\/tr>\n<tr style=\"height: 23px;\">\n<td style=\"width: 16.6667%; height: 23px;\">0<\/td>\n<td style=\"width: 16.7756%; height: 23px;\"><strong>Sakinlik<\/strong><\/td>\n<td style=\"width: 16.3399%; height: 23px;\">0 \u2013 1<\/td>\n<td style=\"width: 16.2309%; height: 23px;\">0,0 \u2013 &lt;0,3<\/td>\n<td style=\"width: 16.122%; height: 23px;\">0 \u2013 &lt;1<\/td>\n<td style=\"width: 16.2309%; height: 23px;\">0 \u2013 &lt;1,2<\/td>\n<\/tr>\n<tr style=\"height: 23px;\">\n<td style=\"width: 16.6667%; height: 23px;\">1<\/td>\n<td style=\"width: 16.7756%; height: 23px;\"><strong>Hafif Hava<\/strong><\/td>\n<td style=\"width: 16.3399%; height: 23px;\">1 \u2013 5<\/td>\n<td style=\"width: 16.2309%; height: 23px;\">0,3 \u2013 &lt;1,6<\/td>\n<td style=\"width: 16.122%; height: 23px;\">1 \u2013 &lt;4<\/td>\n<td style=\"width: 16.2309%; height: 23px;\">1,2 \u2013 &lt;4,6<\/td>\n<\/tr>\n<tr style=\"height: 23px;\">\n<td style=\"width: 16.6667%; height: 23px;\">2<\/td>\n<td style=\"width: 16.7756%; height: 23px;\"><strong>Hafif bir esinti<\/strong><\/td>\n<td style=\"width: 16.3399%; height: 23px;\">6 \u2013 11<\/td>\n<td style=\"width: 16.2309%; height: 23px;\">1,6 \u2013 &lt;3,4<\/td>\n<td style=\"width: 16.122%; height: 23px;\">4 \u2013 &lt;7<\/td>\n<td style=\"width: 16.2309%; height: 23px;\">4,6 \u2013 &lt;8,1<\/td>\n<\/tr>\n<tr style=\"height: 23px;\">\n<td style=\"width: 16.6667%; height: 23px;\">3<\/td>\n<td style=\"width: 16.7756%; height: 23px;\"><strong>Hafif esinti<\/strong><\/td>\n<td style=\"width: 16.3399%; height: 23px;\">12 \u2013 19<\/td>\n<td style=\"width: 16.2309%; height: 23px;\">3,4 \u2013 &lt;5,5<\/td>\n<td style=\"width: 16.122%; height: 23px;\">7 \u2013 &lt;11<\/td>\n<td style=\"width: 16.2309%; height: 23px;\">8,1 \u2013 &lt;12,7<\/td>\n<\/tr>\n<tr style=\"height: 23px;\">\n<td style=\"width: 16.6667%; height: 23px;\">4<\/td>\n<td style=\"width: 16.7756%; height: 23px;\"><strong>Il\u0131ml\u0131 esinti<\/strong><\/td>\n<td style=\"width: 16.3399%; height: 23px;\">20 \u2013 28<\/td>\n<td style=\"width: 16.2309%; height: 23px;\">5,5 \u2013 &lt;8,0<\/td>\n<td style=\"width: 16.122%; height: 23px;\">11 \u2013 &lt;16<\/td>\n<td style=\"width: 16.2309%; height: 23px;\">12,7 \u2013 &lt;18,4<\/td>\n<\/tr>\n<tr style=\"height: 23px;\">\n<td style=\"width: 16.6667%; height: 23px;\">5<\/td>\n<td class=\"tb-unimp\" style=\"width: 16.7756%; height: 23px;\"><strong>G\u00fc\u00e7l\u00fc Esinti<\/strong><\/td>\n<td style=\"width: 16.3399%; height: 23px;\">29 \u2013 38<\/td>\n<td style=\"width: 16.2309%; height: 23px;\">8,0 \u2013 &lt;10,8<\/td>\n<td style=\"width: 16.122%; height: 23px;\">16 \u2013 &lt;22<\/td>\n<td style=\"width: 16.2309%; height: 23px;\">18,4 \u2013 &lt;25,3<\/td>\n<\/tr>\n<tr style=\"height: 23px;\">\n<td style=\"width: 16.6667%; height: 23px;\">6<\/td>\n<td style=\"width: 16.7756%; height: 23px;\"><strong>G\u00fc\u00e7l\u00fc Esinti<\/strong><\/td>\n<td style=\"width: 16.3399%; height: 23px;\">39 \u2013 49<\/td>\n<td style=\"width: 16.2309%; height: 23px;\">10,8 \u2013 &lt;13,9<\/td>\n<td style=\"width: 16.122%; height: 23px;\">22 \u2013 &lt;28<\/td>\n<td style=\"width: 16.2309%; height: 23px;\">25,3 \u2013 &lt;32,2<\/td>\n<\/tr>\n<tr style=\"height: 23px;\">\n<td style=\"width: 16.6667%; height: 23px;\">7<\/td>\n<td style=\"width: 16.7756%; height: 23px;\"><strong>Yak\u0131n f\u0131rt\u0131na<\/strong><\/td>\n<td style=\"width: 16.3399%; height: 23px;\">50 \u2013 61<\/td>\n<td style=\"width: 16.2309%; height: 23px;\">13,9 \u2013 &lt;17,2<\/td>\n<td style=\"width: 16.122%; height: 23px;\">28 \u2013 &lt;34<\/td>\n<td style=\"width: 16.2309%; height: 23px;\">32,2 \u2013 &lt;39,1<\/td>\n<\/tr>\n<tr style=\"height: 23px;\">\n<td style=\"width: 16.6667%; height: 23px;\">8<\/td>\n<td style=\"width: 16.7756%; height: 23px;\"><strong>\u015fiddetli r\u00fczgar<\/strong><\/td>\n<td style=\"width: 16.3399%; height: 23px;\">62 \u2013 74<\/td>\n<td style=\"width: 16.2309%; height: 23px;\">17,2 \u2013 &lt;20,8<\/td>\n<td style=\"width: 16.122%; height: 23px;\">34 \u2013 &lt;41<\/td>\n<td style=\"width: 16.2309%; height: 23px;\">39,1 \u2013 &lt;47,2<\/td>\n<\/tr>\n<tr style=\"height: 23px;\">\n<td style=\"width: 16.6667%; height: 23px;\">9<\/td>\n<td style=\"width: 16.7756%; height: 23px;\"><strong>g\u00fc\u00e7l\u00fc f\u0131rt\u0131na<\/strong><\/td>\n<td style=\"width: 16.3399%; height: 23px;\">75 \u2013 88<\/td>\n<td style=\"width: 16.2309%; height: 23px;\">20,8 \u2013 &lt;24,5<\/td>\n<td style=\"width: 16.122%; height: 23px;\">41 \u2013 &lt;48<\/td>\n<td style=\"width: 16.2309%; height: 23px;\">47,2 \u2013 &lt;55,2<\/td>\n<\/tr>\n<tr style=\"height: 23px;\">\n<td style=\"width: 16.6667%; height: 23px;\">10<\/td>\n<td style=\"width: 16.7756%; height: 23px;\"><strong>F\u0131rt\u0131na<\/strong><\/td>\n<td style=\"width: 16.3399%; height: 23px;\">89 \u2013 102<\/td>\n<td style=\"width: 16.2309%; height: 23px;\">24,5 \u2013 &lt;28,5<\/td>\n<td style=\"width: 16.122%; height: 23px;\">48 \u2013 &lt;56<\/td>\n<td style=\"width: 16.2309%; height: 23px;\">55,2 \u2013 &lt;64,4<\/td>\n<\/tr>\n<tr style=\"height: 23px;\">\n<td style=\"width: 16.6667%; height: 23px;\">11<\/td>\n<td style=\"width: 16.7756%; height: 23px;\"><strong>\u015eiddetli f\u0131rt\u0131na<\/strong><\/td>\n<td style=\"width: 16.3399%;\">103 \u2013 117<\/td>\n<td style=\"width: 16.2309%; height: 23px;\">28,5 \u2013 &lt;32,7<\/td>\n<td style=\"width: 16.122%; height: 23px;\">56 \u2013 &lt;64<\/td>\n<td style=\"width: 16.2309%; height: 23px;\">64,4 \u2013 &lt;73,6<\/td>\n<\/tr>\n<tr style=\"height: 23px;\">\n<td style=\"width: 16.6667%; height: 23px;\">12<\/td>\n<td style=\"width: 16.7756%; height: 23px;\"><strong><a href=\"https:\/\/weather-radar24.com\/tr\/hurrikan-tracker\/\">Kas\u0131rga<\/a><\/strong><\/td>\n<td style=\"width: 16.3399%; height: 23px;\">\u2265 117<\/td>\n<td style=\"width: 16.2309%; height: 23px;\">\u2265 32,7<\/td>\n<td style=\"width: 16.122%; height: 23px;\">\u2265 64<\/td>\n<td style=\"width: 16.2309%; height: 23px;\">\u2265 73,6<\/td>\n<\/tr>\n<\/tbody>\n<\/table>\n<p class=\"p1\">bu <a href=\"https:\/\/www.spc.noaa.gov\/faq\/tornado\/beaufort.html\" target=\"_blank\" rel=\"noopener\">Beaufort r\u00fczgar \u00f6l\u00e7e\u011fi<\/a> r\u00fczgar \u015fiddetini h\u0131za g\u00f6re kategorilere ay\u0131rabilece\u011finiz ayn\u0131 ad\u0131 ta\u015f\u0131yan mucit taraf\u0131ndan olu\u015fturulmu\u015f bir \u00f6l\u00e7ektir. Belirleyici fakt\u00f6r, belirli bir h\u0131zdaki r\u00fczgar\u0131n \u00e7evre \u00fczerindeki etkisidir. Bu nedenle, \u00f6l\u00e7ek r\u00fczgar kuvveti 0 - sakin, r\u00fczgar kuvveti 5 - taze esinti, r\u00fczgar kuvveti 12 - kas\u0131rga aras\u0131nda de\u011fi\u015fmektedir. Kuvvet de kolayca hesaplanabilir: R\u00fczgar\u0131n h\u0131z\u0131n\u0131 deniz mili art\u0131 5 olarak al\u0131n ve sonucu 5&#039;e b\u00f6l\u00fcn.<\/p>\n<h3 class=\"p1\">kuvvet 12 r\u00fczgar tehlikeli midir?<\/h3>\n<p class=\"p1\">Kuvvet 12, Beaufort \u00f6l\u00e7e\u011fine g\u00f6re bir kas\u0131rga olarak kabul edilir. R\u00fczgar\u0131n h\u0131z\u0131 73 milden fazlad\u0131r ve r\u00fczgar radar\u0131nda g\u00fc\u00e7l\u00fc bir \u015fekilde k\u0131rm\u0131z\u0131 olarak i\u015faretlenmi\u015ftir. Bir kas\u0131rga tehlikeli sonu\u00e7lara yol a\u00e7abilir, \u00e7\u00fcnk\u00fc r\u00fczgar a\u011fa\u00e7lardan dallar\u0131 koparabilir, a\u011fa\u00e7lar\u0131 k\u00f6k\u00fcnden s\u00f6kebilir ve gev\u015fek \u015feyleri yere f\u0131rlatabilir. F\u0131rt\u0131na nedeniyle binalar\u0131n hasar g\u00f6rmesi veya araba kullanma sorunlar\u0131 da m\u00fcmk\u00fcnd\u00fcr. Kuvvet r\u00fczgarlar\u0131 12 nadirdir, ancak arkalar\u0131nda b\u00fcy\u00fck bir y\u0131k\u0131m b\u0131rak\u0131rlar. Genel olarak, kategori 5&#039;ten dikkatli olunmas\u0131 tavsiye edilir ve 10&#039;dan m\u00fcmk\u00fcnse evden \u00e7\u0131kmamal\u0131s\u0131n\u0131z.<\/p>\n<h4 class=\"p1\">\u00d6zet<\/h4>\n<p class=\"p1\">R\u00fczgarlar b\u00fcy\u00fcleyici do\u011fa olaylar\u0131d\u0131r, ancak yo\u011funluklar\u0131na ba\u011fl\u0131 olarak tehlikeli de olabilirler. Bir r\u00fczgar radar\u0131 hava durumunu elektromanyetik sinyallerle belirler ve bir dijital r\u00fczgar radar\u0131na veya r\u00fczgar haritas\u0131na kaydedilir. Hava raporundan bildi\u011finiz gibi tahminler de m\u00fcmk\u00fcnd\u00fcr. Beaufort \u00f6l\u00e7e\u011fi, r\u00fczgarlar\u0131 kategorilere ay\u0131r\u0131r ve h\u0131zlar\u0131na g\u00f6re \u00e7evre i\u00e7in potansiyel tehlikeyi belirler. Hava durumu haritas\u0131 k\u0131rm\u0131z\u0131 g\u00f6steriyorsa evde kalsan iyi olur.<\/p>","protected":false},"excerpt":{"rendered":"<p>Wind radar &#8211; measure wind force and wind speed We encounter strong and weak winds everywhere in everyday life. However, the stronger the force, the more dangerous they can become. A wind radar shows easily shows how strong winds blow and in which direction. Live Wind Map Click the button below to load the live&hellip;&nbsp;<a href=\"https:\/\/weather-radar24.com\/tr\/ruzgar-radari\/\" rel=\"bookmark\">Read More &raquo;<span class=\"screen-reader-text\">r\u00fczgar radar\u0131<\/span><\/a><\/p>","protected":false},"author":1,"featured_media":105,"parent":0,"menu_order":0,"comment_status":"closed","ping_status":"closed","template":"","meta":{"neve_meta_sidebar":"","neve_meta_container":"","neve_meta_enable_content_width":"off","neve_meta_content_width":100,"neve_meta_title_alignment":"","neve_meta_author_avatar":"","neve_post_elements_order":"","neve_meta_disable_header":"","neve_meta_disable_footer":"","neve_meta_disable_title":"on","neve_meta_reading_time":"","footnotes":""},"class_list":["post-54","page","type-page","status-publish","has-post-thumbnail","hentry"],"yoast_head":"<!-- This site is optimized with the Yoast SEO plugin v27.3 - https:\/\/yoast.com\/product\/yoast-seo-wordpress\/ -->\n<title>Wind radar - measure wind force and wind speed<\/title>\n<meta name=\"description\" content=\"Wind Radar - Track the current wind force and wind speed with live data and wind forecast for the next few days.\" \/>\n<meta name=\"robots\" content=\"index, follow, max-snippet:-1, max-image-preview:large, max-video-preview:-1\" \/>\n<link rel=\"canonical\" href=\"https:\/\/weather-radar24.com\/tr\/ruzgar-radari\/\" \/>\n<meta property=\"og:locale\" content=\"tr_TR\" \/>\n<meta property=\"og:type\" content=\"article\" \/>\n<meta property=\"og:title\" content=\"Wind radar - measure wind force and wind speed\" \/>\n<meta property=\"og:description\" content=\"Wind Radar - Track the current wind force and wind speed with live data and wind forecast for the next few days.\" \/>\n<meta property=\"og:url\" content=\"https:\/\/weather-radar24.com\/tr\/ruzgar-radari\/\" \/>\n<meta property=\"article:modified_time\" content=\"2026-04-11T11:10:01+00:00\" \/>\n<meta property=\"og:image\" content=\"https:\/\/weather-radar24.com\/wp-content\/uploads\/2022\/08\/Bildschirmfoto-2022-08-18-um-13.26.16.png\" \/>\n\t<meta property=\"og:image:width\" content=\"420\" \/>\n\t<meta property=\"og:image:height\" content=\"271\" \/>\n\t<meta property=\"og:image:type\" content=\"image\/png\" \/>\n<meta name=\"twitter:card\" content=\"summary_large_image\" \/>\n<meta name=\"twitter:label1\" content=\"Tahmini okuma s\u00fcresi\" \/>\n\t<meta name=\"twitter:data1\" content=\"5 dakika\" \/>\n<script type=\"application\/ld+json\" class=\"yoast-schema-graph\">{\"@context\":\"https:\\\/\\\/schema.org\",\"@graph\":[{\"@type\":\"WebPage\",\"@id\":\"https:\\\/\\\/weather-radar24.com\\\/wind-radar\\\/\",\"url\":\"https:\\\/\\\/weather-radar24.com\\\/wind-radar\\\/\",\"name\":\"Wind radar - measure wind force and wind speed\",\"isPartOf\":{\"@id\":\"https:\\\/\\\/weather-radar24.com\\\/#website\"},\"primaryImageOfPage\":{\"@id\":\"https:\\\/\\\/weather-radar24.com\\\/wind-radar\\\/#primaryimage\"},\"image\":{\"@id\":\"https:\\\/\\\/weather-radar24.com\\\/wind-radar\\\/#primaryimage\"},\"thumbnailUrl\":\"https:\\\/\\\/weather-radar24.com\\\/wp-content\\\/uploads\\\/2022\\\/08\\\/Bildschirmfoto-2022-08-18-um-13.26.16.png\",\"datePublished\":\"2022-08-17T19:16:21+00:00\",\"dateModified\":\"2026-04-11T11:10:01+00:00\",\"description\":\"Wind Radar - Track the current wind force and wind speed with live data and wind forecast for the next few days.\",\"breadcrumb\":{\"@id\":\"https:\\\/\\\/weather-radar24.com\\\/wind-radar\\\/#breadcrumb\"},\"inLanguage\":\"tr\",\"potentialAction\":[{\"@type\":\"ReadAction\",\"target\":[\"https:\\\/\\\/weather-radar24.com\\\/wind-radar\\\/\"]}]},{\"@type\":\"ImageObject\",\"inLanguage\":\"tr\",\"@id\":\"https:\\\/\\\/weather-radar24.com\\\/wind-radar\\\/#primaryimage\",\"url\":\"https:\\\/\\\/weather-radar24.com\\\/wp-content\\\/uploads\\\/2022\\\/08\\\/Bildschirmfoto-2022-08-18-um-13.26.16.png\",\"contentUrl\":\"https:\\\/\\\/weather-radar24.com\\\/wp-content\\\/uploads\\\/2022\\\/08\\\/Bildschirmfoto-2022-08-18-um-13.26.16.png\",\"width\":420,\"height\":271,\"caption\":\"Wind radar\"},{\"@type\":\"BreadcrumbList\",\"@id\":\"https:\\\/\\\/weather-radar24.com\\\/wind-radar\\\/#breadcrumb\",\"itemListElement\":[{\"@type\":\"ListItem\",\"position\":1,\"name\":\"Startseite\",\"item\":\"https:\\\/\\\/weather-radar24.com\\\/\"},{\"@type\":\"ListItem\",\"position\":2,\"name\":\"Wind radar\"}]},{\"@type\":\"WebSite\",\"@id\":\"https:\\\/\\\/weather-radar24.com\\\/#website\",\"url\":\"https:\\\/\\\/weather-radar24.com\\\/\",\"name\":\"\",\"description\":\"\",\"potentialAction\":[{\"@type\":\"SearchAction\",\"target\":{\"@type\":\"EntryPoint\",\"urlTemplate\":\"https:\\\/\\\/weather-radar24.com\\\/?s={search_term_string}\"},\"query-input\":{\"@type\":\"PropertyValueSpecification\",\"valueRequired\":true,\"valueName\":\"search_term_string\"}}],\"inLanguage\":\"tr\"}]}<\/script>\n<!-- \/ Yoast SEO plugin. -->","yoast_head_json":{"title":"R\u00fczgar radar\u0131 - r\u00fczgar kuvvetini ve r\u00fczgar h\u0131z\u0131n\u0131 \u00f6l\u00e7\u00fcn","description":"R\u00fczgar Radar\u0131 - \u00d6n\u00fcm\u00fczdeki birka\u00e7 g\u00fcn i\u00e7in canl\u0131 veriler ve r\u00fczgar tahmini ile mevcut r\u00fczgar kuvvetini ve r\u00fczgar h\u0131z\u0131n\u0131 takip edin.","robots":{"index":"index","follow":"follow","max-snippet":"max-snippet:-1","max-image-preview":"max-image-preview:large","max-video-preview":"max-video-preview:-1"},"canonical":"https:\/\/weather-radar24.com\/tr\/ruzgar-radari\/","og_locale":"tr_TR","og_type":"article","og_title":"Wind radar - measure wind force and wind speed","og_description":"Wind Radar - Track the current wind force and wind speed with live data and wind forecast for the next few days.","og_url":"https:\/\/weather-radar24.com\/tr\/ruzgar-radari\/","article_modified_time":"2026-04-11T11:10:01+00:00","og_image":[{"width":420,"height":271,"url":"https:\/\/weather-radar24.com\/wp-content\/uploads\/2022\/08\/Bildschirmfoto-2022-08-18-um-13.26.16.png","type":"image\/png"}],"twitter_card":"summary_large_image","twitter_misc":{"Tahmini okuma s\u00fcresi":"5 dakika"},"schema":{"@context":"https:\/\/schema.org","@graph":[{"@type":"WebPage","@id":"https:\/\/weather-radar24.com\/wind-radar\/","url":"https:\/\/weather-radar24.com\/wind-radar\/","name":"R\u00fczgar radar\u0131 - r\u00fczgar kuvvetini ve r\u00fczgar h\u0131z\u0131n\u0131 \u00f6l\u00e7\u00fcn","isPartOf":{"@id":"https:\/\/weather-radar24.com\/#website"},"primaryImageOfPage":{"@id":"https:\/\/weather-radar24.com\/wind-radar\/#primaryimage"},"image":{"@id":"https:\/\/weather-radar24.com\/wind-radar\/#primaryimage"},"thumbnailUrl":"https:\/\/weather-radar24.com\/wp-content\/uploads\/2022\/08\/Bildschirmfoto-2022-08-18-um-13.26.16.png","datePublished":"2022-08-17T19:16:21+00:00","dateModified":"2026-04-11T11:10:01+00:00","description":"R\u00fczgar Radar\u0131 - \u00d6n\u00fcm\u00fczdeki birka\u00e7 g\u00fcn i\u00e7in canl\u0131 veriler ve r\u00fczgar tahmini ile mevcut r\u00fczgar kuvvetini ve r\u00fczgar h\u0131z\u0131n\u0131 takip edin.","breadcrumb":{"@id":"https:\/\/weather-radar24.com\/wind-radar\/#breadcrumb"},"inLanguage":"tr","potentialAction":[{"@type":"ReadAction","target":["https:\/\/weather-radar24.com\/wind-radar\/"]}]},{"@type":"ImageObject","inLanguage":"tr","@id":"https:\/\/weather-radar24.com\/wind-radar\/#primaryimage","url":"https:\/\/weather-radar24.com\/wp-content\/uploads\/2022\/08\/Bildschirmfoto-2022-08-18-um-13.26.16.png","contentUrl":"https:\/\/weather-radar24.com\/wp-content\/uploads\/2022\/08\/Bildschirmfoto-2022-08-18-um-13.26.16.png","width":420,"height":271,"caption":"Wind radar"},{"@type":"BreadcrumbList","@id":"https:\/\/weather-radar24.com\/wind-radar\/#breadcrumb","itemListElement":[{"@type":"ListItem","position":1,"name":"Startseite","item":"https:\/\/weather-radar24.com\/"},{"@type":"ListItem","position":2,"name":"Wind radar"}]},{"@type":"WebSite","@id":"https:\/\/weather-radar24.com\/#website","url":"https:\/\/weather-radar24.com\/","name":"","description":"","potentialAction":[{"@type":"SearchAction","target":{"@type":"EntryPoint","urlTemplate":"https:\/\/weather-radar24.com\/?s={search_term_string}"},"query-input":{"@type":"PropertyValueSpecification","valueRequired":true,"valueName":"search_term_string"}}],"inLanguage":"tr"}]}},"_links":{"self":[{"href":"https:\/\/weather-radar24.com\/tr\/wp-json\/wp\/v2\/pages\/54","targetHints":{"allow":["GET"]}}],"collection":[{"href":"https:\/\/weather-radar24.com\/tr\/wp-json\/wp\/v2\/pages"}],"about":[{"href":"https:\/\/weather-radar24.com\/tr\/wp-json\/wp\/v2\/types\/page"}],"author":[{"embeddable":true,"href":"https:\/\/weather-radar24.com\/tr\/wp-json\/wp\/v2\/users\/1"}],"replies":[{"embeddable":true,"href":"https:\/\/weather-radar24.com\/tr\/wp-json\/wp\/v2\/comments?post=54"}],"version-history":[{"count":10,"href":"https:\/\/weather-radar24.com\/tr\/wp-json\/wp\/v2\/pages\/54\/revisions"}],"predecessor-version":[{"id":80,"href":"https:\/\/weather-radar24.com\/tr\/wp-json\/wp\/v2\/pages\/54\/revisions\/80"}],"wp:featuredmedia":[{"embeddable":true,"href":"https:\/\/weather-radar24.com\/tr\/wp-json\/wp\/v2\/media\/105"}],"wp:attachment":[{"href":"https:\/\/weather-radar24.com\/tr\/wp-json\/wp\/v2\/media?parent=54"}],"curies":[{"name":"wp","href":"https:\/\/api.w.org\/{rel}","templated":true}]}}