{"id":83,"date":"2022-08-19T19:55:15","date_gmt":"2022-08-19T17:55:15","guid":{"rendered":"https:\/\/weather-radar24.com\/?page_id=83"},"modified":"2022-08-19T21:41:25","modified_gmt":"2022-08-19T19:41:25","slug":"satellite-map","status":"publish","type":"page","link":"https:\/\/weather-radar24.com\/tr\/uydu-haritasi\/","title":{"rendered":"Uydu Haritas\u0131"},"content":{"rendered":"<h1 class=\"p1\"><b>Uydu Haritas\u0131 \u2013 uydular\u0131 g\u00fcn\u00fcn her saatinde ger\u00e7ek zamanl\u0131 olarak izleyin!<\/b><\/h1>\n<p><img loading=\"lazy\" decoding=\"async\" class=\"aligncenter wp-image-132 size-full\" src=\"https:\/\/weather-radar24.com\/wp-content\/uploads\/2022\/08\/satellite-g443ef3dfb_640.jpeg\" alt=\"Uydu Haritas\u0131\" width=\"640\" height=\"423\" srcset=\"https:\/\/weather-radar24.com\/wp-content\/uploads\/2022\/08\/satellite-g443ef3dfb_640.jpeg 640w, https:\/\/weather-radar24.com\/wp-content\/uploads\/2022\/08\/satellite-g443ef3dfb_640-300x198.jpeg 300w\" sizes=\"auto, (max-width: 640px) 100vw, 640px\" \/><\/p>\n<p class=\"p1\">A\u00e7\u0131k bir gecede, bir\u00e7ok yapay uydu g\u00f6ky\u00fcz\u00fcnde hareket eder. Yava\u015f hareket eden y\u0131ld\u0131zlara benziyorlar ve parlak bir \u015fekilde parl\u0131yorlar. Normalde ufuktan ufka ge\u00e7meleri ortalama 10 dakika s\u00fcrer. Uluslararas\u0131 Uzay \u0130stasyonu (ISS) ve Hubble Uzay Teleskobu, D\u00fcnya&#039;n\u0131n y\u00f6r\u00fcngesinde d\u00f6nen en iyi bilinen nesneler aras\u0131ndad\u0131r. G\u00f6ky\u00fcz\u00fcn\u00fc \u015fafakta veya alacakaranl\u0131kta dikkatlice incelerseniz, D\u00fcnya y\u00f6r\u00fcngesinde d\u00f6nen 35000&#039;den fazla uydudan birini g\u00f6rmek i\u00e7in muhtemelen 15 dakikadan fazla beklemeniz gerekmeyecektir.<\/p>\n<h2 class=\"p1\">Uydular nas\u0131l g\u00f6zlemlenebilir?<\/h2>\n<p class=\"p1\">Asl\u0131nda, D\u00fcnya y\u00f6r\u00fcngesindeki nesnelerin \u00e7o\u011fu \u00e7\u0131plak g\u00f6zle g\u00f6r\u00fclemeyecek kadar k\u00fc\u00e7\u00fckt\u00fcr. \u00d6zellikle bunlar enkaz ise. Bununla birlikte, ek optik yard\u0131mlar olmadan g\u00f6r\u00fclebilen birka\u00e7 y\u00fcz nesne vard\u0131r. Bu, en az 6 metre boyunda olan ve D\u00fcnya y\u00f6r\u00fcngesinde yakla\u015f\u0131k 160 km ila 650 km y\u00fckseklikte d\u00f6nen uydular i\u00e7in ge\u00e7erlidir.<\/p>\n<p class=\"p1\">Uydular\u0131n harici ayd\u0131nlatmas\u0131 yoktur. Bu nesnelerden birini g\u00f6rebilmek i\u00e7in uydunun g\u00fcne\u015f \u0131\u015f\u0131\u011f\u0131n\u0131 yans\u0131tmas\u0131 gerekir. Bu u\u00e7an cisimlerin baz\u0131lar\u0131nda bir dizi g\u00fcne\u015f paneli vard\u0131r, bu nedenle \u0131\u015f\u0131k yans\u0131d\u0131\u011f\u0131 i\u00e7in g\u00f6rmeleri \u00f6zellikle kolayd\u0131r. Her t\u00fcrl\u00fc ileti\u015fim kanal\u0131n\u0131 sa\u011flaman\u0131n yan\u0131 s\u0131ra, <a href=\"https:\/\/weather-radar24.com\/tr\/\">hava Durumu tahmini<\/a>.<\/p>\n<h2 class=\"p1\">Ne t\u00fcr uydular var?<\/h2>\n<p class=\"p1\">\u0130ki t\u00fcr uydu vard\u0131r, yerdura\u011fan ve kutupsal y\u00f6r\u00fcnge. \u0130kincisi, d\u00fc\u015f\u00fck irtifalarda u\u00e7mak i\u00e7in bilinir. Genellikle 100 dakika i\u00e7inde gezegenimizin y\u00f6r\u00fcngesinde d\u00f6nerler. Bu t\u00fcr uydular, D\u00fcnya&#039;y\u0131 foto\u011fraflamak veya ba\u015fka \u00f6l\u00e7\u00fcmler yapmak i\u00e7in yoldalar.<\/p>\n<p class=\"p1\">Ne yaz\u0131k ki, kutup y\u00f6r\u00fcngeli gemi s\u00fcrekli g\u00f6zleme izin vermiyor. Jeodura\u011fan nesneler burada \u00e7ok daha iyi ko\u015fullar sunar. D\u00fcnyan\u0131n d\u00f6n\u00fc\u015f\u00fc ile ayn\u0131 h\u0131za sahiptirler. Bu uydular belirli bir alanda gezindikleri i\u00e7in s\u00fcrekli olarak g\u00f6zlemlenebilirler.<\/p>\n<h3 class=\"p1\">Uydular \u00e7\u0131plak g\u00f6zle g\u00f6r\u00fclebilir mi?<\/h3>\n<p class=\"p1\">Al\u00e7aktan u\u00e7an cisimlerin y\u00f6r\u00fcngeleri nedeniyle, g\u00f6zlem alan\u0131n\u0131 ge\u00e7tikleri kesin bir zaman penceresi vard\u0131r. Zaman\u0131n geri kalan\u0131, ufkun alt\u0131ndalar ve bu nedenle g\u00f6r\u00fcnmezler.<\/p>\n<p class=\"p1\">Ne yaz\u0131k ki, sadece ge\u00e7en zamana g\u00f6re bir g\u00f6zlem planlanamaz, \u00e7\u00fcnk\u00fc u\u00e7an cismin ayd\u0131nlatmas\u0131 da dikkate al\u0131nmal\u0131d\u0131r. Bir uyduyu m\u00fckemmel bir \u015fekilde g\u00f6rebilmek i\u00e7in g\u00f6zlemcinin karanl\u0131kta ve uydunun ayd\u0131nl\u0131kta olmas\u0131 gerekir. Bu nedenle g\u00fcn do\u011fumu veya g\u00fcn bat\u0131m\u0131ndan hemen \u00f6nceki zamanlar \u00f6zellikle uygundur. ISS, optik yard\u0131mc\u0131lar olmadan g\u00f6r\u00fclebilir. Rahats\u0131z edici \u0131\u015f\u0131k kaynaklar\u0131ndan uzak olmak idealdir. Elbette bulutsuz bir g\u00f6ky\u00fcz\u00fc g\u00f6rmeyi kolayla\u015ft\u0131r\u0131r.<\/p>\n<h2 class=\"p1\">SpaceX&#039;in Starlink uydular\u0131 nas\u0131l g\u00f6zlemlenir?<\/h2>\n<p class=\"p1\">D\u00fcnya \u00e7ap\u0131nda d\u00fc\u015f\u00fck maliyetli \u0130nternet al\u0131m\u0131 sa\u011flamak i\u00e7in SpaceX, geni\u015flemenin ilk a\u015famas\u0131nda 12000&#039;den fazla Starlink uydusu a\u011f\u0131 planl\u0131yor. \u015eu anda, bu uzay ara\u00e7lar\u0131ndan yakla\u015f\u0131k 2000 tanesi, 440 ila 550 kilometre y\u00fckseklikte D\u00fcnya y\u00f6r\u00fcngesinde d\u00f6n\u00fcyor. Gece g\u00f6ky\u00fcz\u00fcnde hareket ederken, bu insan yap\u0131m\u0131 el sanatlar\u0131, D\u00fcnya&#039;daki g\u00f6zlemciler i\u00e7in muhte\u015fem bir g\u00f6ky\u00fcz\u00fc g\u00f6sterisi sunuyor.<\/p>\n<p class=\"p1\">G\u00f6ze, SpaceX Starlink uydular\u0131 g\u00f6ky\u00fcz\u00fcnde d\u00fcz bir \u00e7izgide hareket ederken g\u00f6k kubbede bir tren gibi g\u00f6r\u00fcn\u00fcyor. \u015eu anda, nesneler D\u00fcnya&#039;y\u0131 90 dakikal\u0131k aral\u0131klarla y\u00f6r\u00fcngeye oturtuyor. \u00c7\u0131plak g\u00f6zle olduk\u00e7a g\u00f6r\u00fcn\u00fcrler ve onlar\u0131 nerede arayaca\u011f\u0131n\u0131z\u0131 biliyorsan\u0131z, muhte\u015fem bir manzara olu\u015ftururlar. G\u00f6ky\u00fcz\u00fcnde Starlink aramak i\u00e7in bir Uydu \u0130zleyici uygulamas\u0131 (https:\/\/vitotechnology.com\/apps\/satellite-tracker) \u00f6nerilir.<\/p>\n<h2 class=\"p1\">SpaceX&#039;ten canl\u0131 Starlink uydular\u0131n\u0131 takip edin<\/h2>\n<p class=\"p1\">Burada Starlink uydular\u0131n\u0131 g\u00fcn\u00fcn her saatinde ger\u00e7ek zamanl\u0131 olarak takip edebilirsiniz.<\/p>\n<p><iframe loading=\"lazy\" style=\"border: 0px #ffffff none;\" src=\"https:\/\/findstarlink.com\/#2924625;3\" name=\"myiFrame\" width=\"1300px\" height=\"580px\" frameborder=\"1\" marginwidth=\"0px\" marginheight=\"0px\" scrolling=\"no\" allowfullscreen=\"allowfullscreen\"><\/iframe><\/p>\n<h3 class=\"p1\">Starlink&#039;in \u015fu anda ka\u00e7 uydusu var?<\/h3>\n<p class=\"p1\">Eyl\u00fcl 2021&#039;in ilk g\u00fcn\u00fc SpaceX, yakla\u015f\u0131k 4500 uydunun \u00e7evrimi\u00e7i oldu\u011funu bildirdi. Ancak, bir g\u00fcne\u015f f\u0131rt\u0131nas\u0131 nedeniyle, bu el sanatlar\u0131ndan yakla\u015f\u0131k 50&#039;si y\u00f6r\u00fcngeden d\u00fc\u015ft\u00fc. Bir Starlink uydusu yakla\u015f\u0131k 260 kg a\u011f\u0131rl\u0131\u011f\u0131nda ve bir masa b\u00fcy\u00fckl\u00fc\u011f\u00fcndedir. Bir f\u0131rlatmada, Falcom-9 roketi yakla\u015f\u0131k 60 uyduyu y\u00f6r\u00fcngeye ta\u015f\u0131r.<\/p>\n<p class=\"p1\">Bu yapay uzay ara\u00e7lar\u0131n\u0131n \u00e7o\u011fu, geni\u015f bant \u0130nternet ba\u011flant\u0131s\u0131 i\u00e7in kullan\u0131lmaktad\u0131r. Starlink ba\u011flant\u0131s\u0131 i\u00e7in \u00e7anak alma \u00f6zelli\u011fi \u015fu anda ABD ve Kanada&#039;da mevcuttur. Sonraki nesiller i\u00e7in 560 ila 720 kilometre u\u00e7u\u015f irtifas\u0131 planlan\u0131yor.<\/p>\n<h2 class=\"p1\"><strong>ISS&#039;yi ne zaman ve nerede g\u00f6rebilirsiniz?<\/strong><\/h2>\n<p class=\"p1\">Uluslararas\u0131 Uzay \u0130stasyonu (ISS), bir\u00e7ok \u00fclke taraf\u0131ndan i\u015fletilen bir u\u00e7an laboratuvard\u0131r. \u0130stasyon yakla\u015f\u0131k 400 kilometre y\u00fckseklikte u\u00e7uyor ve D\u00fcnya&#039;dan kolayca g\u00f6r\u00fclebiliyor. B\u00fcy\u00fck yap\u0131, gelen g\u00fcne\u015f \u0131\u015f\u0131\u011f\u0131n\u0131 yans\u0131t\u0131r ve g\u00f6ky\u00fcz\u00fcnde parlak bir \u0131\u015f\u0131k noktas\u0131 olarak g\u00f6r\u00fcn\u00fcr. NASA&#039;ya g\u00f6re ISS, gece g\u00f6ky\u00fcz\u00fcnde ay\u0131n yan\u0131ndaki en parlak nesnedir ve bir \u015fehir i\u00e7inde bile g\u00f6zlemlenebilir.<\/p>\n<p class=\"p1\">Dahas\u0131, ISS k\u0131rsal alanlardaki insanlar i\u00e7in harika bir g\u00f6zlem nesnesidir. Uzay istasyonunu tespit etmek, \u00e7\u0131plak g\u00f6zle g\u00f6r\u00fclebilece\u011fi i\u00e7in herhangi bir \u00f6zel ekipman gerektirmez. Sadece onu nerede arayaca\u011f\u0131n\u0131z\u0131 bilmeniz gerekir.<\/p>\n<p class=\"p1\">ISS, 28000 km\/s h\u0131zla hareket eder ve g\u00fcnde 16 D\u00fcnya y\u00f6r\u00fcngesini tamamlar. Uzay istasyonu g\u00fcne\u015f \u0131\u015f\u0131\u011f\u0131n\u0131 yans\u0131tt\u0131\u011f\u0131 i\u00e7in g\u00f6r\u00fclebilir. G\u00fcn boyunca \u00e7ok parlak; en iyi g\u00f6zlem saatleri \u015fafak ve alacakaranl\u0131kt\u0131r.<\/p>\n<h2 class=\"p1\">ISS&#039;nin G\u00fcncel Canl\u0131 konumu<\/h2>\n<p class=\"p1\">Bu uydu haritas\u0131, Uluslararas\u0131 Uzay \u0130stasyonunun tam olarak konumunu ve y\u00fcksekli\u011fini g\u00f6sterir. ISS, gece g\u00f6ky\u00fcz\u00fcnde g\u00f6zlemlenmesi en kolay nesnelerden biridir. Uzay istasyonunun tam olarak nerede oldu\u011funu bilmek istiyorsan\u0131z, uydu radar\u0131n\u0131 kullanmal\u0131s\u0131n\u0131z.<\/p>\n<p class=\"p1\">ISS uzay istasyonunun sanal turu bulunabilir <a href=\"https:\/\/esamultimedia.esa.int\/multimedia\/virtual-tour-iss\/\" target=\"_blank\" rel=\"noopener\">burada<\/a>.<\/p>\n<p class=\"p1\">Burada Uluslararas\u0131 Uzay \u0130stasyonunun (ISS) mevcut konumunu ger\u00e7ek zamanl\u0131 olarak g\u00f6rebilirsiniz.<\/p>\n<p><iframe loading=\"lazy\" style=\"border: 0px #ffffff none;\" src=\"https:\/\/www.lizard-tail.com\/isana\/tracking\/\" name=\"myiFrame\" width=\"1300px\" height=\"580px\" frameborder=\"1\" marginwidth=\"0px\" marginheight=\"0px\" scrolling=\"no\" allowfullscreen=\"allowfullscreen\"><\/iframe><\/p>\n<h3 class=\"p1\">D\u00fcnya&#039;ya en uzak uydu hangisidir?<\/h3>\n<p class=\"p1\">D\u00fcnya&#039;dan en uzak uzay arac\u0131, g\u00fcne\u015f sistemimizi yakla\u015f\u0131k 23 milyar kilometre uzakl\u0131kta b\u0131rakan Voyager 1&#039;dir. Onu, \u015fimdiden 14 milyar kilometre yol kat etmi\u015f olan Voyager 2 takip ediyor. Bu uzay ara\u00e7lar\u0131, optik aletlerin menzilinin \u00f6tesindedir. Yeni Ufuk, g\u00fcne\u015f sistemimizden ayr\u0131lacak ba\u015fka bir uzay arac\u0131d\u0131r.<\/p>\n<p class=\"p1\">bu <a href=\"https:\/\/webb.nasa.gov\/\" target=\"_blank\" rel=\"noopener\">James Webb uzay teleskobu<\/a> di\u011fer uzay ara\u00e7lar\u0131ndan da farkl\u0131d\u0131r. NASA&#039;ya g\u00f6re, Hubble teleskopu, D\u00fcnya&#039;n\u0131n y\u00fczeyinden yakla\u015f\u0131k 570 kilometre y\u00fckseklikte bir y\u00f6r\u00fcngede d\u00f6n\u00fcyor. James-Webb teleskopu, D\u00fcnya&#039;dan Hubble veya di\u011fer uydulardan \u00e7ok daha uzakta konu\u015flanm\u0131\u015ft\u0131r. NASA&#039;n\u0131n en yeni teleskopu, D\u00fcnya&#039;dan 1,5 milyon kilometre uzakl\u0131kta y\u00f6r\u00fcngede \u00e7al\u0131\u015f\u0131yor.<\/p>\n<h2 class=\"p1\">Voyager 1&#039;in \u015fu anki konumu<\/h2>\n<p class=\"p1\">Voyager 1, bir NASA uzay arac\u0131 ve D\u00fcnya&#039;dan en uzak nesnedir, y\u0131ld\u0131zlararas\u0131 uzaya ula\u015fan ilk uzay arac\u0131d\u0131r.<\/p>\n<p><iframe loading=\"lazy\" style=\"border: 0px #ffffff none;\" src=\"https:\/\/eyes.nasa.gov\/apps\/orrery\/#\/sc_voyager_1\" name=\"myiFrame\" width=\"1300px\" height=\"580px\" frameborder=\"1\" marginwidth=\"0px\" marginheight=\"0px\" scrolling=\"no\" allowfullscreen=\"allowfullscreen\"><span data-mce-type=\"bookmark\" style=\"display: inline-block; width: 0px; overflow: hidden; line-height: 0;\" class=\"mce_SELRES_start\"><\/span><\/iframe><br \/>\nKredi: NASA\/JPL-Caltech<\/p>","protected":false},"excerpt":{"rendered":"<p>Uydu Haritas\u0131 \u2013 uydular\u0131 g\u00fcn\u00fcn her saatinde ger\u00e7ek zamanl\u0131 olarak izleyin! A\u00e7\u0131k bir gecede, bir\u00e7ok yapay uydu g\u00f6ky\u00fcz\u00fcnde hareket eder. Yava\u015f hareket eden y\u0131ld\u0131zlara benziyorlar ve parlak bir \u015fekilde parl\u0131yorlar. Normalde ufuktan ufka ge\u00e7meleri ortalama 10 dakika s\u00fcrer. Uluslararas\u0131 Uzay \u0130stasyonu (ISS) ve Hubble Uzay Teleskobu\u2026&nbsp;<a href=\"https:\/\/weather-radar24.com\/tr\/uydu-haritasi\/\" rel=\"bookmark\">Read More &raquo;<span class=\"screen-reader-text\">Uydu Haritas\u0131<\/span><\/a><\/p>","protected":false},"author":1,"featured_media":132,"parent":0,"menu_order":0,"comment_status":"closed","ping_status":"closed","template":"","meta":{"neve_meta_sidebar":"","neve_meta_container":"","neve_meta_enable_content_width":"off","neve_meta_content_width":100,"neve_meta_title_alignment":"","neve_meta_author_avatar":"","neve_post_elements_order":"","neve_meta_disable_header":"","neve_meta_disable_footer":"","neve_meta_disable_title":"on","neve_meta_reading_time":"","footnotes":""},"class_list":["post-83","page","type-page","status-publish","has-post-thumbnail","hentry"],"yoast_head":"<!-- This site is optimized with the Yoast SEO plugin v27.3 - https:\/\/yoast.com\/product\/yoast-seo-wordpress\/ -->\n<title>Satellite Map - watch satellites around the clock in real-time!<\/title>\n<meta name=\"description\" content=\"This satellite Map shows the exact position and altitude of the International Space Station (ISS) and Starlink satellites from SpaceX\" \/>\n<meta name=\"robots\" content=\"index, follow, max-snippet:-1, max-image-preview:large, max-video-preview:-1\" \/>\n<link rel=\"canonical\" href=\"https:\/\/weather-radar24.com\/tr\/uydu-haritasi\/\" \/>\n<meta property=\"og:locale\" content=\"tr_TR\" \/>\n<meta property=\"og:type\" content=\"article\" \/>\n<meta property=\"og:title\" content=\"Satellite Map - watch satellites around the clock in real-time!\" \/>\n<meta property=\"og:description\" content=\"This satellite Map shows the exact position and altitude of the International Space Station (ISS) and Starlink satellites from SpaceX\" \/>\n<meta property=\"og:url\" content=\"https:\/\/weather-radar24.com\/tr\/uydu-haritasi\/\" \/>\n<meta property=\"article:modified_time\" content=\"2022-08-19T19:41:25+00:00\" \/>\n<meta property=\"og:image\" content=\"https:\/\/weather-radar24.com\/wp-content\/uploads\/2022\/08\/satellite-g443ef3dfb_640.jpeg\" \/>\n\t<meta property=\"og:image:width\" content=\"640\" \/>\n\t<meta property=\"og:image:height\" content=\"423\" \/>\n\t<meta property=\"og:image:type\" content=\"image\/jpeg\" \/>\n<meta name=\"twitter:card\" content=\"summary_large_image\" \/>\n<meta name=\"twitter:label1\" content=\"Tahmini okuma s\u00fcresi\" \/>\n\t<meta name=\"twitter:data1\" content=\"7 dakika\" \/>\n<script type=\"application\/ld+json\" class=\"yoast-schema-graph\">{\"@context\":\"https:\\\/\\\/schema.org\",\"@graph\":[{\"@type\":\"WebPage\",\"@id\":\"https:\\\/\\\/weather-radar24.com\\\/satellite-map\\\/\",\"url\":\"https:\\\/\\\/weather-radar24.com\\\/satellite-map\\\/\",\"name\":\"Satellite Map - watch satellites around the clock in real-time!\",\"isPartOf\":{\"@id\":\"https:\\\/\\\/weather-radar24.com\\\/#website\"},\"primaryImageOfPage\":{\"@id\":\"https:\\\/\\\/weather-radar24.com\\\/satellite-map\\\/#primaryimage\"},\"image\":{\"@id\":\"https:\\\/\\\/weather-radar24.com\\\/satellite-map\\\/#primaryimage\"},\"thumbnailUrl\":\"https:\\\/\\\/weather-radar24.com\\\/wp-content\\\/uploads\\\/2022\\\/08\\\/satellite-g443ef3dfb_640.jpeg\",\"datePublished\":\"2022-08-19T17:55:15+00:00\",\"dateModified\":\"2022-08-19T19:41:25+00:00\",\"description\":\"This satellite Map shows the exact position and altitude of the International Space Station (ISS) and Starlink satellites from SpaceX\",\"breadcrumb\":{\"@id\":\"https:\\\/\\\/weather-radar24.com\\\/satellite-map\\\/#breadcrumb\"},\"inLanguage\":\"tr\",\"potentialAction\":[{\"@type\":\"ReadAction\",\"target\":[\"https:\\\/\\\/weather-radar24.com\\\/satellite-map\\\/\"]}]},{\"@type\":\"ImageObject\",\"inLanguage\":\"tr\",\"@id\":\"https:\\\/\\\/weather-radar24.com\\\/satellite-map\\\/#primaryimage\",\"url\":\"https:\\\/\\\/weather-radar24.com\\\/wp-content\\\/uploads\\\/2022\\\/08\\\/satellite-g443ef3dfb_640.jpeg\",\"contentUrl\":\"https:\\\/\\\/weather-radar24.com\\\/wp-content\\\/uploads\\\/2022\\\/08\\\/satellite-g443ef3dfb_640.jpeg\",\"width\":640,\"height\":423,\"caption\":\"Satellite Map\"},{\"@type\":\"BreadcrumbList\",\"@id\":\"https:\\\/\\\/weather-radar24.com\\\/satellite-map\\\/#breadcrumb\",\"itemListElement\":[{\"@type\":\"ListItem\",\"position\":1,\"name\":\"Startseite\",\"item\":\"https:\\\/\\\/weather-radar24.com\\\/\"},{\"@type\":\"ListItem\",\"position\":2,\"name\":\"Satellite Map\"}]},{\"@type\":\"WebSite\",\"@id\":\"https:\\\/\\\/weather-radar24.com\\\/#website\",\"url\":\"https:\\\/\\\/weather-radar24.com\\\/\",\"name\":\"\",\"description\":\"\",\"potentialAction\":[{\"@type\":\"SearchAction\",\"target\":{\"@type\":\"EntryPoint\",\"urlTemplate\":\"https:\\\/\\\/weather-radar24.com\\\/?s={search_term_string}\"},\"query-input\":{\"@type\":\"PropertyValueSpecification\",\"valueRequired\":true,\"valueName\":\"search_term_string\"}}],\"inLanguage\":\"tr\"}]}<\/script>\n<!-- \/ Yoast SEO plugin. -->","yoast_head_json":{"title":"Uydu Haritas\u0131 - uydular\u0131 g\u00fcn\u00fcn her saatinde ger\u00e7ek zamanl\u0131 olarak izleyin!","description":"Bu uydu Haritas\u0131, Uluslararas\u0131 Uzay \u0130stasyonu (ISS) ve SpaceX&#039;ten gelen Starlink uydular\u0131n\u0131n tam konumunu ve y\u00fcksekli\u011fini g\u00f6sterir.","robots":{"index":"index","follow":"follow","max-snippet":"max-snippet:-1","max-image-preview":"max-image-preview:large","max-video-preview":"max-video-preview:-1"},"canonical":"https:\/\/weather-radar24.com\/tr\/uydu-haritasi\/","og_locale":"tr_TR","og_type":"article","og_title":"Satellite Map - watch satellites around the clock in real-time!","og_description":"This satellite Map shows the exact position and altitude of the International Space Station (ISS) and Starlink satellites from SpaceX","og_url":"https:\/\/weather-radar24.com\/tr\/uydu-haritasi\/","article_modified_time":"2022-08-19T19:41:25+00:00","og_image":[{"width":640,"height":423,"url":"https:\/\/weather-radar24.com\/wp-content\/uploads\/2022\/08\/satellite-g443ef3dfb_640.jpeg","type":"image\/jpeg"}],"twitter_card":"summary_large_image","twitter_misc":{"Tahmini okuma s\u00fcresi":"7 dakika"},"schema":{"@context":"https:\/\/schema.org","@graph":[{"@type":"WebPage","@id":"https:\/\/weather-radar24.com\/satellite-map\/","url":"https:\/\/weather-radar24.com\/satellite-map\/","name":"Uydu Haritas\u0131 - uydular\u0131 g\u00fcn\u00fcn her saatinde ger\u00e7ek zamanl\u0131 olarak izleyin!","isPartOf":{"@id":"https:\/\/weather-radar24.com\/#website"},"primaryImageOfPage":{"@id":"https:\/\/weather-radar24.com\/satellite-map\/#primaryimage"},"image":{"@id":"https:\/\/weather-radar24.com\/satellite-map\/#primaryimage"},"thumbnailUrl":"https:\/\/weather-radar24.com\/wp-content\/uploads\/2022\/08\/satellite-g443ef3dfb_640.jpeg","datePublished":"2022-08-19T17:55:15+00:00","dateModified":"2022-08-19T19:41:25+00:00","description":"Bu uydu Haritas\u0131, Uluslararas\u0131 Uzay \u0130stasyonu (ISS) ve SpaceX&#039;ten gelen Starlink uydular\u0131n\u0131n tam konumunu ve y\u00fcksekli\u011fini g\u00f6sterir.","breadcrumb":{"@id":"https:\/\/weather-radar24.com\/satellite-map\/#breadcrumb"},"inLanguage":"tr","potentialAction":[{"@type":"ReadAction","target":["https:\/\/weather-radar24.com\/satellite-map\/"]}]},{"@type":"ImageObject","inLanguage":"tr","@id":"https:\/\/weather-radar24.com\/satellite-map\/#primaryimage","url":"https:\/\/weather-radar24.com\/wp-content\/uploads\/2022\/08\/satellite-g443ef3dfb_640.jpeg","contentUrl":"https:\/\/weather-radar24.com\/wp-content\/uploads\/2022\/08\/satellite-g443ef3dfb_640.jpeg","width":640,"height":423,"caption":"Satellite Map"},{"@type":"BreadcrumbList","@id":"https:\/\/weather-radar24.com\/satellite-map\/#breadcrumb","itemListElement":[{"@type":"ListItem","position":1,"name":"Startseite","item":"https:\/\/weather-radar24.com\/"},{"@type":"ListItem","position":2,"name":"Satellite Map"}]},{"@type":"WebSite","@id":"https:\/\/weather-radar24.com\/#website","url":"https:\/\/weather-radar24.com\/","name":"","description":"","potentialAction":[{"@type":"SearchAction","target":{"@type":"EntryPoint","urlTemplate":"https:\/\/weather-radar24.com\/?s={search_term_string}"},"query-input":{"@type":"PropertyValueSpecification","valueRequired":true,"valueName":"search_term_string"}}],"inLanguage":"tr"}]}},"_links":{"self":[{"href":"https:\/\/weather-radar24.com\/tr\/wp-json\/wp\/v2\/pages\/83","targetHints":{"allow":["GET"]}}],"collection":[{"href":"https:\/\/weather-radar24.com\/tr\/wp-json\/wp\/v2\/pages"}],"about":[{"href":"https:\/\/weather-radar24.com\/tr\/wp-json\/wp\/v2\/types\/page"}],"author":[{"embeddable":true,"href":"https:\/\/weather-radar24.com\/tr\/wp-json\/wp\/v2\/users\/1"}],"replies":[{"embeddable":true,"href":"https:\/\/weather-radar24.com\/tr\/wp-json\/wp\/v2\/comments?post=83"}],"version-history":[{"count":5,"href":"https:\/\/weather-radar24.com\/tr\/wp-json\/wp\/v2\/pages\/83\/revisions"}],"predecessor-version":[{"id":134,"href":"https:\/\/weather-radar24.com\/tr\/wp-json\/wp\/v2\/pages\/83\/revisions\/134"}],"wp:featuredmedia":[{"embeddable":true,"href":"https:\/\/weather-radar24.com\/tr\/wp-json\/wp\/v2\/media\/132"}],"wp:attachment":[{"href":"https:\/\/weather-radar24.com\/tr\/wp-json\/wp\/v2\/media?parent=83"}],"curies":[{"name":"wp","href":"https:\/\/api.w.org\/{rel}","templated":true}]}}