{"id":86,"date":"2022-08-19T01:26:27","date_gmt":"2022-08-18T23:26:27","guid":{"rendered":"https:\/\/weather-radar24.com\/?page_id=86"},"modified":"2022-09-07T18:02:00","modified_gmt":"2022-09-07T16:02:00","slug":"hurricane-tracker","status":"publish","type":"page","link":"https:\/\/weather-radar24.com\/tr\/kasirga-izci\/","title":{"rendered":"Kas\u0131rga \u0130zleyici"},"content":{"rendered":"<h1>Kas\u0131rga \u0130zleyici Canl\u0131 Haritas\u0131<\/h1>\n<p>En son kas\u0131rgalar\u0131n nerede oldu\u011funu, ne kadar b\u00fcy\u00fck veya g\u00fc\u00e7l\u00fc olabileceklerini ve hareket ettikleri y\u00f6n\u00fc hi\u00e7 merak ettiniz mi? Bu, d\u00fc\u015f\u00fcnd\u00fc\u011f\u00fcn\u00fcz bir \u015feyse, benzersiz kas\u0131rga izleyici \u00fccretsiz arac\u0131m\u0131z tam da ihtiyac\u0131n\u0131z olan se\u00e7enek olabilir. En b\u00fcy\u00fck ve en tehlikeli olanlar\u0131 takip etmek i\u00e7in basit bir \u00e7\u00f6z\u00fcm sunar. <a href=\"https:\/\/weather-radar24.com\/tr\/firtina-radari\/\">mevcut f\u0131rt\u0131nalar<\/a> ve kas\u0131rgalar!<\/p>\n<p><iframe loading=\"lazy\" src=\"https:\/\/embed.windy.com\/embed2.html?lat=36.161&amp;lon=-98.080&amp;detailLat=36.161&amp;detailLon=-98.080&amp;width=650&amp;height=450&amp;zoom=4&amp;level=surface&amp;overlay=wind&amp;product=ecmwf&amp;menu=&amp;message=true&amp;marker=&amp;calendar=24&amp;pressure=&amp;type=map&amp;location=coordinates&amp;detail=&amp;metricWind=mph&amp;metricTemp=%C2%B0F&amp;radarRange=-1\" width=\"100%\" height=\"600\" frameborder=\"0\" data-dashlane-frameid=\"404\"><\/iframe><\/p>\n<p style=\"text-align: center;\"><strong>\u0130zlemek istedi\u011finiz f\u0131rt\u0131nay\u0131 bulmak i\u00e7in haritay\u0131 hareket ettirin.<\/strong><\/p>\n<h3>Atlantik Tropik Siklon Riski<\/h3>\n<p><img loading=\"lazy\" decoding=\"async\" class=\"aligncenter\" src=\"https:\/\/www.nhc.noaa.gov\/xgtwo\/two_atl_0d0.png?021757\" alt=\"\" width=\"900\" height=\"601\" \/><\/p>\n<h3>Do\u011fu Pasifik Tropik Siklon Riski<\/h3>\n<p><img loading=\"lazy\" decoding=\"async\" class=\"aligncenter\" src=\"https:\/\/www.nhc.noaa.gov\/xgtwo\/two_pac_0d0.png?021743\" alt=\"\" width=\"900\" height=\"601\" \/><\/p>\n<h3>Hint Okyanusu Tropik F\u0131rt\u0131na Riski<\/h3>\n<p><img loading=\"lazy\" decoding=\"async\" class=\"alignnone\" src=\"https:\/\/www.metoc.navy.mil\/jtwc\/products\/abpwsair.jpg\" alt=\"JTWC&#039;den Hint Okyanusu Tropikal Hava G\u00f6r\u00fcn\u00fcm\u00fc\" width=\"2100\" height=\"1500\" \/><\/p>\n<h2 class=\"p4\">Kas\u0131rga nedir?<span class=\"Apple-converted-space\">\u00a0<\/span><\/h2>\n<p class=\"p5\">Bir kas\u0131rga, en basit haliyle, genellikle &quot;f\u0131rt\u0131nan\u0131n g\u00f6z\u00fc&quot; olarak adland\u0131r\u0131lan merkezi bir nokta etraf\u0131nda h\u0131zla d\u00f6nen bir f\u0131rt\u0131na sistemidir. Bir kas\u0131rga s\u0131ras\u0131nda, yo\u011fun <a href=\"https:\/\/weather-radar24.com\/tr\/ruzgar-radari\/\">r\u00fczg\u00e2r<\/a> h\u0131zlara genellikle zay\u0131f atmosferik sirk\u00fclasyon ve f\u0131rt\u0131nalar e\u015flik eder.<span class=\"Apple-converted-space\">\u00a0<\/span><\/p>\n<h2 class=\"p6\">En K\u00f6t\u00fc 21<span class=\"s2\"><sup>Aziz<\/sup><\/span> Y\u00fczy\u0131l K\u00fcresel Kas\u0131rgalar\u0131<\/h2>\n<p class=\"p5\">Kas\u0131rgalar\u0131n \u015fiddeti de\u011fi\u015fir. Ancak, en k\u00f6t\u00fc ve en g\u00fc\u00e7l\u00fc 21<span class=\"s3\"><sup>Aziz<\/sup><\/span> D\u00fcnyay\u0131 s\u00fcsleyen y\u00fczy\u0131l kas\u0131rgalar\u0131 aras\u0131nda 1996&#039;da Lili Kas\u0131rgas\u0131, 2004&#039;te Karl Kas\u0131rgas\u0131, 2016&#039;da Nicola Kas\u0131rgas\u0131, 2001&#039;de Olga Kas\u0131rgas\u0131, 2005&#039;te Katrina Kas\u0131rgas\u0131, 2018&#039;de Floransa Kas\u0131rgas\u0131 ve <a href=\"https:\/\/edition.cnn.com\/specials\/hurricane-irma\" target=\"_blank\" rel=\"noopener\">Irma kas\u0131rgas\u0131<\/a> 2016 y\u0131l\u0131nda.<span class=\"Apple-converted-space\">\u00a0<\/span><\/p>\n<p class=\"p3\">Bunlar\u0131n her biri ard\u0131nda b\u00fcy\u00fck bir y\u0131k\u0131m b\u0131rakt\u0131. Bu nedenle, bir\u00e7ok ki\u015fi art\u0131k bir sonraki ad\u0131mlar\u0131n\u0131 planlamak i\u00e7in kas\u0131rga izleyici \u00fccretsiz ara\u00e7lara g\u00fcveniyor (ve muhtemelen yolda k\u00f6t\u00fc bir kas\u0131rga varsa b\u00f6lgeden \u00e7\u0131k\u0131n).<\/p>\n<h3 class=\"p4\">Hurricane Tracker \u00dccretsiz Arac\u0131m\u0131z\u0131 Kullanma<\/h3>\n<p class=\"p5\">Kas\u0131rga izleyici \u00fccretsiz canl\u0131 harita arac\u0131m\u0131z\u0131 kullanmay\u0131 denemek isterseniz, haritay\u0131 odaklanmak istedi\u011finiz yere s\u00fcr\u00fcklemeniz yeterlidir. Bu, herhangi bir b\u00f6lge i\u00e7in r\u00fczgar h\u0131zlar\u0131n\u0131 ve r\u00fczgar y\u00f6nlerini g\u00f6rmenizi sa\u011flar. Alternatif olarak, gelecekteki bir kas\u0131rga haritas\u0131 tahminine bakmak i\u00e7in haritan\u0131n taban\u0131ndaki kayd\u0131r\u0131c\u0131y\u0131 kullan\u0131n, b\u00f6ylece yolunuza \u00e7\u0131kan herhangi bir olumsuz hava i\u00e7in \u00f6nceden plan yapabilirsiniz!<\/p>\n<p>Kontrol <a href=\"https:\/\/weather-radar24.com\/tr\/\">burada<\/a> mevcut hava durumu i\u00e7in.<\/p>","protected":false},"excerpt":{"rendered":"<p>Hurricane Tracker Live Map Have you ever wondered where the latest hurricanes are, how large or strong they might be, and the direction in which they\u2019re moving? If this is something you have been considering, our unique hurricane tracker free tool might be just the option you need. It provides a simple solution to keep&hellip;&nbsp;<a href=\"https:\/\/weather-radar24.com\/tr\/kasirga-izci\/\" rel=\"bookmark\">Read More &raquo;<span class=\"screen-reader-text\">Kas\u0131rga \u0130zleyici<\/span><\/a><\/p>","protected":false},"author":1,"featured_media":130,"parent":0,"menu_order":0,"comment_status":"closed","ping_status":"closed","template":"","meta":{"neve_meta_sidebar":"","neve_meta_container":"","neve_meta_enable_content_width":"off","neve_meta_content_width":100,"neve_meta_title_alignment":"","neve_meta_author_avatar":"","neve_post_elements_order":"","neve_meta_disable_header":"","neve_meta_disable_footer":"","neve_meta_disable_title":"on","neve_meta_reading_time":"","footnotes":""},"class_list":["post-86","page","type-page","status-publish","has-post-thumbnail","hentry"],"yoast_head":"<!-- This site is optimized with the Yoast SEO plugin v26.6 - https:\/\/yoast.com\/wordpress\/plugins\/seo\/ -->\n<title>Hurricane Tracker - Tornado - Typhoon, Live Map<\/title>\n<meta name=\"description\" content=\"Hurricane Tracker \u2713 Includes tracking map, live radar- Track the current wind force, wind speed and wind forecast for the next few days.\" \/>\n<meta name=\"robots\" content=\"index, follow, max-snippet:-1, max-image-preview:large, max-video-preview:-1\" \/>\n<link rel=\"canonical\" href=\"https:\/\/weather-radar24.com\/tr\/kasirga-izci\/\" \/>\n<meta property=\"og:locale\" content=\"tr_TR\" \/>\n<meta property=\"og:type\" content=\"article\" \/>\n<meta property=\"og:title\" content=\"Hurricane Tracker - Tornado - Typhoon, Live Map\" \/>\n<meta property=\"og:description\" content=\"Hurricane Tracker \u2713 Includes tracking map, live radar- Track the current wind force, wind speed and wind forecast for the next few days.\" \/>\n<meta property=\"og:url\" content=\"https:\/\/weather-radar24.com\/tr\/kasirga-izci\/\" \/>\n<meta property=\"article:modified_time\" content=\"2022-09-07T16:02:00+00:00\" \/>\n<meta property=\"og:image\" content=\"https:\/\/weather-radar24.com\/wp-content\/uploads\/2022\/08\/Bildschirmfoto-2022-08-18-um-13.15.21-1.png\" \/>\n\t<meta property=\"og:image:width\" content=\"363\" \/>\n\t<meta property=\"og:image:height\" content=\"277\" \/>\n\t<meta property=\"og:image:type\" content=\"image\/png\" \/>\n<meta name=\"twitter:card\" content=\"summary_large_image\" \/>\n<meta name=\"twitter:label1\" content=\"Tahmini okuma s\u00fcresi\" \/>\n\t<meta name=\"twitter:data1\" content=\"2 dakika\" \/>\n<script type=\"application\/ld+json\" class=\"yoast-schema-graph\">{\"@context\":\"https:\/\/schema.org\",\"@graph\":[{\"@type\":\"WebPage\",\"@id\":\"https:\/\/weather-radar24.com\/hurricane-tracker\/\",\"url\":\"https:\/\/weather-radar24.com\/hurricane-tracker\/\",\"name\":\"Hurricane Tracker - Tornado - Typhoon, Live Map\",\"isPartOf\":{\"@id\":\"https:\/\/weather-radar24.com\/#website\"},\"primaryImageOfPage\":{\"@id\":\"https:\/\/weather-radar24.com\/hurricane-tracker\/#primaryimage\"},\"image\":{\"@id\":\"https:\/\/weather-radar24.com\/hurricane-tracker\/#primaryimage\"},\"thumbnailUrl\":\"https:\/\/weather-radar24.com\/wp-content\/uploads\/2022\/08\/Bildschirmfoto-2022-08-18-um-13.15.21-1.png\",\"datePublished\":\"2022-08-18T23:26:27+00:00\",\"dateModified\":\"2022-09-07T16:02:00+00:00\",\"description\":\"Hurricane Tracker \u2713 Includes tracking map, live radar- Track the current wind force, wind speed and wind forecast for the next few days.\",\"breadcrumb\":{\"@id\":\"https:\/\/weather-radar24.com\/hurricane-tracker\/#breadcrumb\"},\"inLanguage\":\"tr\",\"potentialAction\":[{\"@type\":\"ReadAction\",\"target\":[\"https:\/\/weather-radar24.com\/hurricane-tracker\/\"]}]},{\"@type\":\"ImageObject\",\"inLanguage\":\"tr\",\"@id\":\"https:\/\/weather-radar24.com\/hurricane-tracker\/#primaryimage\",\"url\":\"https:\/\/weather-radar24.com\/wp-content\/uploads\/2022\/08\/Bildschirmfoto-2022-08-18-um-13.15.21-1.png\",\"contentUrl\":\"https:\/\/weather-radar24.com\/wp-content\/uploads\/2022\/08\/Bildschirmfoto-2022-08-18-um-13.15.21-1.png\",\"width\":363,\"height\":277,\"caption\":\"Hurrikan-Tracker\"},{\"@type\":\"BreadcrumbList\",\"@id\":\"https:\/\/weather-radar24.com\/hurricane-tracker\/#breadcrumb\",\"itemListElement\":[{\"@type\":\"ListItem\",\"position\":1,\"name\":\"Startseite\",\"item\":\"https:\/\/weather-radar24.com\/\"},{\"@type\":\"ListItem\",\"position\":2,\"name\":\"Hurricane Tracker\"}]},{\"@type\":\"WebSite\",\"@id\":\"https:\/\/weather-radar24.com\/#website\",\"url\":\"https:\/\/weather-radar24.com\/\",\"name\":\"\",\"description\":\"\",\"potentialAction\":[{\"@type\":\"SearchAction\",\"target\":{\"@type\":\"EntryPoint\",\"urlTemplate\":\"https:\/\/weather-radar24.com\/?s={search_term_string}\"},\"query-input\":{\"@type\":\"PropertyValueSpecification\",\"valueRequired\":true,\"valueName\":\"search_term_string\"}}],\"inLanguage\":\"tr\"}]}<\/script>\n<!-- \/ Yoast SEO plugin. -->","yoast_head_json":{"title":"Hurricane Tracker - Tornado - Tayfun, Canl\u0131 Harita","description":"Hurricane Tracker \u2713 \u0130zleme haritas\u0131, canl\u0131 radar i\u00e7erir- \u00d6n\u00fcm\u00fczdeki birka\u00e7 g\u00fcn i\u00e7in mevcut r\u00fczgar kuvvetini, r\u00fczgar h\u0131z\u0131n\u0131 ve r\u00fczgar tahminini takip edin.","robots":{"index":"index","follow":"follow","max-snippet":"max-snippet:-1","max-image-preview":"max-image-preview:large","max-video-preview":"max-video-preview:-1"},"canonical":"https:\/\/weather-radar24.com\/tr\/kasirga-izci\/","og_locale":"tr_TR","og_type":"article","og_title":"Hurricane Tracker - Tornado - Typhoon, Live Map","og_description":"Hurricane Tracker \u2713 Includes tracking map, live radar- Track the current wind force, wind speed and wind forecast for the next few days.","og_url":"https:\/\/weather-radar24.com\/tr\/kasirga-izci\/","article_modified_time":"2022-09-07T16:02:00+00:00","og_image":[{"width":363,"height":277,"url":"https:\/\/weather-radar24.com\/wp-content\/uploads\/2022\/08\/Bildschirmfoto-2022-08-18-um-13.15.21-1.png","type":"image\/png"}],"twitter_card":"summary_large_image","twitter_misc":{"Tahmini okuma s\u00fcresi":"2 dakika"},"schema":{"@context":"https:\/\/schema.org","@graph":[{"@type":"WebPage","@id":"https:\/\/weather-radar24.com\/hurricane-tracker\/","url":"https:\/\/weather-radar24.com\/hurricane-tracker\/","name":"Hurricane Tracker - Tornado - Tayfun, Canl\u0131 Harita","isPartOf":{"@id":"https:\/\/weather-radar24.com\/#website"},"primaryImageOfPage":{"@id":"https:\/\/weather-radar24.com\/hurricane-tracker\/#primaryimage"},"image":{"@id":"https:\/\/weather-radar24.com\/hurricane-tracker\/#primaryimage"},"thumbnailUrl":"https:\/\/weather-radar24.com\/wp-content\/uploads\/2022\/08\/Bildschirmfoto-2022-08-18-um-13.15.21-1.png","datePublished":"2022-08-18T23:26:27+00:00","dateModified":"2022-09-07T16:02:00+00:00","description":"Hurricane Tracker \u2713 \u0130zleme haritas\u0131, canl\u0131 radar i\u00e7erir- \u00d6n\u00fcm\u00fczdeki birka\u00e7 g\u00fcn i\u00e7in mevcut r\u00fczgar kuvvetini, r\u00fczgar h\u0131z\u0131n\u0131 ve r\u00fczgar tahminini takip edin.","breadcrumb":{"@id":"https:\/\/weather-radar24.com\/hurricane-tracker\/#breadcrumb"},"inLanguage":"tr","potentialAction":[{"@type":"ReadAction","target":["https:\/\/weather-radar24.com\/hurricane-tracker\/"]}]},{"@type":"ImageObject","inLanguage":"tr","@id":"https:\/\/weather-radar24.com\/hurricane-tracker\/#primaryimage","url":"https:\/\/weather-radar24.com\/wp-content\/uploads\/2022\/08\/Bildschirmfoto-2022-08-18-um-13.15.21-1.png","contentUrl":"https:\/\/weather-radar24.com\/wp-content\/uploads\/2022\/08\/Bildschirmfoto-2022-08-18-um-13.15.21-1.png","width":363,"height":277,"caption":"Hurrikan-Tracker"},{"@type":"BreadcrumbList","@id":"https:\/\/weather-radar24.com\/hurricane-tracker\/#breadcrumb","itemListElement":[{"@type":"ListItem","position":1,"name":"Startseite","item":"https:\/\/weather-radar24.com\/"},{"@type":"ListItem","position":2,"name":"Hurricane Tracker"}]},{"@type":"WebSite","@id":"https:\/\/weather-radar24.com\/#website","url":"https:\/\/weather-radar24.com\/","name":"","description":"","potentialAction":[{"@type":"SearchAction","target":{"@type":"EntryPoint","urlTemplate":"https:\/\/weather-radar24.com\/?s={search_term_string}"},"query-input":{"@type":"PropertyValueSpecification","valueRequired":true,"valueName":"search_term_string"}}],"inLanguage":"tr"}]}},"_links":{"self":[{"href":"https:\/\/weather-radar24.com\/tr\/wp-json\/wp\/v2\/pages\/86","targetHints":{"allow":["GET"]}}],"collection":[{"href":"https:\/\/weather-radar24.com\/tr\/wp-json\/wp\/v2\/pages"}],"about":[{"href":"https:\/\/weather-radar24.com\/tr\/wp-json\/wp\/v2\/types\/page"}],"author":[{"embeddable":true,"href":"https:\/\/weather-radar24.com\/tr\/wp-json\/wp\/v2\/users\/1"}],"replies":[{"embeddable":true,"href":"https:\/\/weather-radar24.com\/tr\/wp-json\/wp\/v2\/comments?post=86"}],"version-history":[{"count":10,"href":"https:\/\/weather-radar24.com\/tr\/wp-json\/wp\/v2\/pages\/86\/revisions"}],"predecessor-version":[{"id":207,"href":"https:\/\/weather-radar24.com\/tr\/wp-json\/wp\/v2\/pages\/86\/revisions\/207"}],"wp:featuredmedia":[{"embeddable":true,"href":"https:\/\/weather-radar24.com\/tr\/wp-json\/wp\/v2\/media\/130"}],"wp:attachment":[{"href":"https:\/\/weather-radar24.com\/tr\/wp-json\/wp\/v2\/media?parent=86"}],"curies":[{"name":"wp","href":"https:\/\/api.w.org\/{rel}","templated":true}]}}